{"id":3356,"date":"2024-01-19T07:01:00","date_gmt":"2024-01-19T06:01:00","guid":{"rendered":"https:\/\/www.manukahoney.eu\/?post_type=product&#038;p=3356"},"modified":"2026-02-17T13:51:01","modified_gmt":"2026-02-17T12:51:01","slug":"snappaks","status":"publish","type":"product","link":"https:\/\/www.manukanewzealand.com\/es\/product\/snappaks\/","title":{"rendered":"Miel de Manuka MGO 100+ Snappaks"},"content":{"rendered":"<h1>MNZ Miel de Manuka MGO 100+ Snappaks: energ\u00eda monofloral cruda para llevar<\/h1>\n<p><strong>MNZ MGO 100+ Snappaks<\/strong> contener premium <strong>Miel de Manuka monofloral cruda<\/strong> con un m\u00ednimo garantizado de <strong>100 mg\/kg de metilglioxal (MGO)<\/strong>. Porciones perfectas para el uso diario, el deporte, los viajes o cualquier momento en el que necesites un aporte r\u00e1pido y natural de energ\u00eda.<\/p>\n<p><strong>Contenido:<\/strong> 10 sobres de 5 gramos (total 50 g)<\/p>\n<h2>\u00bfPor qu\u00e9 elegir MNZ MGO 100+ Snappaks?<\/h2>\n<p>MNZ es sin\u00f3nimo de pureza, transparencia y origen neozeland\u00e9s de confianza. Esta miel de Manuka se obtiene exclusivamente del n\u00e9ctar de la flor de Manuka y se clasifica cuidadosamente seg\u00fan la reconocida norma MGO.<\/p>\n<p>El MGO es el compuesto natural que hace que la miel de Manuka sea tan especial. Con un contenido garantizado de MGO 100+, estos Snappaks ofrecen una calidad accesible y confiable en un pr\u00e1ctico formato monodosis.<\/p>\n<p>La miel es 100% cruda, sin filtrar y sin pasteurizar, lo que le permite conservar su sabor y caracter\u00edsticas naturales. Las bolsitas compactas son f\u00e1ciles de llevar y de usar, ideales para deportistas, viajeros, jornadas laborales ajetreadas o como peque\u00f1o tentempi\u00e9 natural.<\/p>\n<p>Nuestras colmenas se encuentran en regiones remotas y v\u00edrgenes de Nueva Zelanda. Cada lote se somete a pruebas de laboratorio independientes para confirmar su nivel de MGO y su condici\u00f3n de monofloral. El nombre MNZ y el sello dorado MGO son sin\u00f3nimo de autenticidad y calidad constante.<\/p>\n<ul>\n<li>10 pr\u00e1cticos Snappaks de 5 g<\/li>\n<li>Miel de Manuka monofloral cruda<\/li>\n<li>MGO m\u00ednimo garantizado 100+<\/li>\n<li>100% puro, sin filtrar y sin pasteurizar.<\/li>\n<li>Ideal para practicar deporte, viajar o para el uso diario.<\/li>\n<li>Cosechado, envasado y etiquetado en Nueva Zelanda.<\/li>\n<\/ul>\n<h3>Ingredientes<\/h3>\n<p>Miel de Manuka monofloral cruda<\/p>\n<h3>Valores nutricionales por cada 100 g<\/h3>\n<ul>\n<li>Energ\u00eda: 1400 kJ \/ 335 kcal<\/li>\n<li>Grasa: 0,0 g<\/li>\n<li>de los cuales saturados: 0.0 g<\/li>\n<li>Carbohidratos: 82,1 g<\/li>\n<li>de los cuales az\u00facares: 82.1 g<\/li>\n<li>Prote\u00ednas: 0,0 g<\/li>\n<li>Fibra: 0,0 g<\/li>\n<li>Sal: 0,03 g<\/li>\n<\/ul>","protected":false},"excerpt":{"rendered":"<h2>Miel de Manuka monofloral de MNZ<\/h2>\n<p>Disponible en 10 x 5 g.<\/p>\n<p>MNZ \u2013 Miel monofloral de Manuka Snappak<br \/>\nPr\u00e1ctico envase con 5 g cada uno. Miel de Manuka MGO 100+.<\/p>\n<p>Contenido: miel monofloral de manuka.<\/p>\n<p>Valor nutricional por cada 100 g: 1400 kJ \/ 335 kcal, 0,0 g de prote\u00ednas, 0,0 g de grasas, 82,1 g de carbohidratos, de los cuales 82,1 g son az\u00facares, 0 g de fibra y 0,03 g de sal.<\/p>","protected":false},"featured_media":35198,"comment_status":"closed","ping_status":"closed","template":"","meta":[],"product_brand":[],"product_cat":[113],"product_tag":[],"class_list":{"0":"post-3356","1":"product","2":"type-product","3":"status-publish","4":"has-post-thumbnail","6":"product_cat-uncategorized","8":"first","9":"instock","10":"taxable","11":"shipping-taxable","12":"purchasable","13":"product-type-simple"},"yoast_head":"<!-- This site is optimized with the Yoast SEO plugin v27.3 - https:\/\/yoast.com\/product\/yoast-seo-wordpress\/ -->\n<title>MNZ Manuka Honey Snappaks MGO 100+ 10 x 5 g | Raw Monofloral Manuka Honey New Zealand<\/title>\n<meta name=\"description\" content=\"Raw monofloral Manuka honey Snappaks with guaranteed MGO 100+ (10 x 5 g). Unfiltered, unpasteurised and batch tested. Perfect for sport, travel and daily use.\" \/>\n<meta name=\"robots\" content=\"index, follow, max-snippet:-1, max-image-preview:large, max-video-preview:-1\" \/>\n<link rel=\"canonical\" href=\"https:\/\/www.manukanewzealand.com\/es\/product\/snappaks\/\" \/>\n<meta property=\"og:locale\" content=\"es_MX\" \/>\n<meta property=\"og:type\" content=\"article\" \/>\n<meta property=\"og:title\" content=\"MNZ Manuka Honey Snappaks MGO 100+ 10 x 5 g | Raw Monofloral Manuka Honey New Zealand\" \/>\n<meta property=\"og:description\" content=\"Raw monofloral Manuka honey Snappaks with guaranteed MGO 100+ (10 x 5 g). Unfiltered, unpasteurised and batch tested. Perfect for sport, travel and daily use.\" \/>\n<meta property=\"og:url\" content=\"https:\/\/www.manukanewzealand.com\/es\/product\/snappaks\/\" \/>\n<meta property=\"og:site_name\" content=\"MNZ - Manuka New Zealand - The Best Raw Manuka Honey | Global\" \/>\n<meta property=\"article:modified_time\" content=\"2026-02-17T12:51:01+00:00\" \/>\n<meta property=\"og:image\" content=\"https:\/\/www.manukanewzealand.com\/wp-content\/uploads\/2024\/01\/MNZ-Manuka-Honey-Snappacks.jpg\" \/>\n\t<meta property=\"og:image:width\" content=\"500\" \/>\n\t<meta property=\"og:image:height\" content=\"500\" \/>\n\t<meta property=\"og:image:type\" content=\"image\/jpeg\" \/>\n<meta name=\"twitter:card\" content=\"summary_large_image\" \/>\n<meta name=\"twitter:label1\" content=\"Precio\" \/>\n\t<meta name=\"twitter:data1\" content=\"&euro;22,50 incl. VAT\" \/>\n\t<meta name=\"twitter:label2\" content=\"Availability\" \/>\n\t<meta name=\"twitter:data2\" content=\"In stock\" \/>\n<script type=\"application\/ld+json\" class=\"yoast-schema-graph\">{\"@context\":\"https:\\\/\\\/schema.org\",\"@graph\":[{\"@type\":\"WebPage\",\"@id\":\"https:\\\/\\\/www.manukanewzealand.com\\\/product\\\/snappaks\\\/\",\"url\":\"https:\\\/\\\/www.manukanewzealand.com\\\/product\\\/snappaks\\\/\",\"name\":\"MNZ Manuka Honey Snappaks MGO 100+ 10 x 5 g | Raw Monofloral Manuka Honey New Zealand\",\"isPartOf\":{\"@id\":\"https:\\\/\\\/www.manukanewzealand.com\\\/es\\\/#website\"},\"primaryImageOfPage\":{\"@id\":\"https:\\\/\\\/www.manukanewzealand.com\\\/product\\\/snappaks\\\/#primaryimage\"},\"image\":{\"@id\":\"https:\\\/\\\/www.manukanewzealand.com\\\/product\\\/snappaks\\\/#primaryimage\"},\"thumbnailUrl\":\"https:\\\/\\\/www.manukanewzealand.com\\\/wp-content\\\/uploads\\\/2024\\\/01\\\/MNZ-Manuka-Honey-Snappacks.jpg\",\"datePublished\":\"2024-01-19T06:01:00+00:00\",\"dateModified\":\"2026-02-17T12:51:01+00:00\",\"description\":\"Raw monofloral Manuka honey Snappaks with guaranteed MGO 100+ (10 x 5 g). Unfiltered, unpasteurised and batch tested. Perfect for sport, travel and daily use.\",\"breadcrumb\":{\"@id\":\"https:\\\/\\\/www.manukanewzealand.com\\\/product\\\/snappaks\\\/#breadcrumb\"},\"inLanguage\":\"es\",\"potentialAction\":[{\"@type\":\"ReadAction\",\"target\":[\"https:\\\/\\\/www.manukanewzealand.com\\\/product\\\/snappaks\\\/\"]}]},{\"@type\":\"ImageObject\",\"inLanguage\":\"es\",\"@id\":\"https:\\\/\\\/www.manukanewzealand.com\\\/product\\\/snappaks\\\/#primaryimage\",\"url\":\"https:\\\/\\\/www.manukanewzealand.com\\\/wp-content\\\/uploads\\\/2024\\\/01\\\/MNZ-Manuka-Honey-Snappacks.jpg\",\"contentUrl\":\"https:\\\/\\\/www.manukanewzealand.com\\\/wp-content\\\/uploads\\\/2024\\\/01\\\/MNZ-Manuka-Honey-Snappacks.jpg\",\"width\":500,\"height\":500},{\"@type\":\"BreadcrumbList\",\"@id\":\"https:\\\/\\\/www.manukanewzealand.com\\\/product\\\/snappaks\\\/#breadcrumb\",\"itemListElement\":[{\"@type\":\"ListItem\",\"position\":1,\"name\":\"Home\",\"item\":\"https:\\\/\\\/www.manukanewzealand.com\\\/\"},{\"@type\":\"ListItem\",\"position\":2,\"name\":\"MNZ Products\",\"item\":\"https:\\\/\\\/www.manukanewzealand.com\\\/mnz-products\\\/\"},{\"@type\":\"ListItem\",\"position\":3,\"name\":\"Manuka Honey MGO 100+ Snappaks\"}]},{\"@type\":\"WebSite\",\"@id\":\"https:\\\/\\\/www.manukanewzealand.com\\\/es\\\/#website\",\"url\":\"https:\\\/\\\/www.manukanewzealand.com\\\/es\\\/\",\"name\":\"MNZ - Manuka New Zealand - The Best Raw Manuka Honey | Global\",\"description\":\"\",\"publisher\":{\"@id\":\"https:\\\/\\\/www.manukanewzealand.com\\\/es\\\/#organization\"},\"potentialAction\":[{\"@type\":\"SearchAction\",\"target\":{\"@type\":\"EntryPoint\",\"urlTemplate\":\"https:\\\/\\\/www.manukanewzealand.com\\\/es\\\/?s={search_term_string}\"},\"query-input\":{\"@type\":\"PropertyValueSpecification\",\"valueRequired\":true,\"valueName\":\"search_term_string\"}}],\"inLanguage\":\"es\"},{\"@type\":\"Organization\",\"@id\":\"https:\\\/\\\/www.manukanewzealand.com\\\/es\\\/#organization\",\"name\":\"MNZ - Manuka New Zealand - The Best Raw Manuka Honey | Global\",\"url\":\"https:\\\/\\\/www.manukanewzealand.com\\\/es\\\/\",\"logo\":{\"@type\":\"ImageObject\",\"inLanguage\":\"es\",\"@id\":\"https:\\\/\\\/www.manukanewzealand.com\\\/es\\\/#\\\/schema\\\/logo\\\/image\\\/\",\"url\":\"https:\\\/\\\/www.manukanewzealand.com\\\/wp-content\\\/uploads\\\/2022\\\/11\\\/mnz-logo-200x200-1-1.png\",\"contentUrl\":\"https:\\\/\\\/www.manukanewzealand.com\\\/wp-content\\\/uploads\\\/2022\\\/11\\\/mnz-logo-200x200-1-1.png\",\"width\":200,\"height\":200,\"caption\":\"MNZ - Manuka New Zealand - The Best Raw Manuka Honey | Global\"},\"image\":{\"@id\":\"https:\\\/\\\/www.manukanewzealand.com\\\/es\\\/#\\\/schema\\\/logo\\\/image\\\/\"}}]}<\/script>\n<meta property=\"product:price:amount\" content=\"22.50\" \/>\n<meta property=\"product:price:currency\" content=\"EUR\" \/>\n<meta property=\"og:availability\" content=\"instock\" \/>\n<meta property=\"product:availability\" content=\"instock\" \/>\n<meta property=\"product:retailer_item_id\" content=\"MNZ001.SP.1.10\" \/>\n<meta property=\"product:condition\" content=\"new\" \/>\n<!-- \/ Yoast SEO plugin. -->","yoast_head_json":{"title":"MNZ Miel de Manuka Snappaks MGO 100+ 10 x 5 g | Miel de Manuka monofloral cruda de Nueva Zelanda","description":"Paquetes de miel de Manuka monofloral cruda con MGO 100+ garantizado (10 x 5 g). Sin filtrar, sin pasteurizar y probada por lotes. Perfecta para practicar deporte, viajar y para el uso diario.","robots":{"index":"index","follow":"follow","max-snippet":"max-snippet:-1","max-image-preview":"max-image-preview:large","max-video-preview":"max-video-preview:-1"},"canonical":"https:\/\/www.manukanewzealand.com\/es\/product\/snappaks\/","og_locale":"es_MX","og_type":"article","og_title":"MNZ Manuka Honey Snappaks MGO 100+ 10 x 5 g | Raw Monofloral Manuka Honey New Zealand","og_description":"Raw monofloral Manuka honey Snappaks with guaranteed MGO 100+ (10 x 5 g). Unfiltered, unpasteurised and batch tested. Perfect for sport, travel and daily use.","og_url":"https:\/\/www.manukanewzealand.com\/es\/product\/snappaks\/","og_site_name":"MNZ - Manuka New Zealand - The Best Raw Manuka Honey | Global","article_modified_time":"2026-02-17T12:51:01+00:00","og_image":[{"width":500,"height":500,"url":"https:\/\/www.manukanewzealand.com\/wp-content\/uploads\/2024\/01\/MNZ-Manuka-Honey-Snappacks.jpg","type":"image\/jpeg"}],"twitter_card":"summary_large_image","twitter_misc":{"Precio":"&euro;22,50 incl. VAT","Availability":"In stock"},"schema":{"@context":"https:\/\/schema.org","@graph":[{"@type":"WebPage","@id":"https:\/\/www.manukanewzealand.com\/product\/snappaks\/","url":"https:\/\/www.manukanewzealand.com\/product\/snappaks\/","name":"MNZ Miel de Manuka Snappaks MGO 100+ 10 x 5 g | Miel de Manuka monofloral cruda de Nueva Zelanda","isPartOf":{"@id":"https:\/\/www.manukanewzealand.com\/es\/#website"},"primaryImageOfPage":{"@id":"https:\/\/www.manukanewzealand.com\/product\/snappaks\/#primaryimage"},"image":{"@id":"https:\/\/www.manukanewzealand.com\/product\/snappaks\/#primaryimage"},"thumbnailUrl":"https:\/\/www.manukanewzealand.com\/wp-content\/uploads\/2024\/01\/MNZ-Manuka-Honey-Snappacks.jpg","datePublished":"2024-01-19T06:01:00+00:00","dateModified":"2026-02-17T12:51:01+00:00","description":"Paquetes de miel de Manuka monofloral cruda con MGO 100+ garantizado (10 x 5 g). Sin filtrar, sin pasteurizar y probada por lotes. Perfecta para practicar deporte, viajar y para el uso diario.","breadcrumb":{"@id":"https:\/\/www.manukanewzealand.com\/product\/snappaks\/#breadcrumb"},"inLanguage":"es","potentialAction":[{"@type":"ReadAction","target":["https:\/\/www.manukanewzealand.com\/product\/snappaks\/"]}]},{"@type":"ImageObject","inLanguage":"es","@id":"https:\/\/www.manukanewzealand.com\/product\/snappaks\/#primaryimage","url":"https:\/\/www.manukanewzealand.com\/wp-content\/uploads\/2024\/01\/MNZ-Manuka-Honey-Snappacks.jpg","contentUrl":"https:\/\/www.manukanewzealand.com\/wp-content\/uploads\/2024\/01\/MNZ-Manuka-Honey-Snappacks.jpg","width":500,"height":500},{"@type":"BreadcrumbList","@id":"https:\/\/www.manukanewzealand.com\/product\/snappaks\/#breadcrumb","itemListElement":[{"@type":"ListItem","position":1,"name":"Home","item":"https:\/\/www.manukanewzealand.com\/"},{"@type":"ListItem","position":2,"name":"MNZ Products","item":"https:\/\/www.manukanewzealand.com\/mnz-products\/"},{"@type":"ListItem","position":3,"name":"Manuka Honey MGO 100+ Snappaks"}]},{"@type":"WebSite","@id":"https:\/\/www.manukanewzealand.com\/es\/#website","url":"https:\/\/www.manukanewzealand.com\/es\/","name":"MNZ - Manuka Nueva Zelanda - La mejor miel de Manuka cruda | Global","description":"","publisher":{"@id":"https:\/\/www.manukanewzealand.com\/es\/#organization"},"potentialAction":[{"@type":"SearchAction","target":{"@type":"EntryPoint","urlTemplate":"https:\/\/www.manukanewzealand.com\/es\/?s={search_term_string}"},"query-input":{"@type":"PropertyValueSpecification","valueRequired":true,"valueName":"search_term_string"}}],"inLanguage":"es"},{"@type":"Organization","@id":"https:\/\/www.manukanewzealand.com\/es\/#organization","name":"MNZ - Manuka Nueva Zelanda - La mejor miel de Manuka cruda | Global","url":"https:\/\/www.manukanewzealand.com\/es\/","logo":{"@type":"ImageObject","inLanguage":"es","@id":"https:\/\/www.manukanewzealand.com\/es\/#\/schema\/logo\/image\/","url":"https:\/\/www.manukanewzealand.com\/wp-content\/uploads\/2022\/11\/mnz-logo-200x200-1-1.png","contentUrl":"https:\/\/www.manukanewzealand.com\/wp-content\/uploads\/2022\/11\/mnz-logo-200x200-1-1.png","width":200,"height":200,"caption":"MNZ - Manuka New Zealand - The Best Raw Manuka Honey | Global"},"image":{"@id":"https:\/\/www.manukanewzealand.com\/es\/#\/schema\/logo\/image\/"}}]},"product_price_amount":"22.50","product_price_currency":"EUR","og_availability":"instock","product_availability":"instock","product_retailer_item_id":"MNZ001.SP.1.10","product_condition":"new"},"_links":{"self":[{"href":"https:\/\/www.manukanewzealand.com\/es\/wp-json\/wp\/v2\/product\/3356","targetHints":{"allow":["GET"]}}],"collection":[{"href":"https:\/\/www.manukanewzealand.com\/es\/wp-json\/wp\/v2\/product"}],"about":[{"href":"https:\/\/www.manukanewzealand.com\/es\/wp-json\/wp\/v2\/types\/product"}],"replies":[{"embeddable":true,"href":"https:\/\/www.manukanewzealand.com\/es\/wp-json\/wp\/v2\/comments?post=3356"}],"wp:featuredmedia":[{"embeddable":true,"href":"https:\/\/www.manukanewzealand.com\/es\/wp-json\/wp\/v2\/media\/35198"}],"wp:attachment":[{"href":"https:\/\/www.manukanewzealand.com\/es\/wp-json\/wp\/v2\/media?parent=3356"}],"wp:term":[{"taxonomy":"product_brand","embeddable":true,"href":"https:\/\/www.manukanewzealand.com\/es\/wp-json\/wp\/v2\/product_brand?post=3356"},{"taxonomy":"product_cat","embeddable":true,"href":"https:\/\/www.manukanewzealand.com\/es\/wp-json\/wp\/v2\/product_cat?post=3356"},{"taxonomy":"product_tag","embeddable":true,"href":"https:\/\/www.manukanewzealand.com\/es\/wp-json\/wp\/v2\/product_tag?post=3356"}],"curies":[{"name":"wp","href":"https:\/\/api.w.org\/{rel}","templated":true}]}}