{"id":33312,"date":"2024-01-22T05:02:46","date_gmt":"2024-01-22T04:02:46","guid":{"rendered":"https:\/\/www.manukahoney.eu\/?post_type=product&#038;p=498"},"modified":"2026-02-17T13:46:11","modified_gmt":"2026-02-17T12:46:11","slug":"mgo-1000-manuka-honey","status":"publish","type":"product","link":"https:\/\/www.manukanewzealand.com\/es\/product\/mgo-1000-manuka-honey\/","title":{"rendered":"Miel de Manuka MGO 1000+ 250 g."},"content":{"rendered":"<h1>Miel de Manuka MNZ MGO 1000+: miel monofloral cruda de Manuka de Nueva Zelanda con una potencia ultraalta.<\/h1>\n<p><strong>MNZ MGO 1000+<\/strong> es de calidad ultra alta <strong>Miel de Manuka monofloral cruda<\/strong> con un m\u00ednimo garantizado de <strong>1000 mg\/kg de metilglioxal (MGO)<\/strong>. Es un nivel poco com\u00fan y muy concentrado, elegido por aquellos que desean una de las mieles de Manuka aut\u00e9nticas m\u00e1s fuertes que existen.<\/p>\n<p><strong>Disponible en:<\/strong> 250 gramos<\/p>\n<h2>\u00bfPor qu\u00e9 elegir MNZ MGO 1000+?<\/h2>\n<p>MNZ es sin\u00f3nimo de pureza, transparencia y origen neozeland\u00e9s de confianza. Esta miel nunca se mezcla, diluye ni procesa en exceso. Se produce exclusivamente a partir del n\u00e9ctar de la flor de Manuka y se clasifica seg\u00fan la reconocida norma MGO.<\/p>\n<p>El valor MGO refleja la concentraci\u00f3n natural de metilglioxal, el compuesto que hace que la miel de Manuka sea tan especial. Con un MGO 1000+ garantizado, este grado ofrece un nivel excepcionalmente alto dentro de la gama premium de Manuka.<\/p>\n<p>Nuestras colmenas se encuentran en regiones remotas y v\u00edrgenes de Nueva Zelanda, lejos de la agricultura intensiva y la contaminaci\u00f3n ambiental. Cada lote se somete a pruebas de laboratorio independientes para confirmar su nivel de MGO y verificar su condici\u00f3n de monofloral. La etiqueta MNZ y el sello dorado MGO representan una trazabilidad total y una calidad superior constante desde la colmena hasta el frasco.<\/p>\n<ul>\n<li>100% crudo, sin calentar y sin pasteurizar<\/li>\n<li>Miel de Manuka monofloral certificada<\/li>\n<li>MGO m\u00ednimo garantizado 1000+<\/li>\n<li>Probado de forma independiente en laboratorio.<\/li>\n<li>Cosechado, envasado y etiquetado en Nueva Zelanda.<\/li>\n<\/ul>\n<h3>Ingredientes<\/h3>\n<p>Miel de Manuka monofloral cruda<\/p>\n<h3>Valores nutricionales por cada 100 g<\/h3>\n<ul>\n<li>Energ\u00eda: 1400 kJ \/ 335 kcal<\/li>\n<li>Grasa: 0,0 g<\/li>\n<li>de los cuales saturados: 0.0 g<\/li>\n<li>Carbohidratos: 82,1 g<\/li>\n<li>de los cuales az\u00facares: 82.1 g<\/li>\n<li>Prote\u00ednas: 0,0 g<\/li>\n<li>Fibra: 0,0 g<\/li>\n<li>Sal: 0,03 g<\/li>\n<\/ul>","protected":false},"excerpt":{"rendered":"<p>MNZ Manuka Honey MGO 1000+ \u2013 Ultra-High Strength Raw Monofloral Manuka from New Zealand MNZ MGO 1000+ is an ultra-high-grade raw monofloral Manuka honey with a guaranteed minimum of 1000 mg\/kg Methylglyoxal (MGO). It is a rare and highly concentrated level, chosen by those who want one of the strongest authentic Manuka honeys available. Available [&#8230;]\n","protected":false},"featured_media":33859,"comment_status":"closed","ping_status":"closed","template":"","meta":[],"product_brand":[],"product_cat":[113],"product_tag":[],"class_list":{"0":"post-33312","1":"product","2":"type-product","3":"status-publish","4":"has-post-thumbnail","6":"product_cat-uncategorized","8":"first","9":"instock","10":"taxable","11":"shipping-taxable","12":"purchasable","13":"product-type-simple"},"yoast_head":"<!-- This site is optimized with the Yoast SEO plugin v27.3 - https:\/\/yoast.com\/product\/yoast-seo-wordpress\/ -->\n<title>MNZ Manuka Honey MGO 1000+ 250 g | Raw Monofloral Manuka Honey New Zealand<\/title>\n<meta name=\"description\" content=\"Ultra-premium raw monofloral Manuka honey with guaranteed MGO 1000+. Independently tested, unprocessed and harvested in remote New Zealand regions. 250 g jar by MNZ.\" \/>\n<meta name=\"robots\" content=\"index, follow, max-snippet:-1, max-image-preview:large, max-video-preview:-1\" \/>\n<link rel=\"canonical\" href=\"https:\/\/www.manukanewzealand.com\/es\/product\/mgo-1000-manuka-honey\/\" \/>\n<meta property=\"og:locale\" content=\"es_MX\" \/>\n<meta property=\"og:type\" content=\"article\" \/>\n<meta property=\"og:title\" content=\"MNZ Manuka Honey MGO 1000+ 250 g | Raw Monofloral Manuka Honey New Zealand\" \/>\n<meta property=\"og:description\" content=\"Ultra-premium raw monofloral Manuka honey with guaranteed MGO 1000+. Independently tested, unprocessed and harvested in remote New Zealand regions. 250 g jar by MNZ.\" \/>\n<meta property=\"og:url\" content=\"https:\/\/www.manukanewzealand.com\/es\/product\/mgo-1000-manuka-honey\/\" \/>\n<meta property=\"og:site_name\" content=\"MNZ - Manuka New Zealand - The Best Raw Manuka Honey | Global\" \/>\n<meta property=\"article:modified_time\" content=\"2026-02-17T12:46:11+00:00\" \/>\n<meta property=\"og:image\" content=\"https:\/\/www.manukanewzealand.com\/wp-content\/uploads\/2022\/07\/manukahoney-mnz1000-250g-1.webp\" \/>\n\t<meta property=\"og:image:width\" content=\"500\" \/>\n\t<meta property=\"og:image:height\" content=\"500\" \/>\n\t<meta property=\"og:image:type\" content=\"image\/webp\" \/>\n<meta name=\"twitter:card\" content=\"summary_large_image\" \/>\n<meta name=\"twitter:label1\" content=\"Precio\" \/>\n\t<meta name=\"twitter:data1\" content=\"&euro;165,00 incl. VAT\" \/>\n\t<meta name=\"twitter:label2\" content=\"Availability\" \/>\n\t<meta name=\"twitter:data2\" content=\"In stock\" \/>\n<script type=\"application\/ld+json\" class=\"yoast-schema-graph\">{\"@context\":\"https:\\\/\\\/schema.org\",\"@graph\":[{\"@type\":\"WebPage\",\"@id\":\"https:\\\/\\\/www.manukanewzealand.com\\\/product\\\/mgo-1000-manuka-honey\\\/\",\"url\":\"https:\\\/\\\/www.manukanewzealand.com\\\/product\\\/mgo-1000-manuka-honey\\\/\",\"name\":\"MNZ Manuka Honey MGO 1000+ 250 g | Raw Monofloral Manuka Honey New Zealand\",\"isPartOf\":{\"@id\":\"https:\\\/\\\/www.manukanewzealand.com\\\/es\\\/#website\"},\"primaryImageOfPage\":{\"@id\":\"https:\\\/\\\/www.manukanewzealand.com\\\/product\\\/mgo-1000-manuka-honey\\\/#primaryimage\"},\"image\":{\"@id\":\"https:\\\/\\\/www.manukanewzealand.com\\\/product\\\/mgo-1000-manuka-honey\\\/#primaryimage\"},\"thumbnailUrl\":\"https:\\\/\\\/www.manukanewzealand.com\\\/wp-content\\\/uploads\\\/2022\\\/07\\\/manukahoney-mnz1000-250g-1.webp\",\"datePublished\":\"2024-01-22T04:02:46+00:00\",\"dateModified\":\"2026-02-17T12:46:11+00:00\",\"description\":\"Ultra-premium raw monofloral Manuka honey with guaranteed MGO 1000+. Independently tested, unprocessed and harvested in remote New Zealand regions. 250 g jar by MNZ.\",\"breadcrumb\":{\"@id\":\"https:\\\/\\\/www.manukanewzealand.com\\\/product\\\/mgo-1000-manuka-honey\\\/#breadcrumb\"},\"inLanguage\":\"es\",\"potentialAction\":[{\"@type\":\"ReadAction\",\"target\":[\"https:\\\/\\\/www.manukanewzealand.com\\\/product\\\/mgo-1000-manuka-honey\\\/\"]}]},{\"@type\":\"ImageObject\",\"inLanguage\":\"es\",\"@id\":\"https:\\\/\\\/www.manukanewzealand.com\\\/product\\\/mgo-1000-manuka-honey\\\/#primaryimage\",\"url\":\"https:\\\/\\\/www.manukanewzealand.com\\\/wp-content\\\/uploads\\\/2022\\\/07\\\/manukahoney-mnz1000-250g-1.webp\",\"contentUrl\":\"https:\\\/\\\/www.manukanewzealand.com\\\/wp-content\\\/uploads\\\/2022\\\/07\\\/manukahoney-mnz1000-250g-1.webp\",\"width\":500,\"height\":500},{\"@type\":\"BreadcrumbList\",\"@id\":\"https:\\\/\\\/www.manukanewzealand.com\\\/product\\\/mgo-1000-manuka-honey\\\/#breadcrumb\",\"itemListElement\":[{\"@type\":\"ListItem\",\"position\":1,\"name\":\"Home\",\"item\":\"https:\\\/\\\/www.manukanewzealand.com\\\/\"},{\"@type\":\"ListItem\",\"position\":2,\"name\":\"MNZ Products\",\"item\":\"https:\\\/\\\/www.manukanewzealand.com\\\/mnz-products\\\/\"},{\"@type\":\"ListItem\",\"position\":3,\"name\":\"MGO 1000+ Manuka Honey 250gr.\"}]},{\"@type\":\"WebSite\",\"@id\":\"https:\\\/\\\/www.manukanewzealand.com\\\/es\\\/#website\",\"url\":\"https:\\\/\\\/www.manukanewzealand.com\\\/es\\\/\",\"name\":\"MNZ - Manuka New Zealand - The Best Raw Manuka Honey | Global\",\"description\":\"\",\"publisher\":{\"@id\":\"https:\\\/\\\/www.manukanewzealand.com\\\/es\\\/#organization\"},\"potentialAction\":[{\"@type\":\"SearchAction\",\"target\":{\"@type\":\"EntryPoint\",\"urlTemplate\":\"https:\\\/\\\/www.manukanewzealand.com\\\/es\\\/?s={search_term_string}\"},\"query-input\":{\"@type\":\"PropertyValueSpecification\",\"valueRequired\":true,\"valueName\":\"search_term_string\"}}],\"inLanguage\":\"es\"},{\"@type\":\"Organization\",\"@id\":\"https:\\\/\\\/www.manukanewzealand.com\\\/es\\\/#organization\",\"name\":\"MNZ - Manuka New Zealand - The Best Raw Manuka Honey | Global\",\"url\":\"https:\\\/\\\/www.manukanewzealand.com\\\/es\\\/\",\"logo\":{\"@type\":\"ImageObject\",\"inLanguage\":\"es\",\"@id\":\"https:\\\/\\\/www.manukanewzealand.com\\\/es\\\/#\\\/schema\\\/logo\\\/image\\\/\",\"url\":\"https:\\\/\\\/www.manukanewzealand.com\\\/wp-content\\\/uploads\\\/2022\\\/11\\\/mnz-logo-200x200-1-1.png\",\"contentUrl\":\"https:\\\/\\\/www.manukanewzealand.com\\\/wp-content\\\/uploads\\\/2022\\\/11\\\/mnz-logo-200x200-1-1.png\",\"width\":200,\"height\":200,\"caption\":\"MNZ - Manuka New Zealand - The Best Raw Manuka Honey | Global\"},\"image\":{\"@id\":\"https:\\\/\\\/www.manukanewzealand.com\\\/es\\\/#\\\/schema\\\/logo\\\/image\\\/\"}}]}<\/script>\n<meta property=\"product:price:amount\" content=\"165.00\" \/>\n<meta property=\"product:price:currency\" content=\"EUR\" \/>\n<meta property=\"og:availability\" content=\"instock\" \/>\n<meta property=\"product:availability\" content=\"instock\" \/>\n<meta property=\"product:retailer_item_id\" content=\"MNZ020\" \/>\n<meta property=\"product:condition\" content=\"new\" \/>\n<!-- \/ Yoast SEO plugin. -->","yoast_head_json":{"title":"Miel de Manuka MNZ MGO 1000+ 250 g | Miel de Manuka monofloral cruda de Nueva Zelanda","description":"Miel de Manuka monofloral cruda de primera calidad con MGO 1000+ garantizado. Probada de forma independiente, sin procesar y recolectada en regiones remotas de Nueva Zelanda. Tarro de 250 g de MNZ.","robots":{"index":"index","follow":"follow","max-snippet":"max-snippet:-1","max-image-preview":"max-image-preview:large","max-video-preview":"max-video-preview:-1"},"canonical":"https:\/\/www.manukanewzealand.com\/es\/product\/mgo-1000-manuka-honey\/","og_locale":"es_MX","og_type":"article","og_title":"MNZ Manuka Honey MGO 1000+ 250 g | Raw Monofloral Manuka Honey New Zealand","og_description":"Ultra-premium raw monofloral Manuka honey with guaranteed MGO 1000+. Independently tested, unprocessed and harvested in remote New Zealand regions. 250 g jar by MNZ.","og_url":"https:\/\/www.manukanewzealand.com\/es\/product\/mgo-1000-manuka-honey\/","og_site_name":"MNZ - Manuka New Zealand - The Best Raw Manuka Honey | Global","article_modified_time":"2026-02-17T12:46:11+00:00","og_image":[{"width":500,"height":500,"url":"https:\/\/www.manukanewzealand.com\/wp-content\/uploads\/2022\/07\/manukahoney-mnz1000-250g-1.webp","type":"image\/webp"}],"twitter_card":"summary_large_image","twitter_misc":{"Precio":"&euro;165,00 incl. VAT","Availability":"In stock"},"schema":{"@context":"https:\/\/schema.org","@graph":[{"@type":"WebPage","@id":"https:\/\/www.manukanewzealand.com\/product\/mgo-1000-manuka-honey\/","url":"https:\/\/www.manukanewzealand.com\/product\/mgo-1000-manuka-honey\/","name":"Miel de Manuka MNZ MGO 1000+ 250 g | Miel de Manuka monofloral cruda de Nueva Zelanda","isPartOf":{"@id":"https:\/\/www.manukanewzealand.com\/es\/#website"},"primaryImageOfPage":{"@id":"https:\/\/www.manukanewzealand.com\/product\/mgo-1000-manuka-honey\/#primaryimage"},"image":{"@id":"https:\/\/www.manukanewzealand.com\/product\/mgo-1000-manuka-honey\/#primaryimage"},"thumbnailUrl":"https:\/\/www.manukanewzealand.com\/wp-content\/uploads\/2022\/07\/manukahoney-mnz1000-250g-1.webp","datePublished":"2024-01-22T04:02:46+00:00","dateModified":"2026-02-17T12:46:11+00:00","description":"Miel de Manuka monofloral cruda de primera calidad con MGO 1000+ garantizado. Probada de forma independiente, sin procesar y recolectada en regiones remotas de Nueva Zelanda. Tarro de 250 g de MNZ.","breadcrumb":{"@id":"https:\/\/www.manukanewzealand.com\/product\/mgo-1000-manuka-honey\/#breadcrumb"},"inLanguage":"es","potentialAction":[{"@type":"ReadAction","target":["https:\/\/www.manukanewzealand.com\/product\/mgo-1000-manuka-honey\/"]}]},{"@type":"ImageObject","inLanguage":"es","@id":"https:\/\/www.manukanewzealand.com\/product\/mgo-1000-manuka-honey\/#primaryimage","url":"https:\/\/www.manukanewzealand.com\/wp-content\/uploads\/2022\/07\/manukahoney-mnz1000-250g-1.webp","contentUrl":"https:\/\/www.manukanewzealand.com\/wp-content\/uploads\/2022\/07\/manukahoney-mnz1000-250g-1.webp","width":500,"height":500},{"@type":"BreadcrumbList","@id":"https:\/\/www.manukanewzealand.com\/product\/mgo-1000-manuka-honey\/#breadcrumb","itemListElement":[{"@type":"ListItem","position":1,"name":"Home","item":"https:\/\/www.manukanewzealand.com\/"},{"@type":"ListItem","position":2,"name":"MNZ Products","item":"https:\/\/www.manukanewzealand.com\/mnz-products\/"},{"@type":"ListItem","position":3,"name":"MGO 1000+ Manuka Honey 250gr."}]},{"@type":"WebSite","@id":"https:\/\/www.manukanewzealand.com\/es\/#website","url":"https:\/\/www.manukanewzealand.com\/es\/","name":"MNZ - Manuka Nueva Zelanda - La mejor miel de Manuka cruda | Global","description":"","publisher":{"@id":"https:\/\/www.manukanewzealand.com\/es\/#organization"},"potentialAction":[{"@type":"SearchAction","target":{"@type":"EntryPoint","urlTemplate":"https:\/\/www.manukanewzealand.com\/es\/?s={search_term_string}"},"query-input":{"@type":"PropertyValueSpecification","valueRequired":true,"valueName":"search_term_string"}}],"inLanguage":"es"},{"@type":"Organization","@id":"https:\/\/www.manukanewzealand.com\/es\/#organization","name":"MNZ - Manuka Nueva Zelanda - La mejor miel de Manuka cruda | Global","url":"https:\/\/www.manukanewzealand.com\/es\/","logo":{"@type":"ImageObject","inLanguage":"es","@id":"https:\/\/www.manukanewzealand.com\/es\/#\/schema\/logo\/image\/","url":"https:\/\/www.manukanewzealand.com\/wp-content\/uploads\/2022\/11\/mnz-logo-200x200-1-1.png","contentUrl":"https:\/\/www.manukanewzealand.com\/wp-content\/uploads\/2022\/11\/mnz-logo-200x200-1-1.png","width":200,"height":200,"caption":"MNZ - Manuka New Zealand - The Best Raw Manuka Honey | Global"},"image":{"@id":"https:\/\/www.manukanewzealand.com\/es\/#\/schema\/logo\/image\/"}}]},"product_price_amount":"165.00","product_price_currency":"EUR","og_availability":"instock","product_availability":"instock","product_retailer_item_id":"MNZ020","product_condition":"new"},"_links":{"self":[{"href":"https:\/\/www.manukanewzealand.com\/es\/wp-json\/wp\/v2\/product\/33312","targetHints":{"allow":["GET"]}}],"collection":[{"href":"https:\/\/www.manukanewzealand.com\/es\/wp-json\/wp\/v2\/product"}],"about":[{"href":"https:\/\/www.manukanewzealand.com\/es\/wp-json\/wp\/v2\/types\/product"}],"replies":[{"embeddable":true,"href":"https:\/\/www.manukanewzealand.com\/es\/wp-json\/wp\/v2\/comments?post=33312"}],"wp:featuredmedia":[{"embeddable":true,"href":"https:\/\/www.manukanewzealand.com\/es\/wp-json\/wp\/v2\/media\/33859"}],"wp:attachment":[{"href":"https:\/\/www.manukanewzealand.com\/es\/wp-json\/wp\/v2\/media?parent=33312"}],"wp:term":[{"taxonomy":"product_brand","embeddable":true,"href":"https:\/\/www.manukanewzealand.com\/es\/wp-json\/wp\/v2\/product_brand?post=33312"},{"taxonomy":"product_cat","embeddable":true,"href":"https:\/\/www.manukanewzealand.com\/es\/wp-json\/wp\/v2\/product_cat?post=33312"},{"taxonomy":"product_tag","embeddable":true,"href":"https:\/\/www.manukanewzealand.com\/es\/wp-json\/wp\/v2\/product_tag?post=33312"}],"curies":[{"name":"wp","href":"https:\/\/api.w.org\/{rel}","templated":true}]}}