{"id":26902,"date":"2024-01-12T14:29:33","date_gmt":"2024-01-12T13:29:33","guid":{"rendered":"https:\/\/www.manukahoney.eu\/?post_type=product&#038;p=26902"},"modified":"2026-02-17T14:11:29","modified_gmt":"2026-02-17T13:11:29","slug":"toothpaste-manuka-honey","status":"publish","type":"product","link":"https:\/\/www.manukanewzealand.com\/es\/product\/toothpaste-manuka-honey\/","title":{"rendered":"Dent\u00edfrico con miel de Manuka, prop\u00f3leo y aceite de Manuka."},"content":{"rendered":"<h1>Pasta dental MNZ Manuka Honey 75 ml: cuidado bucal natural de Nueva Zelanda<\/h1>\n<p><strong>Pasta dental MNZ con miel de Manuka<\/strong> es un <strong>pasta dental natural y de baja espuma<\/strong> Desarrollado con ingredientes cuidadosamente seleccionados de Nueva Zelanda, entre los que se incluyen: <strong>Miel de Manuka cruda MGO 550+<\/strong>, <strong>Prop\u00f3leo de Nueva Zelanda<\/strong> y <strong>Aceite de manuka<\/strong>. Proporciona una experiencia de cepillado fresca y suave, adecuada para el cuidado bucal diario.<\/p>\n<p><strong>Contenido:<\/strong> 75 ml<\/p>\n<h2>\u00bfPor qu\u00e9 elegir la pasta dental MNZ Manuka?<\/h2>\n<p>MNZ es sin\u00f3nimo de pureza, transparencia y origen confiable. Esta pasta dental combina ingredientes naturales con una limpieza eficaz pero suave y un refrescante sabor a menta.<\/p>\n<p>La f\u00f3rmula se ha desarrollado conscientemente sin agentes espumantes agresivos ni aditivos innecesarios. La inclusi\u00f3n de miel de Manuka cruda, prop\u00f3leo y aceite de Manuka le da a la pasta dental su car\u00e1cter distintivo y su perfil bot\u00e1nico.<\/p>\n<p>Su textura de baja espuma ofrece una sensaci\u00f3n limpia y fresca en la boca sin saturarla. La f\u00f3rmula no contiene fl\u00faor, lauril sulfato de sodio (SLS), colorantes artificiales, saborizantes artificiales ni conservantes, lo que la convierte en una opci\u00f3n consciente para el uso diario.<\/p>\n<ul>\n<li>Con miel de Manuka cruda MGO 550+.<\/li>\n<li>Con prop\u00f3leo de Nueva Zelanda y aceite de Manuka.<\/li>\n<li>F\u00f3rmula de baja espuma con sabor a menta fresca.<\/li>\n<li>Sin fl\u00faor ni SLS.<\/li>\n<li>Sin abrasivos fuertes<\/li>\n<li>Apto para uso diario y vegetarianos.<\/li>\n<\/ul>\n<h3>Ingredientes (INCI)<\/h3>\n<p>Glicerina*, agua, s\u00edlice hidratada, miel, bicarbonato de sodio, goma de celulosa, cocamidopropil beta\u00edna, aceite de hoja de menta arvensis, extracto de prop\u00f3leo, mentol, cloruro de sodio, aceite de rama\/hoja de Leptospermum scoparium, estevi\u00f3sido, acetato de tocoferol, aceite de menta piperita.<br \/>\n<br \/>\n<small>*De origen vegetal.<\/small><\/p>\n<h3>Uso<\/h3>\n<p>Cepillarse los dientes dos veces al d\u00eda. Apto para uso diario.<\/p>","protected":false},"excerpt":{"rendered":"<p>MNZ Manuka Honey Toothpaste 75 ml \u2013 Natural Oral Care from New Zealand MNZ Manuka Honey Toothpaste is a natural, low-foaming toothpaste developed with carefully selected ingredients from New Zealand, including raw MGO 550+ Manuka honey, New Zealand propolis and Manuka oil. It provides a fresh and gentle brushing experience suitable for daily oral care. [&#8230;]\n","protected":false},"featured_media":34179,"comment_status":"closed","ping_status":"closed","template":"","meta":[],"product_brand":[],"product_cat":[113],"product_tag":[],"class_list":{"0":"post-26902","1":"product","2":"type-product","3":"status-publish","4":"has-post-thumbnail","6":"product_cat-uncategorized","8":"first","9":"instock","10":"taxable","11":"shipping-taxable","12":"purchasable","13":"product-type-simple"},"yoast_head":"<!-- This site is optimized with the Yoast SEO plugin v27.3 - https:\/\/yoast.com\/product\/yoast-seo-wordpress\/ -->\n<title>MNZ Manuka Honey Toothpaste 75 ml | With MGO 550+ Manuka, Propolis &amp; Manuka Oil<\/title>\n<meta name=\"description\" content=\"Natural low-foaming toothpaste with raw MGO 550+ Manuka honey, New Zealand propolis and Manuka oil. Fluoride- and SLS-free. Gentle daily oral care. 75 ml by MNZ.\" \/>\n<meta name=\"robots\" content=\"index, follow, max-snippet:-1, max-image-preview:large, max-video-preview:-1\" \/>\n<link rel=\"canonical\" href=\"https:\/\/www.manukanewzealand.com\/es\/product\/toothpaste-manuka-honey\/\" \/>\n<meta property=\"og:locale\" content=\"es_MX\" \/>\n<meta property=\"og:type\" content=\"article\" \/>\n<meta property=\"og:title\" content=\"MNZ Manuka Honey Toothpaste 75 ml | With MGO 550+ Manuka, Propolis &amp; Manuka Oil\" \/>\n<meta property=\"og:description\" content=\"Natural low-foaming toothpaste with raw MGO 550+ Manuka honey, New Zealand propolis and Manuka oil. Fluoride- and SLS-free. Gentle daily oral care. 75 ml by MNZ.\" \/>\n<meta property=\"og:url\" content=\"https:\/\/www.manukanewzealand.com\/es\/product\/toothpaste-manuka-honey\/\" \/>\n<meta property=\"og:site_name\" content=\"MNZ - Manuka New Zealand - The Best Raw Manuka Honey | Global\" \/>\n<meta property=\"article:modified_time\" content=\"2026-02-17T13:11:29+00:00\" \/>\n<meta property=\"og:image\" content=\"https:\/\/www.manukanewzealand.com\/wp-content\/uploads\/2023\/08\/manuka-tandpasta-mnz.webp\" \/>\n\t<meta property=\"og:image:width\" content=\"500\" \/>\n\t<meta property=\"og:image:height\" content=\"500\" \/>\n\t<meta property=\"og:image:type\" content=\"image\/webp\" \/>\n<meta name=\"twitter:card\" content=\"summary_large_image\" \/>\n<meta name=\"twitter:label1\" content=\"Precio\" \/>\n\t<meta name=\"twitter:data1\" content=\"&euro;11,95 incl. VAT\" \/>\n\t<meta name=\"twitter:label2\" content=\"Availability\" \/>\n\t<meta name=\"twitter:data2\" content=\"In stock\" \/>\n<script type=\"application\/ld+json\" class=\"yoast-schema-graph\">{\"@context\":\"https:\\\/\\\/schema.org\",\"@graph\":[{\"@type\":\"WebPage\",\"@id\":\"https:\\\/\\\/www.manukanewzealand.com\\\/product\\\/toothpaste-manuka-honey\\\/\",\"url\":\"https:\\\/\\\/www.manukanewzealand.com\\\/product\\\/toothpaste-manuka-honey\\\/\",\"name\":\"MNZ Manuka Honey Toothpaste 75 ml | With MGO 550+ Manuka, Propolis & Manuka Oil\",\"isPartOf\":{\"@id\":\"https:\\\/\\\/www.manukanewzealand.com\\\/es\\\/#website\"},\"primaryImageOfPage\":{\"@id\":\"https:\\\/\\\/www.manukanewzealand.com\\\/product\\\/toothpaste-manuka-honey\\\/#primaryimage\"},\"image\":{\"@id\":\"https:\\\/\\\/www.manukanewzealand.com\\\/product\\\/toothpaste-manuka-honey\\\/#primaryimage\"},\"thumbnailUrl\":\"https:\\\/\\\/www.manukanewzealand.com\\\/wp-content\\\/uploads\\\/2023\\\/08\\\/manuka-tandpasta-mnz.webp\",\"datePublished\":\"2024-01-12T13:29:33+00:00\",\"dateModified\":\"2026-02-17T13:11:29+00:00\",\"description\":\"Natural low-foaming toothpaste with raw MGO 550+ Manuka honey, New Zealand propolis and Manuka oil. Fluoride- and SLS-free. Gentle daily oral care. 75 ml by MNZ.\",\"breadcrumb\":{\"@id\":\"https:\\\/\\\/www.manukanewzealand.com\\\/product\\\/toothpaste-manuka-honey\\\/#breadcrumb\"},\"inLanguage\":\"es\",\"potentialAction\":[{\"@type\":\"ReadAction\",\"target\":[\"https:\\\/\\\/www.manukanewzealand.com\\\/product\\\/toothpaste-manuka-honey\\\/\"]}]},{\"@type\":\"ImageObject\",\"inLanguage\":\"es\",\"@id\":\"https:\\\/\\\/www.manukanewzealand.com\\\/product\\\/toothpaste-manuka-honey\\\/#primaryimage\",\"url\":\"https:\\\/\\\/www.manukanewzealand.com\\\/wp-content\\\/uploads\\\/2023\\\/08\\\/manuka-tandpasta-mnz.webp\",\"contentUrl\":\"https:\\\/\\\/www.manukanewzealand.com\\\/wp-content\\\/uploads\\\/2023\\\/08\\\/manuka-tandpasta-mnz.webp\",\"width\":500,\"height\":500},{\"@type\":\"BreadcrumbList\",\"@id\":\"https:\\\/\\\/www.manukanewzealand.com\\\/product\\\/toothpaste-manuka-honey\\\/#breadcrumb\",\"itemListElement\":[{\"@type\":\"ListItem\",\"position\":1,\"name\":\"Home\",\"item\":\"https:\\\/\\\/www.manukanewzealand.com\\\/\"},{\"@type\":\"ListItem\",\"position\":2,\"name\":\"MNZ Products\",\"item\":\"https:\\\/\\\/www.manukanewzealand.com\\\/mnz-products\\\/\"},{\"@type\":\"ListItem\",\"position\":3,\"name\":\"Manuka Honey, Propolis &#038; Manuka Oil Toothpaste.\"}]},{\"@type\":\"WebSite\",\"@id\":\"https:\\\/\\\/www.manukanewzealand.com\\\/es\\\/#website\",\"url\":\"https:\\\/\\\/www.manukanewzealand.com\\\/es\\\/\",\"name\":\"MNZ - Manuka New Zealand - The Best Raw Manuka Honey | Global\",\"description\":\"\",\"publisher\":{\"@id\":\"https:\\\/\\\/www.manukanewzealand.com\\\/es\\\/#organization\"},\"potentialAction\":[{\"@type\":\"SearchAction\",\"target\":{\"@type\":\"EntryPoint\",\"urlTemplate\":\"https:\\\/\\\/www.manukanewzealand.com\\\/es\\\/?s={search_term_string}\"},\"query-input\":{\"@type\":\"PropertyValueSpecification\",\"valueRequired\":true,\"valueName\":\"search_term_string\"}}],\"inLanguage\":\"es\"},{\"@type\":\"Organization\",\"@id\":\"https:\\\/\\\/www.manukanewzealand.com\\\/es\\\/#organization\",\"name\":\"MNZ - Manuka New Zealand - The Best Raw Manuka Honey | Global\",\"url\":\"https:\\\/\\\/www.manukanewzealand.com\\\/es\\\/\",\"logo\":{\"@type\":\"ImageObject\",\"inLanguage\":\"es\",\"@id\":\"https:\\\/\\\/www.manukanewzealand.com\\\/es\\\/#\\\/schema\\\/logo\\\/image\\\/\",\"url\":\"https:\\\/\\\/www.manukanewzealand.com\\\/wp-content\\\/uploads\\\/2022\\\/11\\\/mnz-logo-200x200-1-1.png\",\"contentUrl\":\"https:\\\/\\\/www.manukanewzealand.com\\\/wp-content\\\/uploads\\\/2022\\\/11\\\/mnz-logo-200x200-1-1.png\",\"width\":200,\"height\":200,\"caption\":\"MNZ - Manuka New Zealand - The Best Raw Manuka Honey | Global\"},\"image\":{\"@id\":\"https:\\\/\\\/www.manukanewzealand.com\\\/es\\\/#\\\/schema\\\/logo\\\/image\\\/\"}}]}<\/script>\n<meta property=\"product:price:amount\" content=\"11.95\" \/>\n<meta property=\"product:price:currency\" content=\"EUR\" \/>\n<meta property=\"og:availability\" content=\"instock\" \/>\n<meta property=\"product:availability\" content=\"instock\" \/>\n<meta property=\"product:retailer_item_id\" content=\"MNZ201\" \/>\n<meta property=\"product:condition\" content=\"new\" \/>\n<!-- \/ Yoast SEO plugin. -->","yoast_head_json":{"title":"Pasta dental MNZ con miel de Manuka 75 ml | Con MGO 550+ Manuka, prop\u00f3leo y aceite de Manuka","description":"Pasta dental natural de baja espuma con miel de Manuka cruda MGO 550+, prop\u00f3leo de Nueva Zelanda y aceite de Manuka. Sin fl\u00faor ni SLS. Cuidado bucal diario suave. 75 ml de MNZ.","robots":{"index":"index","follow":"follow","max-snippet":"max-snippet:-1","max-image-preview":"max-image-preview:large","max-video-preview":"max-video-preview:-1"},"canonical":"https:\/\/www.manukanewzealand.com\/es\/product\/toothpaste-manuka-honey\/","og_locale":"es_MX","og_type":"article","og_title":"MNZ Manuka Honey Toothpaste 75 ml | With MGO 550+ Manuka, Propolis & Manuka Oil","og_description":"Natural low-foaming toothpaste with raw MGO 550+ Manuka honey, New Zealand propolis and Manuka oil. Fluoride- and SLS-free. Gentle daily oral care. 75 ml by MNZ.","og_url":"https:\/\/www.manukanewzealand.com\/es\/product\/toothpaste-manuka-honey\/","og_site_name":"MNZ - Manuka New Zealand - The Best Raw Manuka Honey | Global","article_modified_time":"2026-02-17T13:11:29+00:00","og_image":[{"width":500,"height":500,"url":"https:\/\/www.manukanewzealand.com\/wp-content\/uploads\/2023\/08\/manuka-tandpasta-mnz.webp","type":"image\/webp"}],"twitter_card":"summary_large_image","twitter_misc":{"Precio":"&euro;11,95 incl. VAT","Availability":"In stock"},"schema":{"@context":"https:\/\/schema.org","@graph":[{"@type":"WebPage","@id":"https:\/\/www.manukanewzealand.com\/product\/toothpaste-manuka-honey\/","url":"https:\/\/www.manukanewzealand.com\/product\/toothpaste-manuka-honey\/","name":"Pasta dental MNZ con miel de Manuka 75 ml | Con MGO 550+ Manuka, prop\u00f3leo y aceite de Manuka","isPartOf":{"@id":"https:\/\/www.manukanewzealand.com\/es\/#website"},"primaryImageOfPage":{"@id":"https:\/\/www.manukanewzealand.com\/product\/toothpaste-manuka-honey\/#primaryimage"},"image":{"@id":"https:\/\/www.manukanewzealand.com\/product\/toothpaste-manuka-honey\/#primaryimage"},"thumbnailUrl":"https:\/\/www.manukanewzealand.com\/wp-content\/uploads\/2023\/08\/manuka-tandpasta-mnz.webp","datePublished":"2024-01-12T13:29:33+00:00","dateModified":"2026-02-17T13:11:29+00:00","description":"Pasta dental natural de baja espuma con miel de Manuka cruda MGO 550+, prop\u00f3leo de Nueva Zelanda y aceite de Manuka. Sin fl\u00faor ni SLS. Cuidado bucal diario suave. 75 ml de MNZ.","breadcrumb":{"@id":"https:\/\/www.manukanewzealand.com\/product\/toothpaste-manuka-honey\/#breadcrumb"},"inLanguage":"es","potentialAction":[{"@type":"ReadAction","target":["https:\/\/www.manukanewzealand.com\/product\/toothpaste-manuka-honey\/"]}]},{"@type":"ImageObject","inLanguage":"es","@id":"https:\/\/www.manukanewzealand.com\/product\/toothpaste-manuka-honey\/#primaryimage","url":"https:\/\/www.manukanewzealand.com\/wp-content\/uploads\/2023\/08\/manuka-tandpasta-mnz.webp","contentUrl":"https:\/\/www.manukanewzealand.com\/wp-content\/uploads\/2023\/08\/manuka-tandpasta-mnz.webp","width":500,"height":500},{"@type":"BreadcrumbList","@id":"https:\/\/www.manukanewzealand.com\/product\/toothpaste-manuka-honey\/#breadcrumb","itemListElement":[{"@type":"ListItem","position":1,"name":"Home","item":"https:\/\/www.manukanewzealand.com\/"},{"@type":"ListItem","position":2,"name":"MNZ Products","item":"https:\/\/www.manukanewzealand.com\/mnz-products\/"},{"@type":"ListItem","position":3,"name":"Manuka Honey, Propolis &#038; Manuka Oil Toothpaste."}]},{"@type":"WebSite","@id":"https:\/\/www.manukanewzealand.com\/es\/#website","url":"https:\/\/www.manukanewzealand.com\/es\/","name":"MNZ - Manuka Nueva Zelanda - La mejor miel de Manuka cruda | Global","description":"","publisher":{"@id":"https:\/\/www.manukanewzealand.com\/es\/#organization"},"potentialAction":[{"@type":"SearchAction","target":{"@type":"EntryPoint","urlTemplate":"https:\/\/www.manukanewzealand.com\/es\/?s={search_term_string}"},"query-input":{"@type":"PropertyValueSpecification","valueRequired":true,"valueName":"search_term_string"}}],"inLanguage":"es"},{"@type":"Organization","@id":"https:\/\/www.manukanewzealand.com\/es\/#organization","name":"MNZ - Manuka Nueva Zelanda - La mejor miel de Manuka cruda | Global","url":"https:\/\/www.manukanewzealand.com\/es\/","logo":{"@type":"ImageObject","inLanguage":"es","@id":"https:\/\/www.manukanewzealand.com\/es\/#\/schema\/logo\/image\/","url":"https:\/\/www.manukanewzealand.com\/wp-content\/uploads\/2022\/11\/mnz-logo-200x200-1-1.png","contentUrl":"https:\/\/www.manukanewzealand.com\/wp-content\/uploads\/2022\/11\/mnz-logo-200x200-1-1.png","width":200,"height":200,"caption":"MNZ - Manuka New Zealand - The Best Raw Manuka Honey | Global"},"image":{"@id":"https:\/\/www.manukanewzealand.com\/es\/#\/schema\/logo\/image\/"}}]},"product_price_amount":"11.95","product_price_currency":"EUR","og_availability":"instock","product_availability":"instock","product_retailer_item_id":"MNZ201","product_condition":"new"},"_links":{"self":[{"href":"https:\/\/www.manukanewzealand.com\/es\/wp-json\/wp\/v2\/product\/26902","targetHints":{"allow":["GET"]}}],"collection":[{"href":"https:\/\/www.manukanewzealand.com\/es\/wp-json\/wp\/v2\/product"}],"about":[{"href":"https:\/\/www.manukanewzealand.com\/es\/wp-json\/wp\/v2\/types\/product"}],"replies":[{"embeddable":true,"href":"https:\/\/www.manukanewzealand.com\/es\/wp-json\/wp\/v2\/comments?post=26902"}],"wp:featuredmedia":[{"embeddable":true,"href":"https:\/\/www.manukanewzealand.com\/es\/wp-json\/wp\/v2\/media\/34179"}],"wp:attachment":[{"href":"https:\/\/www.manukanewzealand.com\/es\/wp-json\/wp\/v2\/media?parent=26902"}],"wp:term":[{"taxonomy":"product_brand","embeddable":true,"href":"https:\/\/www.manukanewzealand.com\/es\/wp-json\/wp\/v2\/product_brand?post=26902"},{"taxonomy":"product_cat","embeddable":true,"href":"https:\/\/www.manukanewzealand.com\/es\/wp-json\/wp\/v2\/product_cat?post=26902"},{"taxonomy":"product_tag","embeddable":true,"href":"https:\/\/www.manukanewzealand.com\/es\/wp-json\/wp\/v2\/product_tag?post=26902"}],"curies":[{"name":"wp","href":"https:\/\/api.w.org\/{rel}","templated":true}]}}