{"id":34168,"date":"2023-07-18T15:42:12","date_gmt":"2023-07-18T14:42:12","guid":{"rendered":"https:\/\/www.manukanewzealand.com\/?page_id=34168"},"modified":"2026-02-18T15:03:34","modified_gmt":"2026-02-18T14:03:34","slug":"wireless-frequency-protection","status":"publish","type":"page","link":"https:\/\/www.manukanewzealand.com\/es\/wireless-frequency-protection\/","title":{"rendered":"Protecci\u00f3n de frecuencias inal\u00e1mbricas"},"content":{"rendered":"<div id=\"page-header-359185757\" class=\"page-header-wrapper\">\n  <div class=\"page-title dark divided-title\">\n\n        <div class=\"page-title-bg\">\n      <div class=\"title-bg fill bg-fill\"\n        data-parallax-container=\".page-title\"\n        data-parallax-background\n data-parallax=\"-\">\n      <\/div>\n      <div class=\"title-overlay fill\"><\/div>\n    <\/div>\n    \n    <div class=\"page-title-inner container align-center flex-row medium-flex-wrap\" >\n              <div class=\"title-wrapper flex-col text-left medium-text-center\">\n          <h1 class=\"entry-title mb-0\">\n            Protecci\u00f3n de frecuencias inal\u00e1mbricas          <\/h1>\n        <\/div>\n                    <div class=\"title-content flex-col flex-right text-right medium-text-center\">\n        <div class=\"title-breadcrumbs pb-half pt-half\"><nav class=\"woocommerce-breadcrumb breadcrumbs\" aria-label=\"Ruta de navegaci\u00f3n\">Inicio<\/nav><\/div>      <\/div>\n    <\/div>\n\n     \n<style>\n#page-header-359185757 .page-title-inner {\n  min-height: 250px;\n}\n#page-header-359185757 .title-bg {\n  background-image: url(https:\/\/www.manukanewzealand.com\/wp-content\/uploads\/2026\/02\/mnz-header-2.jpg);\n}\n<\/style>\n  <\/div>\n  <div class=\"container header-wrapper-divider\"><hr\/><\/div>  <\/div>\n  \n\n\t<section class=\"section\" id=\"section_1658394537\">\n\t\t<div class=\"section-bg fill\" >\n\t\t\t\t\t\t\t\t\t\n\t\t\t\n\n\t\t<\/div>\n\n\t\t\n\n\t\t<div class=\"section-content relative\">\n\t\t\t\n<div class=\"row align-middle align-center\"  id=\"row-1385860736\">\n\n\t<div id=\"col-20278121\" class=\"col medium-12 small-12 large-8\"  >\n\t\t\t\t<div class=\"col-inner\"  >\n\t\t\t\n\t\t\t\n<p>En los \u00faltimos a\u00f1os, han surgido debates sobre los posibles efectos de la exposici\u00f3n prolongada a ciertos factores ambientales, incluida la infraestructura de comunicaciones inal\u00e1mbricas, en la salud de las abejas mel\u00edferas. Dado que las abejas desempe\u00f1an un papel fundamental en la polinizaci\u00f3n y el equilibrio del ecosistema, una gesti\u00f3n responsable de las colmenas requiere una consideraci\u00f3n cuidadosa de su entorno.<\/p>\n<p>MNZ sigue un enfoque preventivo en su estrategia de ubicaci\u00f3n de colmenas. Nuestras colmenas se colocan deliberadamente en lugares remotos y rurales con una infraestructura m\u00ednima en los alrededores. Estas zonas, cuidadosamente seleccionadas, se eligen no solo por su abundancia de \u00e1rboles de Manuka, sino tambi\u00e9n por su lejan\u00eda de la actividad humana intensiva y de las instalaciones a gran escala.<\/p>\n<p>Al ubicar nuestras colmenas de madera en entornos aislados y naturales, MNZ pretende proporcionar condiciones estables que favorezcan el comportamiento natural de las abejas, incluyendo su capacidad de orientaci\u00f3n y de retorno al panal. Este enfoque forma parte de nuestro compromiso m\u00e1s amplio con el bienestar de las abejas y las pr\u00e1cticas ap\u00edcolas sostenibles.<\/p>\n\t\t<\/div>\n\t\t\t\t\t<\/div>\n\n\t\n\n\t<div id=\"col-1580454667\" class=\"col medium-12 small-12 large-4\"  >\n\t\t\t\t<div class=\"col-inner text-center\"  >\n\t\t\t\n\t\t\t\n\t<div class=\"img has-hover x md-x lg-x y md-y lg-y\" id=\"image_1718626462\">\n\t\t\t\t\t\t\t\t<div class=\"img-inner dark\" >\n\t\t\t<img decoding=\"async\" width=\"595\" height=\"842\" src=\"https:\/\/www.manukanewzealand.com\/wp-content\/uploads\/2023\/04\/beeprotective-logo-fc-1.webp\" class=\"attachment-original size-original\" alt=\"\" srcset=\"https:\/\/www.manukanewzealand.com\/wp-content\/uploads\/2023\/04\/beeprotective-logo-fc-1.webp 595w, https:\/\/www.manukanewzealand.com\/wp-content\/uploads\/2023\/04\/beeprotective-logo-fc-1-500x708.webp 500w, https:\/\/www.manukanewzealand.com\/wp-content\/uploads\/2023\/04\/beeprotective-logo-fc-1-212x300.webp 212w, https:\/\/www.manukanewzealand.com\/wp-content\/uploads\/2023\/04\/beeprotective-logo-fc-1-8x12.webp 8w\" sizes=\"(max-width: 595px) 100vw, 595px\" \/>\t\t\t\t\t\t\n\t\t\t\t\t<\/div>\n\t\t\t\t\t\t\t\t\n<style>\n#image_1718626462 {\n  width: 42%;\n}\n<\/style>\n\t<\/div>\n\t\n\t\t<\/div>\n\t\t\t\t\n<style>\n#col-1580454667 > .col-inner {\n  max-width: 500px;\n}\n<\/style>\n\t<\/div>\n\n\t\n<\/div>\n\t\t<\/div>\n\n\t\t\n<style>\n#section_1658394537 {\n  padding-top: 30px;\n  padding-bottom: 30px;\n}\n<\/style>\n\t<\/section>\n\t\n\n\t<section class=\"section has-parallax\" id=\"section_1669834003\">\n\t\t<div class=\"section-bg fill\" data-parallax-container=\".section\" data-parallax-background data-parallax=\"-4\">\n\t\t\t<img decoding=\"async\" width=\"500\" height=\"500\" src=\"https:\/\/www.manukanewzealand.com\/wp-content\/uploads\/2024\/12\/bees.jpg\" class=\"bg attachment-original size-original\" alt=\"\" \/>\t\t\t\t\t\t<div class=\"section-bg-overlay absolute fill\"><\/div>\n\t\t\t\n\n\t\t<\/div>\n\n\t\t\n\n\t\t<div class=\"section-content relative\">\n\t\t\t\n<div class=\"row\"  id=\"row-777891419\">\n\n\t<div id=\"col-627678275\" class=\"col small-12 large-12\"  >\n\t\t\t\t<div class=\"col-inner dark\"  >\n\t\t\t\n\t\t\t\n\t<div id=\"text-2678951350\" class=\"text\">\n\t\t\n<h4><strong>Resumen<\/strong><\/h4>\n<div>La urbanizaci\u00f3n y el uso cada vez mayor de tecnolog\u00edas inal\u00e1mbricas provocan un aumento de las tasas de emisi\u00f3n de campos electromagn\u00e9ticos de radiofrecuencia (RF-EMF) en zonas pobladas. Esta radiaci\u00f3n electromagn\u00e9tica antropog\u00e9nica es una forma de contaminaci\u00f3n ambiental y un posible factor de estr\u00e9s para las abejas y otros insectos voladores. Las ciudades suelen tener una alta densidad de dispositivos inal\u00e1mbricos que operan en frecuencias de microondas, las cuales generan frecuencias electromagn\u00e9ticas, por ejemplo, en las bandas de 2,4 y 5,8 GHz, com\u00fanmente utilizadas por las tecnolog\u00edas inal\u00e1mbricas. Hasta la fecha, los efectos de la radiaci\u00f3n electromagn\u00e9tica no ionizante sobre la vitalidad y el comportamiento de los insectos son poco conocidos. En nuestro experimento utilizamos abejas mel\u00edferas como organismos modelo y analizamos los efectos de exposiciones definidas a 2,4 y 5,8 GHz sobre el desarrollo de las cr\u00edas, la longevidad y<br \/>capacidad de orientaci\u00f3n en condiciones de campo. Para generar esta radiaci\u00f3n, utilizamos una fuente de radiaci\u00f3n de alta calidad que genera una radiaci\u00f3n electromagn\u00e9tica constante, definible y realista, dise\u00f1ada para este experimento por el Laboratorio de Ingenier\u00eda de Comunicaciones (CEL) del Instituto Tecnol\u00f3gico de Karlsruhe. Nuestros resultados muestran efectos significativos de la exposici\u00f3n prolongada en la capacidad de orientaci\u00f3n de las abejas mel\u00edferas en busca de alimento, pero no efectos en el desarrollo de las cr\u00edas ni en la longevidad de las obreras adultas. Gracias a esta novedosa configuraci\u00f3n t\u00e9cnica de alta calidad, este trabajo interdisciplinario proporciona nuevos datos sobre los efectos de estas frecuencias ampliamente utilizadas en importantes par\u00e1metros de aptitud f\u00edsica de las abejas mel\u00edferas en vuelo libre.\u00a0<strong>M. Treder, M. M\u00fcller, L. Fellner, et al., Exposici\u00f3n definida de colonias de abejas mel\u00edferas a campos electromagn\u00e9ticos de radiofrecuencia simulados (RFEMF): efectos negativos sobre la capacidad de orientaci\u00f3n, pero no sobre el desarrollo de las cr\u00edas ni la longevidad, Science of the Total Environment (2023) https:\/\/doi.org\/10.1016\/j.scitotenv.2023.165211<\/strong><\/div>\n\t\t\n<style>\n#text-2678951350 {\n  font-size: 0.8rem;\n}\n<\/style>\n\t<\/div>\n\t\n\t\t<\/div>\n\t\t\t\t\t<\/div>\n\n\t\n<\/div>\n\t\t<\/div>\n\n\t\t\n<style>\n#section_1669834003 {\n  padding-top: 30px;\n  padding-bottom: 30px;\n}\n#section_1669834003 .section-bg-overlay {\n  background-color: rgba(0, 0, 0, 0.419);\n}\n#section_1669834003 .section-bg img {\n  object-position: 35% 53%;\n}\n<\/style>\n\t<\/section>\n\t\n\n\t<section class=\"section\" id=\"section_1732961536\">\n\t\t<div class=\"section-bg fill\" >\n\t\t\t\t\t\t\t\t\t\n\t\t\t\n\n\t\t<\/div>\n\n\t\t\n\n\t\t<div class=\"section-content relative\">\n\t\t\t\n<div class=\"row\"  id=\"row-1391605720\">\n\n\t<div id=\"col-490573099\" class=\"col small-12 large-12\"  >\n\t\t\t\t<div class=\"col-inner\"  >\n\t\t\t\n\t\t\t\n<p>La decisi\u00f3n de MNZ de ubicar las colmenas lejos de grandes infraestructuras forma parte de nuestro compromiso general con el bienestar de las abejas. Damos prioridad a lugares remotos y naturales que ofrecen condiciones estables y sin perturbaciones para nuestras colonias.<\/p>\n<p>Las abejas dependen de sus altamente desarrolladas habilidades de orientaci\u00f3n y retorno al hogar para buscar alimento y regresar sanas y salvas a la colmena. Al seleccionar zonas rurales aisladas con una actividad m\u00ednima en los alrededores, MNZ favorece un entorno natural que permite que estos comportamientos se desarrollen sin perturbaciones externas innecesarias.<\/p>\n<p>Este enfoque preventivo refleja nuestro compromiso con el mantenimiento de colonias sanas y pr\u00e1cticas ap\u00edcolas sostenibles. La ubicaci\u00f3n de las colmenas es solo uno de los elementos de un programa integral de protecci\u00f3n y salud de las abejas que incluye inspecciones peri\u00f3dicas de las colmenas, estrictos procedimientos de control de calidad y el pleno cumplimiento de la normativa del gobierno de Nueva Zelanda.<\/p>\n<p>Al centrarse en una gesti\u00f3n responsable de las colmenas y en entornos cuidadosamente seleccionados, MNZ trabaja para proteger el bienestar de sus abejas y, al mismo tiempo, producir miel de Manuka monofloral de alta calidad, cruda, sin filtrar y sin pasteurizar. El apoyo a los polinizadores saludables sigue siendo fundamental para nuestra sostenibilidad a largo plazo y nuestro compromiso con los est\u00e1ndares de producci\u00f3n natural.<\/p>\n\t\t<\/div>\n\t\t\t\t\t<\/div>\n\n\t\n\n<style>\n#row-1391605720 > .col > .col-inner {\n  padding: 50px 0px 0px 0px;\n}\n<\/style>\n<\/div>\n<div class=\"row\"  id=\"row-1524658765\">\n\n\t<div id=\"col-1312594632\" class=\"col small-12 large-12\"  >\n\t\t\t\t<div class=\"col-inner\"  >\n\t\t\t\n\t\t\t\n\t<div id=\"stack-798097541\" class=\"stack stack-row justify-center items-center\">\n\t\t\n\t<div class=\"img has-hover x md-x lg-x y md-y lg-y\" id=\"image_1532912576\">\n\t\t\t\t\t\t\t\t<div class=\"img-inner dark\" >\n\t\t\t<img decoding=\"async\" width=\"212\" height=\"300\" src=\"https:\/\/www.manukanewzealand.com\/wp-content\/uploads\/2023\/04\/beeprotective-logo-fc-1-212x300.webp\" class=\"attachment-medium size-medium\" alt=\"\" srcset=\"https:\/\/www.manukanewzealand.com\/wp-content\/uploads\/2023\/04\/beeprotective-logo-fc-1-212x300.webp 212w, https:\/\/www.manukanewzealand.com\/wp-content\/uploads\/2023\/04\/beeprotective-logo-fc-1-500x708.webp 500w, https:\/\/www.manukanewzealand.com\/wp-content\/uploads\/2023\/04\/beeprotective-logo-fc-1-8x12.webp 8w, https:\/\/www.manukanewzealand.com\/wp-content\/uploads\/2023\/04\/beeprotective-logo-fc-1.webp 595w\" sizes=\"(max-width: 212px) 100vw, 212px\" \/>\t\t\t\t\t\t\n\t\t\t\t\t<\/div>\n\t\t\t\t\t\t\t\t\n<style>\n#image_1532912576 {\n  width: 30%;\n}\n@media (min-width:550px) {\n  #image_1532912576 {\n    width: 24%;\n  }\n}\n@media (min-width:850px) {\n  #image_1532912576 {\n    width: 15%;\n  }\n}\n<\/style>\n\t<\/div>\n\t\n\t<div class=\"img has-hover x md-x lg-x y md-y lg-y\" id=\"image_1774502895\">\n\t\t\t\t\t\t\t\t<div class=\"img-inner dark\" >\n\t\t\t<img decoding=\"async\" width=\"300\" height=\"300\" src=\"https:\/\/www.manukanewzealand.com\/wp-content\/uploads\/2022\/02\/Manuka-ID-1-300x300.png\" class=\"attachment-medium size-medium\" alt=\"\" srcset=\"https:\/\/www.manukanewzealand.com\/wp-content\/uploads\/2022\/02\/Manuka-ID-1-300x300.png 300w, https:\/\/www.manukanewzealand.com\/wp-content\/uploads\/2022\/02\/Manuka-ID-1-500x500.png 500w, https:\/\/www.manukanewzealand.com\/wp-content\/uploads\/2022\/02\/Manuka-ID-1-100x100.png 100w, https:\/\/www.manukanewzealand.com\/wp-content\/uploads\/2022\/02\/Manuka-ID-1-80x80.png 80w, https:\/\/www.manukanewzealand.com\/wp-content\/uploads\/2022\/02\/Manuka-ID-1-12x12.png 12w, https:\/\/www.manukanewzealand.com\/wp-content\/uploads\/2022\/02\/Manuka-ID-1.png 573w\" sizes=\"(max-width: 300px) 100vw, 300px\" \/>\t\t\t\t\t\t\n\t\t\t\t\t<\/div>\n\t\t\t\t\t\t\t\t\n<style>\n#image_1774502895 {\n  width: 39%;\n}\n@media (min-width:550px) {\n  #image_1774502895 {\n    width: 32%;\n  }\n}\n@media (min-width:850px) {\n  #image_1774502895 {\n    width: 22%;\n  }\n}\n<\/style>\n\t<\/div>\n\t\n\t<div class=\"img has-hover x md-x lg-x y md-y lg-y\" id=\"image_1737742889\">\n\t\t\t\t\t\t\t\t<div class=\"img-inner dark\" >\n\t\t\t<img decoding=\"async\" width=\"240\" height=\"300\" src=\"https:\/\/www.manukanewzealand.com\/wp-content\/uploads\/2023\/04\/mnz-regular-logo-240x300.webp\" class=\"attachment-medium size-medium\" alt=\"\" srcset=\"https:\/\/www.manukanewzealand.com\/wp-content\/uploads\/2023\/04\/mnz-regular-logo-240x300.webp 240w, https:\/\/www.manukanewzealand.com\/wp-content\/uploads\/2023\/04\/mnz-regular-logo-500x624.webp 500w, https:\/\/www.manukanewzealand.com\/wp-content\/uploads\/2023\/04\/mnz-regular-logo-64x80.webp 64w, https:\/\/www.manukanewzealand.com\/wp-content\/uploads\/2023\/04\/mnz-regular-logo.webp 585w\" sizes=\"(max-width: 240px) 100vw, 240px\" \/>\t\t\t\t\t\t\n\t\t\t\t\t<\/div>\n\t\t\t\t\t\t\t\t\n<style>\n#image_1737742889 {\n  width: 26%;\n}\n@media (min-width:550px) {\n  #image_1737742889 {\n    width: 21%;\n  }\n}\n@media (min-width:850px) {\n  #image_1737742889 {\n    width: 13%;\n  }\n}\n<\/style>\n\t<\/div>\n\t\n\t\t\n<style>\n#stack-798097541 > * {\n  --stack-gap: 0rem;\n}\n<\/style>\n\t<\/div>\n\t\n\t\t<\/div>\n\t\t\t\t\t<\/div>\n\n\t\n<\/div>\n\t\t<\/div>\n\n\t\t\n<style>\n#section_1732961536 {\n  padding-top: 30px;\n  padding-bottom: 30px;\n}\n<\/style>\n\t<\/section>","protected":false},"excerpt":{"rendered":"","protected":false},"author":2,"featured_media":0,"parent":0,"menu_order":0,"comment_status":"closed","ping_status":"closed","template":"","meta":{"footnotes":""},"class_list":["post-34168","page","type-page","status-publish","hentry"],"yoast_head":"<!-- This site is optimized with the Yoast SEO plugin v27.4 - https:\/\/yoast.com\/product\/yoast-seo-wordpress\/ -->\n<title>Wireless Frequency Protection - MNZ - Manuka New Zealand - The Best Raw Manuka Honey | Global<\/title>\n<meta name=\"robots\" content=\"index, follow, max-snippet:-1, max-image-preview:large, max-video-preview:-1\" \/>\n<link rel=\"canonical\" href=\"https:\/\/www.manukanewzealand.com\/es\/wireless-frequency-protection\/\" \/>\n<meta property=\"og:locale\" content=\"es_MX\" \/>\n<meta property=\"og:type\" content=\"article\" \/>\n<meta property=\"og:title\" content=\"Wireless Frequency Protection - MNZ - Manuka New Zealand - The Best Raw Manuka Honey | Global\" \/>\n<meta property=\"og:url\" content=\"https:\/\/www.manukanewzealand.com\/es\/wireless-frequency-protection\/\" \/>\n<meta property=\"og:site_name\" content=\"MNZ - Manuka New Zealand - The Best Raw Manuka Honey | Global\" \/>\n<meta property=\"article:modified_time\" content=\"2026-02-18T14:03:34+00:00\" \/>\n<meta property=\"og:image\" content=\"https:\/\/www.manukanewzealand.com\/wp-content\/uploads\/2022\/11\/mnz-logo-200x200-1-1.png\" \/>\n\t<meta property=\"og:image:width\" content=\"200\" \/>\n\t<meta property=\"og:image:height\" content=\"200\" \/>\n\t<meta property=\"og:image:type\" content=\"image\/png\" \/>\n<meta name=\"twitter:card\" content=\"summary_large_image\" \/>\n<meta name=\"twitter:label1\" content=\"Tiempo de lectura\" \/>\n\t<meta name=\"twitter:data1\" content=\"3 minutos\" \/>\n<script type=\"application\/ld+json\" class=\"yoast-schema-graph\">{\"@context\":\"https:\\\/\\\/schema.org\",\"@graph\":[{\"@type\":\"WebPage\",\"@id\":\"https:\\\/\\\/www.manukanewzealand.com\\\/wireless-frequency-protection\\\/\",\"url\":\"https:\\\/\\\/www.manukanewzealand.com\\\/wireless-frequency-protection\\\/\",\"name\":\"Wireless Frequency Protection - MNZ - Manuka New Zealand - The Best Raw Manuka Honey | Global\",\"isPartOf\":{\"@id\":\"https:\\\/\\\/www.manukanewzealand.com\\\/es\\\/#website\"},\"datePublished\":\"2023-07-18T14:42:12+00:00\",\"dateModified\":\"2026-02-18T14:03:34+00:00\",\"breadcrumb\":{\"@id\":\"https:\\\/\\\/www.manukanewzealand.com\\\/wireless-frequency-protection\\\/#breadcrumb\"},\"inLanguage\":\"es\",\"potentialAction\":[{\"@type\":\"ReadAction\",\"target\":[\"https:\\\/\\\/www.manukanewzealand.com\\\/wireless-frequency-protection\\\/\"]}]},{\"@type\":\"BreadcrumbList\",\"@id\":\"https:\\\/\\\/www.manukanewzealand.com\\\/wireless-frequency-protection\\\/#breadcrumb\",\"itemListElement\":[{\"@type\":\"ListItem\",\"position\":1,\"name\":\"Home\",\"item\":\"https:\\\/\\\/www.manukanewzealand.com\\\/\"},{\"@type\":\"ListItem\",\"position\":2,\"name\":\"Wireless Frequency Protection\"}]},{\"@type\":\"WebSite\",\"@id\":\"https:\\\/\\\/www.manukanewzealand.com\\\/es\\\/#website\",\"url\":\"https:\\\/\\\/www.manukanewzealand.com\\\/es\\\/\",\"name\":\"MNZ - Manuka New Zealand - The Best Raw Manuka Honey | Global\",\"description\":\"\",\"publisher\":{\"@id\":\"https:\\\/\\\/www.manukanewzealand.com\\\/es\\\/#organization\"},\"potentialAction\":[{\"@type\":\"SearchAction\",\"target\":{\"@type\":\"EntryPoint\",\"urlTemplate\":\"https:\\\/\\\/www.manukanewzealand.com\\\/es\\\/?s={search_term_string}\"},\"query-input\":{\"@type\":\"PropertyValueSpecification\",\"valueRequired\":true,\"valueName\":\"search_term_string\"}}],\"inLanguage\":\"es\"},{\"@type\":\"Organization\",\"@id\":\"https:\\\/\\\/www.manukanewzealand.com\\\/es\\\/#organization\",\"name\":\"MNZ - Manuka New Zealand - The Best Raw Manuka Honey | Global\",\"url\":\"https:\\\/\\\/www.manukanewzealand.com\\\/es\\\/\",\"logo\":{\"@type\":\"ImageObject\",\"inLanguage\":\"es\",\"@id\":\"https:\\\/\\\/www.manukanewzealand.com\\\/es\\\/#\\\/schema\\\/logo\\\/image\\\/\",\"url\":\"https:\\\/\\\/www.manukanewzealand.com\\\/wp-content\\\/uploads\\\/2022\\\/11\\\/mnz-logo-200x200-1-1.png\",\"contentUrl\":\"https:\\\/\\\/www.manukanewzealand.com\\\/wp-content\\\/uploads\\\/2022\\\/11\\\/mnz-logo-200x200-1-1.png\",\"width\":200,\"height\":200,\"caption\":\"MNZ - Manuka New Zealand - The Best Raw Manuka Honey | Global\"},\"image\":{\"@id\":\"https:\\\/\\\/www.manukanewzealand.com\\\/es\\\/#\\\/schema\\\/logo\\\/image\\\/\"}}]}<\/script>\n<!-- \/ Yoast SEO plugin. -->","yoast_head_json":{"title":"Protecci\u00f3n contra frecuencias inal\u00e1mbricas - MNZ - Manuka Nueva Zelanda - La mejor miel de Manuka cruda | Global","robots":{"index":"index","follow":"follow","max-snippet":"max-snippet:-1","max-image-preview":"max-image-preview:large","max-video-preview":"max-video-preview:-1"},"canonical":"https:\/\/www.manukanewzealand.com\/es\/wireless-frequency-protection\/","og_locale":"es_MX","og_type":"article","og_title":"Wireless Frequency Protection - MNZ - Manuka New Zealand - The Best Raw Manuka Honey | Global","og_url":"https:\/\/www.manukanewzealand.com\/es\/wireless-frequency-protection\/","og_site_name":"MNZ - Manuka New Zealand - The Best Raw Manuka Honey | Global","article_modified_time":"2026-02-18T14:03:34+00:00","og_image":[{"width":200,"height":200,"url":"https:\/\/www.manukanewzealand.com\/wp-content\/uploads\/2022\/11\/mnz-logo-200x200-1-1.png","type":"image\/png"}],"twitter_card":"summary_large_image","twitter_misc":{"Tiempo de lectura":"3 minutos"},"schema":{"@context":"https:\/\/schema.org","@graph":[{"@type":"WebPage","@id":"https:\/\/www.manukanewzealand.com\/wireless-frequency-protection\/","url":"https:\/\/www.manukanewzealand.com\/wireless-frequency-protection\/","name":"Protecci\u00f3n contra frecuencias inal\u00e1mbricas - MNZ - Manuka Nueva Zelanda - La mejor miel de Manuka cruda | Global","isPartOf":{"@id":"https:\/\/www.manukanewzealand.com\/es\/#website"},"datePublished":"2023-07-18T14:42:12+00:00","dateModified":"2026-02-18T14:03:34+00:00","breadcrumb":{"@id":"https:\/\/www.manukanewzealand.com\/wireless-frequency-protection\/#breadcrumb"},"inLanguage":"es","potentialAction":[{"@type":"ReadAction","target":["https:\/\/www.manukanewzealand.com\/wireless-frequency-protection\/"]}]},{"@type":"BreadcrumbList","@id":"https:\/\/www.manukanewzealand.com\/wireless-frequency-protection\/#breadcrumb","itemListElement":[{"@type":"ListItem","position":1,"name":"Home","item":"https:\/\/www.manukanewzealand.com\/"},{"@type":"ListItem","position":2,"name":"Wireless Frequency Protection"}]},{"@type":"WebSite","@id":"https:\/\/www.manukanewzealand.com\/es\/#website","url":"https:\/\/www.manukanewzealand.com\/es\/","name":"MNZ - Manuka Nueva Zelanda - La mejor miel de Manuka cruda | Global","description":"","publisher":{"@id":"https:\/\/www.manukanewzealand.com\/es\/#organization"},"potentialAction":[{"@type":"SearchAction","target":{"@type":"EntryPoint","urlTemplate":"https:\/\/www.manukanewzealand.com\/es\/?s={search_term_string}"},"query-input":{"@type":"PropertyValueSpecification","valueRequired":true,"valueName":"search_term_string"}}],"inLanguage":"es"},{"@type":"Organization","@id":"https:\/\/www.manukanewzealand.com\/es\/#organization","name":"MNZ - Manuka Nueva Zelanda - La mejor miel de Manuka cruda | Global","url":"https:\/\/www.manukanewzealand.com\/es\/","logo":{"@type":"ImageObject","inLanguage":"es","@id":"https:\/\/www.manukanewzealand.com\/es\/#\/schema\/logo\/image\/","url":"https:\/\/www.manukanewzealand.com\/wp-content\/uploads\/2022\/11\/mnz-logo-200x200-1-1.png","contentUrl":"https:\/\/www.manukanewzealand.com\/wp-content\/uploads\/2022\/11\/mnz-logo-200x200-1-1.png","width":200,"height":200,"caption":"MNZ - Manuka New Zealand - The Best Raw Manuka Honey | Global"},"image":{"@id":"https:\/\/www.manukanewzealand.com\/es\/#\/schema\/logo\/image\/"}}]}},"_links":{"self":[{"href":"https:\/\/www.manukanewzealand.com\/es\/wp-json\/wp\/v2\/pages\/34168","targetHints":{"allow":["GET"]}}],"collection":[{"href":"https:\/\/www.manukanewzealand.com\/es\/wp-json\/wp\/v2\/pages"}],"about":[{"href":"https:\/\/www.manukanewzealand.com\/es\/wp-json\/wp\/v2\/types\/page"}],"author":[{"embeddable":true,"href":"https:\/\/www.manukanewzealand.com\/es\/wp-json\/wp\/v2\/users\/2"}],"replies":[{"embeddable":true,"href":"https:\/\/www.manukanewzealand.com\/es\/wp-json\/wp\/v2\/comments?post=34168"}],"version-history":[{"count":1,"href":"https:\/\/www.manukanewzealand.com\/es\/wp-json\/wp\/v2\/pages\/34168\/revisions"}],"predecessor-version":[{"id":35291,"href":"https:\/\/www.manukanewzealand.com\/es\/wp-json\/wp\/v2\/pages\/34168\/revisions\/35291"}],"wp:attachment":[{"href":"https:\/\/www.manukanewzealand.com\/es\/wp-json\/wp\/v2\/media?parent=34168"}],"curies":[{"name":"wp","href":"https:\/\/api.w.org\/{rel}","templated":true}]}}