{"id":33604,"date":"2022-08-24T11:58:46","date_gmt":"2022-08-24T10:58:46","guid":{"rendered":"https:\/\/www.manukanewzealand.com\/?page_id=33604"},"modified":"2026-02-18T15:39:00","modified_gmt":"2026-02-18T14:39:00","slug":"information","status":"publish","type":"page","link":"https:\/\/www.manukanewzealand.com\/es\/information\/","title":{"rendered":"Informaci\u00f3n sobre precios, env\u00edos y pedidos"},"content":{"rendered":"<div id=\"page-header-1705540608\" class=\"page-header-wrapper\">\n  <div class=\"page-title dark simple-title\">\n\n        <div class=\"page-title-bg\">\n      <div class=\"title-bg fill bg-fill\"\n        data-parallax-container=\".page-title\"\n        data-parallax-background\n data-parallax=\"-\">\n      <\/div>\n      <div class=\"title-overlay fill\"><\/div>\n    <\/div>\n    \n    <div class=\"page-title-inner container align-center flex-row medium-flex-wrap\" >\n              <div class=\"title-wrapper is-large flex-col text-left medium-text-center\">\n          <h1 class=\"entry-title mb-0\">\n            Informaci\u00f3n sobre precios, env\u00edos y pedidos          <\/h1>\n        <\/div>\n                    <div class=\"title-content flex-col flex-right text-right medium-text-center\">\n        <div class=\"title-breadcrumbs pb-half pt-half\"><nav class=\"woocommerce-breadcrumb breadcrumbs\" aria-label=\"Ruta de navegaci\u00f3n\">Inicio<\/nav><\/div>      <\/div>\n    <\/div>\n\n     \n<style>\n#page-header-1705540608 .page-title-inner {\n  min-height: 250px;\n}\n#page-header-1705540608 .title-bg {\n  background-image: url(https:\/\/www.manukanewzealand.com\/wp-content\/uploads\/2026\/02\/mnz-header-2.jpg);\n}\n<\/style>\n  <\/div>\n    <\/div>\n  \n\n\t<section class=\"section\" id=\"section_1081789792\">\n\t\t<div class=\"section-bg fill\" >\n\t\t\t\t\t\t\t\t\t\n\t\t\t\n\n\t\t<\/div>\n\n\t\t\n\n\t\t<div class=\"section-content relative\">\n\t\t\t\n<div class=\"row\"  id=\"row-917542609\">\n\n\t<div id=\"col-1364100492\" class=\"col small-12 large-12\"  >\n\t\t\t\t<div class=\"col-inner\"  >\n\t\t\t\n\t\t\t\n<div class=\"container section-title-container\" style=\"margin-top:75px;\"><h3 class=\"section-title section-title-center\"><b aria-hidden=\"true\"><\/b><span class=\"section-title-main\" >PRIVACIDAD, EXENCI\u00d3N DE RESPONSABILIDAD, T\u00c9RMINOS Y CONDICIONES<\/span><b aria-hidden=\"true\"><\/b><\/h3><\/div>\n<p style=\"text-align: center;\"><a href=\"https:\/\/www.manukanewzealand.com\/es\/privacy\/\" rel=\"nofollow\">Pol\u00edtica de privacidad<\/a> |\u00a0<a href=\"https:\/\/www.manukanewzealand.com\/es\/disclaimer\/\" rel=\"nofollow\">Descargo de responsabilidad \u00a0<\/a>|<a href=\"https:\/\/www.manukanewzealand.com\/es\/generalconditions\/\" rel=\"nofollow\">T\u00e9rminos y condiciones<\/a><\/p>\n<div class=\"container section-title-container\" style=\"margin-top:75px;\"><h3 class=\"section-title section-title-center\"><b aria-hidden=\"true\"><\/b><span class=\"section-title-main\" >ENTREGA<\/span><b aria-hidden=\"true\"><\/b><\/h3><\/div>\n<div id=\"_rich_text-96-20\" class=\"oxy-rich-text\">\n<h3>ENV\u00cdO GRATIS* A TODO EL MUNDO<\/h3>\n<p>Disfruta de env\u00edo gratuito a la mayor\u00eda de pa\u00edses del mundo en pedidos superiores a 250 \u20ac. Para pedidos inferiores a 250 \u20ac, el env\u00edo cuesta a partir de solo 50 \u20ac para la mayor\u00eda de destinos de la UE, y las tarifas exactas para determinados pa\u00edses se muestran durante el proceso de pago.<\/p>\n<\/div>\n<div id=\"_rich_text-110-33604\" class=\"oxy-rich-text\">\n<h3>ENTREGA A TODO EL MUNDO<\/h3>\n<p>Ofrecemos env\u00edos a todo el mundo, y los gastos de env\u00edo espec\u00edficos se calcular\u00e1n y le ser\u00e1n presentados durante el proceso de pago.<\/p>\n<\/div>\n<div class=\"container section-title-container\" style=\"margin-top:75px;\"><h3 class=\"section-title section-title-center\"><b aria-hidden=\"true\"><\/b><span class=\"section-title-main\" >CUENTA<\/span><b aria-hidden=\"true\"><\/b><\/h3><\/div>\n<p><strong>Crear una cuenta<br \/><\/strong>Puede crear una cuenta de forma f\u00e1cil y gratuita a trav\u00e9s de\u00a0\u00a0<a href=\"https:\/\/www.manukanewzealand.com\/es\/my-account\/\">https:\/\/www.manukanewzealand.com\/my-account\/<\/a><br \/><strong><br \/>Iniciar sesi\u00f3n<br \/><\/strong>Iniciar sesi\u00f3n es r\u00e1pido y f\u00e1cil a trav\u00e9s de\u00a0\u00a0<a href=\"https:\/\/www.manukanewzealand.com\/es\/my-account\/\">https:\/\/www.manukanewzealand.com\/my-account\/<\/a><br \/><strong><br \/>\u00bfOlvid\u00f3 su contrase\u00f1a?<br \/><\/strong>Puede solicitar f\u00e1cilmente la contrase\u00f1a de su cuenta a trav\u00e9s de\u00a0<a href=\"https:\/\/www.manukanewzealand.com\/es\/my-account\/lost-password\/\">https:\/\/www.manukanewzealand.com\/my-account\/lost-password\/<\/a><\/p>\n<div class=\"container section-title-container\" style=\"margin-top:75px;\"><h3 class=\"section-title section-title-center\"><b aria-hidden=\"true\"><\/b><span class=\"section-title-main\" >PEDIDOS<\/span><b aria-hidden=\"true\"><\/b><\/h3><\/div>\n<p><strong>Sencillo y r\u00e1pido<\/strong><br \/>La forma m\u00e1s f\u00e1cil y r\u00e1pida de realizar y pagar su pedido es a trav\u00e9s de nuestra tienda en l\u00ednea.<\/p>\n<p><strong>Confirmaci\u00f3n del pedido<\/strong><br \/>Recibir\u00e1 autom\u00e1ticamente una confirmaci\u00f3n del pedido por correo electr\u00f3nico.\u00a0<\/p>\n<p><strong>Nombre y direcci\u00f3n<\/strong><br \/>Para poder tramitar su pedido correctamente, adem\u00e1s de su direcci\u00f3n, tambi\u00e9n necesitamos su n\u00famero de tel\u00e9fono y su direcci\u00f3n de correo electr\u00f3nico. \u00a1Sus datos no ser\u00e1n vendidos ni cedidos a terceros!<\/p>\n<p><strong>Direcci\u00f3n de entrega diferente<\/strong><br \/>Puede ingresar una direcci\u00f3n de entrega diferente durante su pedido.<\/p>\n<div class=\"container section-title-container\" style=\"margin-top:75px;\"><h3 class=\"section-title section-title-center\"><b aria-hidden=\"true\"><\/b><span class=\"section-title-main\" >OPCIONES DE PAGO<\/span><b aria-hidden=\"true\"><\/b><\/h3><\/div>\n<p><strong>SIN COSTES ADICIONALES por utilizar las siguientes opciones de pago:<\/strong><\/p>\n<ul>\n<li><strong>Apple Pay<\/strong> \u2013 Disponible en todo el mundo (donde se admita Apple Pay).<\/li>\n<li><strong>Tarjeta (cr\u00e9dito\/d\u00e9bito)<\/strong> \u2013 Disponible en todo el mundo<\/li>\n<\/ul>\n<p>\u00a0<\/p>\n<div class=\"container section-title-container\" style=\"margin-top:75px;\"><h3 class=\"section-title section-title-center\"><b aria-hidden=\"true\"><\/b><span class=\"section-title-main\" >PRECIOS<\/span><b aria-hidden=\"true\"><\/b><\/h3><\/div>\n<p><strong>Todos los precios indicados incluyen IVA.<\/strong><br \/>Incluye IVA 9%: Alimentos | Incluye IVA 21%: Cosm\u00e9ticos<br \/><em>Reservado el derecho a errores y cambios. Si el tipo de cambio var\u00eda, se podr\u00e1 modificar el precio sin previo aviso ni nueva lista de precios. Los precios est\u00e1n sujetos a cambios. Reservado el derecho a errores de impresi\u00f3n y publicaci\u00f3n. Los precios indicados en este sitio web incluyen el IVA. Si realiza su pedido con un n\u00famero de IVA v\u00e1lido de la UE, puede a\u00f1adirlo durante el proceso de pago, lo que dar\u00e1 lugar a un cargo de IVA de 0%.<\/em><\/p>\n<div class=\"container section-title-container\" style=\"margin-top:75px;\"><h3 class=\"section-title section-title-center\"><b aria-hidden=\"true\"><\/b><span class=\"section-title-main\" >PLAZOS DE ENTREGA<\/span><b aria-hidden=\"true\"><\/b><\/h3><\/div>\n<p>Procesamos los pedidos de lunes a viernes, de 7:00 a. m. a 5:00 p. m.<\/p>\n<p>Una vez que su pedido haya sido procesado, la entrega suele tardar entre 2 y 24 d\u00edas h\u00e1biles, dependiendo de su ubicaci\u00f3n. Tan pronto como su paquete salga de nuestro almac\u00e9n, recibir\u00e1 un correo electr\u00f3nico de confirmaci\u00f3n de env\u00edo con un enlace de seguimiento para que pueda seguir f\u00e1cilmente su pedido.<\/p>\n<p>Los pedidos se env\u00edan con PostNL o UPS.<\/p>\n<p>Si tienes alguna pregunta o necesitas ayuda, nuestro equipo de atenci\u00f3n al cliente estar\u00e1 encantado de ayudarte.<\/p>\n<div class=\"container section-title-container\" style=\"margin-top:75px;\"><h3 class=\"section-title section-title-center\"><b aria-hidden=\"true\"><\/b><span class=\"section-title-main\" >Aduanas, aranceles e impuestos de importaci\u00f3n<\/span><b aria-hidden=\"true\"><\/b><\/h3><\/div>\n<p>Para env\u00edos fuera de la Uni\u00f3n Europea, su pedido puede estar sujeto a derechos de aduana, impuestos de importaci\u00f3n o tasas de tramitaci\u00f3n locales. Estos cargos son determinados por las autoridades del pa\u00eds de destino y no est\u00e1n incluidos en los precios de nuestros productos ni en los gastos de env\u00edo.<\/p>\n<p>Los aranceles aduaneros, el IVA o los cargos adicionales aplicables son responsabilidad del destinatario. Recomendamos consultar con la oficina de aduanas local para obtener m\u00e1s informaci\u00f3n sobre los posibles costos de importaci\u00f3n antes de realizar el pedido.<\/p>\n<p>Tenga en cuenta que los tr\u00e1mites de aduana pueden ocasionar ocasionalmente retrasos superiores al plazo de entrega estimado.<\/p>\n\t\t<\/div>\n\t\t\t\t\t<\/div>\n\n\t\n<\/div>\n\t\t<\/div>\n\n\t\t\n<style>\n#section_1081789792 {\n  padding-top: 30px;\n  padding-bottom: 30px;\n}\n<\/style>\n\t<\/section>","protected":false},"excerpt":{"rendered":"","protected":false},"author":2,"featured_media":0,"parent":0,"menu_order":0,"comment_status":"closed","ping_status":"closed","template":"","meta":{"footnotes":""},"class_list":["post-33604","page","type-page","status-publish","hentry"],"yoast_head":"<!-- This site is optimized with the Yoast SEO plugin v27.3 - https:\/\/yoast.com\/product\/yoast-seo-wordpress\/ -->\n<title>Pricing, Shipping and Ordering Information - MNZ - Manuka New Zealand - The Best Raw Manuka Honey | Global<\/title>\n<meta name=\"description\" content=\"Discover MNZ&#039;s competitive prices and excellent international shipping options. With affordable shipping rates, get MNZ products delivered quickly and conveniently to your doorstep anywhere in the world. Shop now for quality and value\" \/>\n<meta name=\"robots\" content=\"index, follow, max-snippet:-1, max-image-preview:large, max-video-preview:-1\" \/>\n<link rel=\"canonical\" href=\"https:\/\/www.manukanewzealand.com\/es\/information\/\" \/>\n<meta property=\"og:locale\" content=\"es_MX\" \/>\n<meta property=\"og:type\" content=\"article\" \/>\n<meta property=\"og:title\" content=\"Pricing, Shipping and Ordering Information - MNZ - Manuka New Zealand - The Best Raw Manuka Honey | Global\" \/>\n<meta property=\"og:description\" content=\"Discover MNZ&#039;s competitive prices and excellent international shipping options. With affordable shipping rates, get MNZ products delivered quickly and conveniently to your doorstep anywhere in the world. Shop now for quality and value\" \/>\n<meta property=\"og:url\" content=\"https:\/\/www.manukanewzealand.com\/es\/information\/\" \/>\n<meta property=\"og:site_name\" content=\"MNZ - Manuka New Zealand - The Best Raw Manuka Honey | Global\" \/>\n<meta property=\"article:modified_time\" content=\"2026-02-18T14:39:00+00:00\" \/>\n<meta property=\"og:image\" content=\"https:\/\/www.manukanewzealand.com\/wp-content\/uploads\/2022\/11\/mnz-logo-200x200-1-1.png\" \/>\n\t<meta property=\"og:image:width\" content=\"200\" \/>\n\t<meta property=\"og:image:height\" content=\"200\" \/>\n\t<meta property=\"og:image:type\" content=\"image\/png\" \/>\n<meta name=\"twitter:card\" content=\"summary_large_image\" \/>\n<meta name=\"twitter:label1\" content=\"Tiempo de lectura\" \/>\n\t<meta name=\"twitter:data1\" content=\"3 minutos\" \/>\n<script type=\"application\/ld+json\" class=\"yoast-schema-graph\">{\"@context\":\"https:\\\/\\\/schema.org\",\"@graph\":[{\"@type\":\"WebPage\",\"@id\":\"https:\\\/\\\/www.manukanewzealand.com\\\/information\\\/\",\"url\":\"https:\\\/\\\/www.manukanewzealand.com\\\/information\\\/\",\"name\":\"Pricing, Shipping and Ordering Information - MNZ - Manuka New Zealand - The Best Raw Manuka Honey | Global\",\"isPartOf\":{\"@id\":\"https:\\\/\\\/www.manukanewzealand.com\\\/es\\\/#website\"},\"datePublished\":\"2022-08-24T10:58:46+00:00\",\"dateModified\":\"2026-02-18T14:39:00+00:00\",\"description\":\"Discover MNZ's competitive prices and excellent international shipping options. With affordable shipping rates, get MNZ products delivered quickly and conveniently to your doorstep anywhere in the world. Shop now for quality and value\",\"breadcrumb\":{\"@id\":\"https:\\\/\\\/www.manukanewzealand.com\\\/information\\\/#breadcrumb\"},\"inLanguage\":\"es\",\"potentialAction\":[{\"@type\":\"ReadAction\",\"target\":[\"https:\\\/\\\/www.manukanewzealand.com\\\/information\\\/\"]}]},{\"@type\":\"BreadcrumbList\",\"@id\":\"https:\\\/\\\/www.manukanewzealand.com\\\/information\\\/#breadcrumb\",\"itemListElement\":[{\"@type\":\"ListItem\",\"position\":1,\"name\":\"Home\",\"item\":\"https:\\\/\\\/www.manukanewzealand.com\\\/\"},{\"@type\":\"ListItem\",\"position\":2,\"name\":\"Pricing, Shipping and Ordering Information\"}]},{\"@type\":\"WebSite\",\"@id\":\"https:\\\/\\\/www.manukanewzealand.com\\\/es\\\/#website\",\"url\":\"https:\\\/\\\/www.manukanewzealand.com\\\/es\\\/\",\"name\":\"MNZ - Manuka New Zealand - The Best Raw Manuka Honey | Global\",\"description\":\"\",\"publisher\":{\"@id\":\"https:\\\/\\\/www.manukanewzealand.com\\\/es\\\/#organization\"},\"potentialAction\":[{\"@type\":\"SearchAction\",\"target\":{\"@type\":\"EntryPoint\",\"urlTemplate\":\"https:\\\/\\\/www.manukanewzealand.com\\\/es\\\/?s={search_term_string}\"},\"query-input\":{\"@type\":\"PropertyValueSpecification\",\"valueRequired\":true,\"valueName\":\"search_term_string\"}}],\"inLanguage\":\"es\"},{\"@type\":\"Organization\",\"@id\":\"https:\\\/\\\/www.manukanewzealand.com\\\/es\\\/#organization\",\"name\":\"MNZ - Manuka New Zealand - The Best Raw Manuka Honey | Global\",\"url\":\"https:\\\/\\\/www.manukanewzealand.com\\\/es\\\/\",\"logo\":{\"@type\":\"ImageObject\",\"inLanguage\":\"es\",\"@id\":\"https:\\\/\\\/www.manukanewzealand.com\\\/es\\\/#\\\/schema\\\/logo\\\/image\\\/\",\"url\":\"https:\\\/\\\/www.manukanewzealand.com\\\/wp-content\\\/uploads\\\/2022\\\/11\\\/mnz-logo-200x200-1-1.png\",\"contentUrl\":\"https:\\\/\\\/www.manukanewzealand.com\\\/wp-content\\\/uploads\\\/2022\\\/11\\\/mnz-logo-200x200-1-1.png\",\"width\":200,\"height\":200,\"caption\":\"MNZ - Manuka New Zealand - The Best Raw Manuka Honey | Global\"},\"image\":{\"@id\":\"https:\\\/\\\/www.manukanewzealand.com\\\/es\\\/#\\\/schema\\\/logo\\\/image\\\/\"}}]}<\/script>\n<!-- \/ Yoast SEO plugin. -->","yoast_head_json":{"title":"Informaci\u00f3n sobre precios, env\u00edos y pedidos - MNZ - Manuka Nueva Zelanda - La mejor miel de Manuka cruda | Global","description":"Descubra los precios competitivos y las excelentes opciones de env\u00edo internacional de MNZ. Con tarifas de env\u00edo asequibles, reciba los productos MNZ de forma r\u00e1pida y c\u00f3moda en su domicilio, en cualquier parte del mundo. Compre ahora y disfrute de calidad y valor.","robots":{"index":"index","follow":"follow","max-snippet":"max-snippet:-1","max-image-preview":"max-image-preview:large","max-video-preview":"max-video-preview:-1"},"canonical":"https:\/\/www.manukanewzealand.com\/es\/information\/","og_locale":"es_MX","og_type":"article","og_title":"Pricing, Shipping and Ordering Information - MNZ - Manuka New Zealand - The Best Raw Manuka Honey | Global","og_description":"Discover MNZ's competitive prices and excellent international shipping options. With affordable shipping rates, get MNZ products delivered quickly and conveniently to your doorstep anywhere in the world. Shop now for quality and value","og_url":"https:\/\/www.manukanewzealand.com\/es\/information\/","og_site_name":"MNZ - Manuka New Zealand - The Best Raw Manuka Honey | Global","article_modified_time":"2026-02-18T14:39:00+00:00","og_image":[{"width":200,"height":200,"url":"https:\/\/www.manukanewzealand.com\/wp-content\/uploads\/2022\/11\/mnz-logo-200x200-1-1.png","type":"image\/png"}],"twitter_card":"summary_large_image","twitter_misc":{"Tiempo de lectura":"3 minutos"},"schema":{"@context":"https:\/\/schema.org","@graph":[{"@type":"WebPage","@id":"https:\/\/www.manukanewzealand.com\/information\/","url":"https:\/\/www.manukanewzealand.com\/information\/","name":"Informaci\u00f3n sobre precios, env\u00edos y pedidos - MNZ - Manuka Nueva Zelanda - La mejor miel de Manuka cruda | Global","isPartOf":{"@id":"https:\/\/www.manukanewzealand.com\/es\/#website"},"datePublished":"2022-08-24T10:58:46+00:00","dateModified":"2026-02-18T14:39:00+00:00","description":"Descubra los precios competitivos y las excelentes opciones de env\u00edo internacional de MNZ. Con tarifas de env\u00edo asequibles, reciba los productos MNZ de forma r\u00e1pida y c\u00f3moda en su domicilio, en cualquier parte del mundo. Compre ahora y disfrute de calidad y valor.","breadcrumb":{"@id":"https:\/\/www.manukanewzealand.com\/information\/#breadcrumb"},"inLanguage":"es","potentialAction":[{"@type":"ReadAction","target":["https:\/\/www.manukanewzealand.com\/information\/"]}]},{"@type":"BreadcrumbList","@id":"https:\/\/www.manukanewzealand.com\/information\/#breadcrumb","itemListElement":[{"@type":"ListItem","position":1,"name":"Home","item":"https:\/\/www.manukanewzealand.com\/"},{"@type":"ListItem","position":2,"name":"Pricing, Shipping and Ordering Information"}]},{"@type":"WebSite","@id":"https:\/\/www.manukanewzealand.com\/es\/#website","url":"https:\/\/www.manukanewzealand.com\/es\/","name":"MNZ - Manuka Nueva Zelanda - La mejor miel de Manuka cruda | Global","description":"","publisher":{"@id":"https:\/\/www.manukanewzealand.com\/es\/#organization"},"potentialAction":[{"@type":"SearchAction","target":{"@type":"EntryPoint","urlTemplate":"https:\/\/www.manukanewzealand.com\/es\/?s={search_term_string}"},"query-input":{"@type":"PropertyValueSpecification","valueRequired":true,"valueName":"search_term_string"}}],"inLanguage":"es"},{"@type":"Organization","@id":"https:\/\/www.manukanewzealand.com\/es\/#organization","name":"MNZ - Manuka Nueva Zelanda - La mejor miel de Manuka cruda | Global","url":"https:\/\/www.manukanewzealand.com\/es\/","logo":{"@type":"ImageObject","inLanguage":"es","@id":"https:\/\/www.manukanewzealand.com\/es\/#\/schema\/logo\/image\/","url":"https:\/\/www.manukanewzealand.com\/wp-content\/uploads\/2022\/11\/mnz-logo-200x200-1-1.png","contentUrl":"https:\/\/www.manukanewzealand.com\/wp-content\/uploads\/2022\/11\/mnz-logo-200x200-1-1.png","width":200,"height":200,"caption":"MNZ - Manuka New Zealand - The Best Raw Manuka Honey | Global"},"image":{"@id":"https:\/\/www.manukanewzealand.com\/es\/#\/schema\/logo\/image\/"}}]}},"_links":{"self":[{"href":"https:\/\/www.manukanewzealand.com\/es\/wp-json\/wp\/v2\/pages\/33604","targetHints":{"allow":["GET"]}}],"collection":[{"href":"https:\/\/www.manukanewzealand.com\/es\/wp-json\/wp\/v2\/pages"}],"about":[{"href":"https:\/\/www.manukanewzealand.com\/es\/wp-json\/wp\/v2\/types\/page"}],"author":[{"embeddable":true,"href":"https:\/\/www.manukanewzealand.com\/es\/wp-json\/wp\/v2\/users\/2"}],"replies":[{"embeddable":true,"href":"https:\/\/www.manukanewzealand.com\/es\/wp-json\/wp\/v2\/comments?post=33604"}],"version-history":[{"count":3,"href":"https:\/\/www.manukanewzealand.com\/es\/wp-json\/wp\/v2\/pages\/33604\/revisions"}],"predecessor-version":[{"id":35315,"href":"https:\/\/www.manukanewzealand.com\/es\/wp-json\/wp\/v2\/pages\/33604\/revisions\/35315"}],"wp:attachment":[{"href":"https:\/\/www.manukanewzealand.com\/es\/wp-json\/wp\/v2\/media?parent=33604"}],"curies":[{"name":"wp","href":"https:\/\/api.w.org\/{rel}","templated":true}]}}