{"id":32835,"date":"2022-02-02T16:36:11","date_gmt":"2022-02-02T15:36:11","guid":{"rendered":"https:\/\/www.manukanewzealand.com\/?page_id=32835"},"modified":"2026-02-18T15:01:50","modified_gmt":"2026-02-18T14:01:50","slug":"beeprotection","status":"publish","type":"page","link":"https:\/\/www.manukanewzealand.com\/es\/beeprotection\/","title":{"rendered":"Programa de Protecci\u00f3n y Salud de las Abejas"},"content":{"rendered":"<div id=\"page-header-1272257184\" class=\"page-header-wrapper\">\n  <div class=\"page-title dark divided-title\">\n\n        <div class=\"page-title-bg\">\n      <div class=\"title-bg fill bg-fill\"\n        data-parallax-container=\".page-title\"\n        data-parallax-background\n data-parallax=\"-\">\n      <\/div>\n      <div class=\"title-overlay fill\"><\/div>\n    <\/div>\n    \n    <div class=\"page-title-inner container align-center flex-row medium-flex-wrap\" >\n              <div class=\"title-wrapper flex-col text-left medium-text-center\">\n          <h1 class=\"entry-title mb-0\">\n            Programa de Protecci\u00f3n y Salud de las Abejas          <\/h1>\n        <\/div>\n                    <div class=\"title-content flex-col flex-right text-right medium-text-center\">\n        <div class=\"title-breadcrumbs pb-half pt-half\"><nav class=\"woocommerce-breadcrumb breadcrumbs\" aria-label=\"Ruta de navegaci\u00f3n\">Inicio<\/nav><\/div>      <\/div>\n    <\/div>\n\n     \n<style>\n#page-header-1272257184 .page-title-inner {\n  min-height: 250px;\n}\n#page-header-1272257184 .title-bg {\n  background-image: url(https:\/\/www.manukanewzealand.com\/wp-content\/uploads\/2026\/02\/mnz-header-2.jpg);\n}\n<\/style>\n  <\/div>\n  <div class=\"container header-wrapper-divider\"><hr\/><\/div>  <\/div>\n  \n\n\n\t<section class=\"section\" id=\"section_1697223628\">\n\t\t<div class=\"section-bg fill\" >\n\t\t\t\t\t\t\t\t\t\n\t\t\t\n\n\t\t<\/div>\n\n\t\t\n\n\t\t<div class=\"section-content relative\">\n\t\t\t\n\n<div class=\"row\"  id=\"row-1399105808\">\n\n\n\t<div id=\"col-726508445\" class=\"col medium-12 small-12 large-8\"  >\n\t\t\t\t<div class=\"col-inner\"  >\n\t\t\t\n\t\t\t\n\n<p>Como parte del Programa de Protecci\u00f3n y Salud de las Abejas de MNZ, trabajamos con nuestros propios apicultores dedicados y contratamos a un apicultor especialista junto con inspectores ap\u00edcolas estacionales en toda Nueva Zelanda. Nuestros equipos operan tanto en la Isla Norte como en la Isla Sur, lo que garantiza una supervisi\u00f3n continua de la salud y la ubicaci\u00f3n de las colmenas.<\/p>\n<p>MNZ gestiona actualmente m\u00e1s de 5600 colmenas, hogar de muchos millones de abejas, ubicadas en algunas de las zonas rurales m\u00e1s remotas de Nueva Zelanda. Las ubicaciones de las colmenas var\u00edan desde sitios m\u00e1s grandes con m\u00e1s de 80 colonias hasta zonas muy aisladas con solo unas pocas colmenas. La ubicaci\u00f3n se selecciona cuidadosamente en regiones v\u00edrgenes con abundantes \u00e1rboles de Manuka y m\u00ednima exposici\u00f3n a la actividad agr\u00edcola.<\/p>\n<p>El Programa de Protecci\u00f3n y Salud de las Abejas se centra en la inspecci\u00f3n peri\u00f3dica de las colmenas de madera, el control de la fortaleza de las colonias, la vitalidad de las reinas y el estado general de las colmenas. Se presta especial atenci\u00f3n a la detecci\u00f3n y el control de plagas como los \u00e1caros Varroa y Tropilaelaps, as\u00ed como a los pat\u00f3genos, entre ellos el Nosema y otros virus.<\/p>\n<p>La salud y el abastecimiento de las reinas se supervisan de cerca, incluidas las reinas obtenidas de criadores externos. Esta supervisi\u00f3n estructurada ayuda a salvaguardar la integridad de toda la cadena de suministro, desde las colonias sanas hasta el producto final.<\/p>\n<p><strong>Como parte de nuestro Programa de Protecci\u00f3n y Salud de las Abejas, MNZ sigue una estricta pol\u00edtica de alimentaci\u00f3n: nuestras abejas se alimentan exclusivamente con sus propias reservas de miel acumuladas durante la temporada. Solo se considera la alimentaci\u00f3n suplementaria en casos de condiciones clim\u00e1ticas extremas. Nuestro sistema de gesti\u00f3n de colmenas garantiza que las colonias conserven suficientes reservas de miel para mantenerse de forma natural durante el invierno neozeland\u00e9s.<\/strong><\/p>\n<p>Adem\u00e1s de la gesti\u00f3n de las colmenas, MNZ aplica un estricto sistema de control de calidad. Toda la miel de Manuka se somete a pruebas para determinar sus par\u00e1metros microbiol\u00f3gicos, toxinas, residuos de pesticidas, az\u00facares, marcadores de polen, contenido de humedad, color, sabor y actividad enzim\u00e1tica, de conformidad con los requisitos del MPI. Esto garantiza que toda la miel que entra y sale de nuestras instalaciones de envasado cumple con los m\u00e1s altos est\u00e1ndares.<\/p>\n<p>MNZ opera bajo la supervisi\u00f3n de dos autoridades gubernamentales de Nueva Zelanda. El Ministerio de Industrias Primarias (MPI) es responsable del sistema nacional de seguridad alimentaria y supervisa el cumplimiento de la normativa en la industria alimentaria. MNZ participa en el programa nacional de control del MPI, adem\u00e1s de aplicar nuestros propios procedimientos de control interno. La secci\u00f3n 8.0 de la Lista consolidada de pruebas para productos animales del MPI describe el programa de pruebas de residuos qu\u00edmicos aplicable a la miel.<\/p>\n<p>La Autoridad de Protecci\u00f3n Ambiental de Nueva Zelanda (EPA) regula el uso de pesticidas e insecticidas para proteger a las abejas y los polinizadores. Se aplican controles estrictos a los neonicotinoides y otras sustancias, con medidas espec\u00edficas destinadas a salvaguardar la salud de los polinizadores.<\/p>\n<p>La medida de protecci\u00f3n m\u00e1s importante sigue siendo la ubicaci\u00f3n de las colmenas. MNZ coloca deliberadamente sus colmenas en lugares remotos, rurales y v\u00edrgenes, lejos de la agricultura intensiva. Esto reduce significativamente el riesgo de exposici\u00f3n a herbicidas y pesticidas.<\/p>\n<p>Como parte del Programa de Protecci\u00f3n y Salud de las Abejas, todos los productos ap\u00edcolas se someten a exhaustivas pruebas para detectar compuestos naturales y posibles trazas de pesticidas. Este control sistem\u00e1tico respalda nuestro compromiso con la pureza y la calidad.<\/p>\n<p><strong>MNZ produce exclusivamente miel de Manuka monofloral cruda, sin filtrar y sin pasteurizar. Todos los productos se producen, procesan y envasan en Nueva Zelanda utilizando envases sin BPA.<\/strong><\/p>\n\n\n\t\t<\/div>\n\t\t\t\t\t<\/div>\n\n\t\n\n\t<div id=\"col-182784953\" class=\"col medium-12 small-12 large-4\"  >\n\t\t\t\t<div class=\"col-inner text-center\"  >\n\t\t\t\n\t\t\t\n\n\t<div class=\"img has-hover x md-x lg-x y md-y lg-y\" id=\"image_960578580\">\n\t\t\t\t\t\t\t\t<div class=\"img-inner dark\" >\n\t\t\t<img decoding=\"async\" width=\"573\" height=\"573\" src=\"https:\/\/www.manukanewzealand.com\/wp-content\/uploads\/2022\/02\/Manuka-ID-1.png\" class=\"attachment-large size-large\" alt=\"\" srcset=\"https:\/\/www.manukanewzealand.com\/wp-content\/uploads\/2022\/02\/Manuka-ID-1.png 573w, https:\/\/www.manukanewzealand.com\/wp-content\/uploads\/2022\/02\/Manuka-ID-1-500x500.png 500w, https:\/\/www.manukanewzealand.com\/wp-content\/uploads\/2022\/02\/Manuka-ID-1-100x100.png 100w, https:\/\/www.manukanewzealand.com\/wp-content\/uploads\/2022\/02\/Manuka-ID-1-300x300.png 300w, https:\/\/www.manukanewzealand.com\/wp-content\/uploads\/2022\/02\/Manuka-ID-1-80x80.png 80w, https:\/\/www.manukanewzealand.com\/wp-content\/uploads\/2022\/02\/Manuka-ID-1-12x12.png 12w\" sizes=\"(max-width: 573px) 100vw, 573px\" \/>\t\t\t\t\t\t\n\t\t\t\t\t<\/div>\n\t\t\t\t\t\t\t\t\n<style>\n#image_960578580 {\n  width: 100%;\n}\n<\/style>\n\t<\/div>\n\t\n\n\t\n  \n    <div class=\"row large-columns-1 medium-columns- small-columns- row-small slider row-slider slider-nav-reveal slider-nav-push\"  data-flickity-options='{&quot;imagesLoaded&quot;: true, &quot;groupCells&quot;: &quot;100%&quot;, &quot;dragThreshold&quot; : 5, &quot;cellAlign&quot;: &quot;left&quot;,&quot;wrapAround&quot;: true,&quot;prevNextButtons&quot;: true,&quot;percentPosition&quot;: true,&quot;pageDots&quot;: false, &quot;rightToLeft&quot;: false, &quot;autoPlay&quot; : false}' >\n\n  \n\t     <div class=\"product-small col has-hover product type-product post-33312 status-publish first instock product_cat-uncategorized has-post-thumbnail taxable shipping-taxable purchasable product-type-simple\">\n\t<div class=\"col-inner\">\n\t\n<div class=\"badge-container absolute left top z-1\">\n\n<\/div>\n\t<div class=\"product-small box\">\n\t\t<div class=\"box-image\">\n\t\t\t<div class=\"image-none\">\n\t\t\t\t<a href=\"https:\/\/www.manukanewzealand.com\/es\/product\/mgo-1000-manuka-honey\/\">\n\t\t\t\t\t<img decoding=\"async\" width=\"500\" height=\"500\" src=\"https:\/\/www.manukanewzealand.com\/wp-content\/uploads\/2022\/07\/manukahoney-mnz1000-250g-1.webp\" class=\"attachment-woocommerce_thumbnail size-woocommerce_thumbnail\" alt=\"Miel de Manuka MGO 1000+ 250 g.\" srcset=\"https:\/\/www.manukanewzealand.com\/wp-content\/uploads\/2022\/07\/manukahoney-mnz1000-250g-1.webp 500w, https:\/\/www.manukanewzealand.com\/wp-content\/uploads\/2022\/07\/manukahoney-mnz1000-250g-1-100x100.webp 100w\" sizes=\"(max-width: 500px) 100vw, 500px\" \/>\t\t\t\t<\/a>\n\t\t\t<\/div>\n\t\t\t<div class=\"image-tools is-small top right show-on-hover\">\n\t\t\t\t\t\t<div class=\"wishlist-icon\">\n\t\t\t<button class=\"wishlist-button button is-outline circle icon\" aria-label=\"Lista de deseos\">\n\t\t\t\t<i class=\"icon-heart\" aria-hidden=\"true\"><\/i>\t\t\t<\/button>\n\t\t\t<div class=\"wishlist-popup dark\">\n\t\t\t\t\n<div\n\tclass=\"yith-wcwl-add-to-wishlist add-to-wishlist-33312 yith-wcwl-add-to-wishlist--link-style wishlist-fragment on-first-load\"\n\tdata-fragment-ref=\"33312\"\n\tdata-fragment-options=\"{&quot;base_url&quot;:&quot;&quot;,&quot;product_id&quot;:33312,&quot;parent_product_id&quot;:0,&quot;product_type&quot;:&quot;simple&quot;,&quot;is_single&quot;:false,&quot;in_default_wishlist&quot;:false,&quot;show_view&quot;:false,&quot;browse_wishlist_text&quot;:&quot;Browse wishlist&quot;,&quot;already_in_wishslist_text&quot;:&quot;The product is already in your wishlist!&quot;,&quot;product_added_text&quot;:&quot;Product added!&quot;,&quot;available_multi_wishlist&quot;:false,&quot;disable_wishlist&quot;:false,&quot;show_count&quot;:false,&quot;ajax_loading&quot;:false,&quot;loop_position&quot;:&quot;after_add_to_cart&quot;,&quot;item&quot;:&quot;add_to_wishlist&quot;}\"\n>\n\t<\/div>\n\t\t\t<\/div>\n\t\t<\/div>\n\t\t\t\t\t<\/div>\n\t\t\t<div class=\"image-tools is-small hide-for-small bottom left show-on-hover\">\n\t\t\t\t\t\t\t<\/div>\n\t\t\t<div class=\"image-tools grid-tools text-center hide-for-small bottom hover-slide-in show-on-hover\">\n\t\t\t\t\t\t\t<\/div>\n\t\t\t\t\t<\/div>\n\n\t\t<div class=\"box-text box-text-products text-center grid-style-2\">\n\t\t\t<div class=\"title-wrapper\"><p class=\"name product-title woocommerce-loop-product__title\"><a href=\"https:\/\/www.manukanewzealand.com\/es\/product\/mgo-1000-manuka-honey\/\" class=\"woocommerce-LoopProduct-link woocommerce-loop-product__link\">Miel de Manuka MGO 1000+ 250 g.<\/a><\/p><\/div><div class=\"price-wrapper\">\n\t<span class=\"price\"><span class=\"woocommerce-Price-amount amount\"><bdi><span class=\"woocommerce-Price-currencySymbol\">\u20ac<\/span>165,00<\/bdi><\/span> <small class=\"woocommerce-price-suffix\">IVA incluido<\/small><\/span>\n<\/div><div class=\"add-to-cart-button\"><a href=\"\/es\/wp-json\/wp\/v2\/pages\/32835?add-to-cart=33312\" aria-describedby=\"woocommerce_loop_add_to_cart_link_describedby_33312\" data-quantity=\"1\" class=\"primary is-small mb-0 button product_type_simple add_to_cart_button ajax_add_to_cart is-outline\" data-product_id=\"33312\" data-product_sku=\"MNZ020\" aria-label=\"A\u00f1adir al carrito: \u201cMiel de Manuka MGO 1000+ 250 g\u201d.\u201d\" rel=\"nofollow\" data-success_message=\"&ldquo;MGO 1000+ Manuka Honey 250gr.&rdquo; has been added to your cart\" role=\"button\">A\u00f1adir al carrito<\/a><\/div>\t<span id=\"woocommerce_loop_add_to_cart_link_describedby_33312\" class=\"screen-reader-text\">\n\t\t\t<\/span>\n\t\t<\/div>\n\t<\/div>\n\t\t<\/div>\n<\/div><\/div>\n\n\n\t\t<\/div>\n\t\t\t\t\n<style>\n#col-182784953 > .col-inner {\n  max-width: 500px;\n}\n<\/style>\n\t<\/div>\n\n\t\n\n<\/div>\n\n\t\t<\/div>\n\n\t\t\n<style>\n#section_1697223628 {\n  padding-top: 30px;\n  padding-bottom: 30px;\n}\n<\/style>\n\t<\/section>\n\t\n<p><\/p><!-- \/wp:post-content -->","protected":false},"excerpt":{"rendered":"","protected":false},"author":2,"featured_media":0,"parent":0,"menu_order":0,"comment_status":"closed","ping_status":"closed","template":"","meta":{"footnotes":""},"class_list":["post-32835","page","type-page","status-publish","hentry"],"yoast_head":"<!-- This site is optimized with the Yoast SEO plugin v27.3 - https:\/\/yoast.com\/product\/yoast-seo-wordpress\/ -->\n<title>Bee Protection &amp; Health Program - Manuka New Zealand<\/title>\n<meta name=\"description\" content=\"As part of Manuka New Zealand\u2019s Bee Protection &amp; Health Program, in addition to our own dedicated beekeepers, we currently employ a specialist apiculturist and seasonal beekeeping inspectors based in New Zealand\u2019s North Island, with assigned areas on both the North and South Island. Manuka New Zealand takes good care of our wonderful hard workers; our precious bees.\" \/>\n<meta name=\"robots\" content=\"index, follow, max-snippet:-1, max-image-preview:large, max-video-preview:-1\" \/>\n<link rel=\"canonical\" href=\"https:\/\/www.manukanewzealand.com\/es\/beeprotection\/\" \/>\n<meta property=\"og:locale\" content=\"es_MX\" \/>\n<meta property=\"og:type\" content=\"article\" \/>\n<meta property=\"og:title\" content=\"Bee Protection &amp; Health Program - Manuka New Zealand\" \/>\n<meta property=\"og:description\" content=\"As part of Manuka New Zealand\u2019s Bee Protection &amp; Health Program, in addition to our own dedicated beekeepers, we currently employ a specialist apiculturist and seasonal beekeeping inspectors based in New Zealand\u2019s North Island, with assigned areas on both the North and South Island. Manuka New Zealand takes good care of our wonderful hard workers; our precious bees.\" \/>\n<meta property=\"og:url\" content=\"https:\/\/www.manukanewzealand.com\/es\/beeprotection\/\" \/>\n<meta property=\"og:site_name\" content=\"MNZ - Manuka New Zealand - The Best Raw Manuka Honey | Global\" \/>\n<meta property=\"article:modified_time\" content=\"2026-02-18T14:01:50+00:00\" \/>\n<meta property=\"og:image\" content=\"https:\/\/www.manukanewzealand.com\/wp-content\/uploads\/2022\/11\/mnz-logo-200x200-1-1.png\" \/>\n\t<meta property=\"og:image:width\" content=\"200\" \/>\n\t<meta property=\"og:image:height\" content=\"200\" \/>\n\t<meta property=\"og:image:type\" content=\"image\/png\" \/>\n<meta name=\"twitter:card\" content=\"summary_large_image\" \/>\n<meta name=\"twitter:label1\" content=\"Tiempo de lectura\" \/>\n\t<meta name=\"twitter:data1\" content=\"9 minutos\" \/>\n<script type=\"application\/ld+json\" class=\"yoast-schema-graph\">{\"@context\":\"https:\\\/\\\/schema.org\",\"@graph\":[{\"@type\":\"WebPage\",\"@id\":\"https:\\\/\\\/www.manukanewzealand.com\\\/beeprotection\\\/\",\"url\":\"https:\\\/\\\/www.manukanewzealand.com\\\/beeprotection\\\/\",\"name\":\"Bee Protection & Health Program - Manuka New Zealand\",\"isPartOf\":{\"@id\":\"https:\\\/\\\/www.manukanewzealand.com\\\/es\\\/#website\"},\"datePublished\":\"2022-02-02T15:36:11+00:00\",\"dateModified\":\"2026-02-18T14:01:50+00:00\",\"description\":\"As part of Manuka New Zealand\u2019s Bee Protection & Health Program, in addition to our own dedicated beekeepers, we currently employ a specialist apiculturist and seasonal beekeeping inspectors based in New Zealand\u2019s North Island, with assigned areas on both the North and South Island. Manuka New Zealand takes good care of our wonderful hard workers; our precious bees.\",\"breadcrumb\":{\"@id\":\"https:\\\/\\\/www.manukanewzealand.com\\\/beeprotection\\\/#breadcrumb\"},\"inLanguage\":\"es\",\"potentialAction\":[{\"@type\":\"ReadAction\",\"target\":[\"https:\\\/\\\/www.manukanewzealand.com\\\/beeprotection\\\/\"]}]},{\"@type\":\"BreadcrumbList\",\"@id\":\"https:\\\/\\\/www.manukanewzealand.com\\\/beeprotection\\\/#breadcrumb\",\"itemListElement\":[{\"@type\":\"ListItem\",\"position\":1,\"name\":\"Home\",\"item\":\"https:\\\/\\\/www.manukanewzealand.com\\\/\"},{\"@type\":\"ListItem\",\"position\":2,\"name\":\"Bee Protection &#038; Health Program\"}]},{\"@type\":\"WebSite\",\"@id\":\"https:\\\/\\\/www.manukanewzealand.com\\\/es\\\/#website\",\"url\":\"https:\\\/\\\/www.manukanewzealand.com\\\/es\\\/\",\"name\":\"MNZ - Manuka New Zealand - The Best Raw Manuka Honey | Global\",\"description\":\"\",\"publisher\":{\"@id\":\"https:\\\/\\\/www.manukanewzealand.com\\\/es\\\/#organization\"},\"potentialAction\":[{\"@type\":\"SearchAction\",\"target\":{\"@type\":\"EntryPoint\",\"urlTemplate\":\"https:\\\/\\\/www.manukanewzealand.com\\\/es\\\/?s={search_term_string}\"},\"query-input\":{\"@type\":\"PropertyValueSpecification\",\"valueRequired\":true,\"valueName\":\"search_term_string\"}}],\"inLanguage\":\"es\"},{\"@type\":\"Organization\",\"@id\":\"https:\\\/\\\/www.manukanewzealand.com\\\/es\\\/#organization\",\"name\":\"MNZ - Manuka New Zealand - The Best Raw Manuka Honey | Global\",\"url\":\"https:\\\/\\\/www.manukanewzealand.com\\\/es\\\/\",\"logo\":{\"@type\":\"ImageObject\",\"inLanguage\":\"es\",\"@id\":\"https:\\\/\\\/www.manukanewzealand.com\\\/es\\\/#\\\/schema\\\/logo\\\/image\\\/\",\"url\":\"https:\\\/\\\/www.manukanewzealand.com\\\/wp-content\\\/uploads\\\/2022\\\/11\\\/mnz-logo-200x200-1-1.png\",\"contentUrl\":\"https:\\\/\\\/www.manukanewzealand.com\\\/wp-content\\\/uploads\\\/2022\\\/11\\\/mnz-logo-200x200-1-1.png\",\"width\":200,\"height\":200,\"caption\":\"MNZ - Manuka New Zealand - The Best Raw Manuka Honey | Global\"},\"image\":{\"@id\":\"https:\\\/\\\/www.manukanewzealand.com\\\/es\\\/#\\\/schema\\\/logo\\\/image\\\/\"}}]}<\/script>\n<meta property=\"product:price:amount\" content=\"165.00\" \/>\n<meta property=\"product:price:currency\" content=\"EUR\" \/>\n<meta property=\"og:availability\" content=\"instock\" \/>\n<meta property=\"product:availability\" content=\"instock\" \/>\n<meta property=\"product:retailer_item_id\" content=\"MNZ020\" \/>\n<meta property=\"product:condition\" content=\"new\" \/>\n<!-- \/ Yoast SEO plugin. -->","yoast_head_json":{"title":"Programa de Protecci\u00f3n y Salud de las Abejas - Manuka Nueva Zelanda","description":"Como parte del Programa de Protecci\u00f3n y Salud de las Abejas de Manuka New Zealand, adem\u00e1s de nuestros propios apicultores dedicados, actualmente contamos con un apicultor especialista e inspectores ap\u00edcolas estacionales con sede en la Isla Norte de Nueva Zelanda, con \u00e1reas asignadas tanto en la Isla Norte como en la Isla Sur. Manuka New Zealand cuida muy bien de nuestras maravillosas y trabajadoras abejas.","robots":{"index":"index","follow":"follow","max-snippet":"max-snippet:-1","max-image-preview":"max-image-preview:large","max-video-preview":"max-video-preview:-1"},"canonical":"https:\/\/www.manukanewzealand.com\/es\/beeprotection\/","og_locale":"es_MX","og_type":"article","og_title":"Bee Protection & Health Program - Manuka New Zealand","og_description":"As part of Manuka New Zealand\u2019s Bee Protection & Health Program, in addition to our own dedicated beekeepers, we currently employ a specialist apiculturist and seasonal beekeeping inspectors based in New Zealand\u2019s North Island, with assigned areas on both the North and South Island. Manuka New Zealand takes good care of our wonderful hard workers; our precious bees.","og_url":"https:\/\/www.manukanewzealand.com\/es\/beeprotection\/","og_site_name":"MNZ - Manuka New Zealand - The Best Raw Manuka Honey | Global","article_modified_time":"2026-02-18T14:01:50+00:00","og_image":[{"width":200,"height":200,"url":"https:\/\/www.manukanewzealand.com\/wp-content\/uploads\/2022\/11\/mnz-logo-200x200-1-1.png","type":"image\/png"}],"twitter_card":"summary_large_image","twitter_misc":{"Tiempo de lectura":"9 minutos"},"schema":{"@context":"https:\/\/schema.org","@graph":[{"@type":"WebPage","@id":"https:\/\/www.manukanewzealand.com\/beeprotection\/","url":"https:\/\/www.manukanewzealand.com\/beeprotection\/","name":"Programa de Protecci\u00f3n y Salud de las Abejas - Manuka Nueva Zelanda","isPartOf":{"@id":"https:\/\/www.manukanewzealand.com\/es\/#website"},"datePublished":"2022-02-02T15:36:11+00:00","dateModified":"2026-02-18T14:01:50+00:00","description":"Como parte del Programa de Protecci\u00f3n y Salud de las Abejas de Manuka New Zealand, adem\u00e1s de nuestros propios apicultores dedicados, actualmente contamos con un apicultor especialista e inspectores ap\u00edcolas estacionales con sede en la Isla Norte de Nueva Zelanda, con \u00e1reas asignadas tanto en la Isla Norte como en la Isla Sur. Manuka New Zealand cuida muy bien de nuestras maravillosas y trabajadoras abejas.","breadcrumb":{"@id":"https:\/\/www.manukanewzealand.com\/beeprotection\/#breadcrumb"},"inLanguage":"es","potentialAction":[{"@type":"ReadAction","target":["https:\/\/www.manukanewzealand.com\/beeprotection\/"]}]},{"@type":"BreadcrumbList","@id":"https:\/\/www.manukanewzealand.com\/beeprotection\/#breadcrumb","itemListElement":[{"@type":"ListItem","position":1,"name":"Home","item":"https:\/\/www.manukanewzealand.com\/"},{"@type":"ListItem","position":2,"name":"Bee Protection &#038; Health Program"}]},{"@type":"WebSite","@id":"https:\/\/www.manukanewzealand.com\/es\/#website","url":"https:\/\/www.manukanewzealand.com\/es\/","name":"MNZ - Manuka Nueva Zelanda - La mejor miel de Manuka cruda | Global","description":"","publisher":{"@id":"https:\/\/www.manukanewzealand.com\/es\/#organization"},"potentialAction":[{"@type":"SearchAction","target":{"@type":"EntryPoint","urlTemplate":"https:\/\/www.manukanewzealand.com\/es\/?s={search_term_string}"},"query-input":{"@type":"PropertyValueSpecification","valueRequired":true,"valueName":"search_term_string"}}],"inLanguage":"es"},{"@type":"Organization","@id":"https:\/\/www.manukanewzealand.com\/es\/#organization","name":"MNZ - Manuka Nueva Zelanda - La mejor miel de Manuka cruda | Global","url":"https:\/\/www.manukanewzealand.com\/es\/","logo":{"@type":"ImageObject","inLanguage":"es","@id":"https:\/\/www.manukanewzealand.com\/es\/#\/schema\/logo\/image\/","url":"https:\/\/www.manukanewzealand.com\/wp-content\/uploads\/2022\/11\/mnz-logo-200x200-1-1.png","contentUrl":"https:\/\/www.manukanewzealand.com\/wp-content\/uploads\/2022\/11\/mnz-logo-200x200-1-1.png","width":200,"height":200,"caption":"MNZ - Manuka New Zealand - The Best Raw Manuka Honey | Global"},"image":{"@id":"https:\/\/www.manukanewzealand.com\/es\/#\/schema\/logo\/image\/"}}]},"product_price_amount":"165.00","product_price_currency":"EUR","og_availability":"instock","product_availability":"instock","product_retailer_item_id":"MNZ020","product_condition":"new"},"_links":{"self":[{"href":"https:\/\/www.manukanewzealand.com\/es\/wp-json\/wp\/v2\/pages\/32835","targetHints":{"allow":["GET"]}}],"collection":[{"href":"https:\/\/www.manukanewzealand.com\/es\/wp-json\/wp\/v2\/pages"}],"about":[{"href":"https:\/\/www.manukanewzealand.com\/es\/wp-json\/wp\/v2\/types\/page"}],"author":[{"embeddable":true,"href":"https:\/\/www.manukanewzealand.com\/es\/wp-json\/wp\/v2\/users\/2"}],"replies":[{"embeddable":true,"href":"https:\/\/www.manukanewzealand.com\/es\/wp-json\/wp\/v2\/comments?post=32835"}],"version-history":[{"count":1,"href":"https:\/\/www.manukanewzealand.com\/es\/wp-json\/wp\/v2\/pages\/32835\/revisions"}],"predecessor-version":[{"id":35290,"href":"https:\/\/www.manukanewzealand.com\/es\/wp-json\/wp\/v2\/pages\/32835\/revisions\/35290"}],"wp:attachment":[{"href":"https:\/\/www.manukanewzealand.com\/es\/wp-json\/wp\/v2\/media?parent=32835"}],"curies":[{"name":"wp","href":"https:\/\/api.w.org\/{rel}","templated":true}]}}