{"id":29000,"date":"2019-08-14T14:02:59","date_gmt":"2019-08-14T13:02:59","guid":{"rendered":"https:\/\/www.manukanewzealand.com\/?page_id=29000"},"modified":"2026-02-18T15:34:56","modified_gmt":"2026-02-18T14:34:56","slug":"privacy","status":"publish","type":"page","link":"https:\/\/www.manukanewzealand.com\/es\/privacy\/","title":{"rendered":"Pol\u00edtica de privacidad"},"content":{"rendered":"<div id=\"page-header-1953048740\" class=\"page-header-wrapper\">\n  <div class=\"page-title dark simple-title\">\n\n        <div class=\"page-title-bg\">\n      <div class=\"title-bg fill bg-fill\"\n        data-parallax-container=\".page-title\"\n        data-parallax-background\n data-parallax=\"-\">\n      <\/div>\n      <div class=\"title-overlay fill\"><\/div>\n    <\/div>\n    \n    <div class=\"page-title-inner container align-center flex-row medium-flex-wrap\" >\n              <div class=\"title-wrapper flex-col text-left medium-text-center\">\n          <h1 class=\"entry-title mb-0\">\n            Pol\u00edtica de privacidad          <\/h1>\n        <\/div>\n                    <div class=\"title-content flex-col flex-right text-right medium-text-center\">\n        <div class=\"title-breadcrumbs pb-half pt-half\"><nav class=\"woocommerce-breadcrumb breadcrumbs\" aria-label=\"Ruta de navegaci\u00f3n\">Inicio<\/nav><\/div>      <\/div>\n    <\/div>\n\n     \n<style>\n#page-header-1953048740 .title-bg {\n  background-image: url(https:\/\/www.manukanewzealand.com\/wp-content\/uploads\/2026\/02\/mnz-header-2.jpg);\n}\n<\/style>\n  <\/div>\n    <\/div>\n  \n\n\t<section class=\"section\" id=\"section_1624787892\">\n\t\t<div class=\"section-bg fill\" >\n\t\t\t\t\t\t\t\t\t\n\t\t\t\n\n\t\t<\/div>\n\n\t\t\n\n\t\t<div class=\"section-content relative\">\n\t\t\t\n<div class=\"row\"  id=\"row-1661928751\">\n\n\t<div id=\"col-156605880\" class=\"col small-12 large-12\"  >\n\t\t\t\t<div class=\"col-inner\"  >\n\t\t\t\n\t\t\t\n<h2>Pol\u00edtica de privacidad \u2013 Manuka New Zealand B.V. \/ MNZ Manuka New Zealand EMEA B.V.<\/h2>\n<p><em>Versi\u00f3n: enero de 2025<\/em><\/p>\n<p>Cuando visita nuestro sitio web o se pone en contacto con nosotros, puede compartir datos personales con <strong>Manuka Nueva Zelanda B.V.<\/strong> y\/o <strong>MNZ Manuka Nueva Zelanda EMEA B.V.<\/strong> (en adelante, denominados conjuntamente \u201cMNZ\u201d, \u201cnosotros\u201d o \u201cnos\u201d). Tratamos los datos personales con cuidado y de conformidad con el Reglamento General de Protecci\u00f3n de Datos (UE) 2016\/679 (\u201cRGPD\u201d) y otras leyes de privacidad aplicables.<\/p>\n<p>Esta Pol\u00edtica de Privacidad explica qu\u00e9 datos personales recopilamos, con qu\u00e9 fines los procesamos, las bases legales para su procesamiento, cu\u00e1nto tiempo los conservamos y cu\u00e1les son sus derechos.<\/p>\n<h3>1. Controlador<\/h3>\n<p>\n<strong>Manuka New Zealand B.V. \/ MNZ Manuka New Zealand EMEA B.V.<\/strong><br \/>\nTokyostraat 23<br \/>\n1175 RB Lijnden<br \/>\nPa\u00edses Bajos<br \/>\nCorreo electr\u00f3nico: <a href=\"mailto:info@manukanewzealand.com\">info@manukanewzealand.com<\/a>\n<\/p>\n<h3>2. \u00bfQu\u00e9 son los datos personales?<\/h3>\n<p>Los datos personales son cualquier informaci\u00f3n relacionada con una persona f\u00edsica identificada o identificable, como su nombre, direcci\u00f3n, direcci\u00f3n de correo electr\u00f3nico, direcci\u00f3n IP, datos de pago u otra informaci\u00f3n que pueda identificarle directa o indirectamente.<\/p>\n<p>No procesamos intencionalmente categor\u00edas especiales de datos personales (como datos relacionados con la salud, la religi\u00f3n, el origen \u00e9tnico o las opiniones pol\u00edticas).<\/p>\n<h3>3. Datos de personas menores de 16 a\u00f1os<\/h3>\n<p>Nuestro sitio web y nuestros servicios no est\u00e1n destinados a personas menores de 16 a\u00f1os. No recopilamos deliberadamente datos personales de menores. Si cree que hemos procesado datos personales de un menor sin el consentimiento adecuado, p\u00f3ngase en contacto con nosotros en <a href=\"mailto:info@manukanewzealand.com\">info@manukanewzealand.com<\/a> para poder eliminar los datos.<\/p>\n<h3>4. Cu\u00e1ndo y por qu\u00e9 tratamos sus datos personales<\/h3>\n<p><strong>4.1 Respuesta a consultas<\/strong><br \/>\nSi se pone en contacto con nosotros por tel\u00e9fono, correo electr\u00f3nico, formulario de contacto o correo postal, procesamos sus datos para responder a su solicitud.<br \/>\nDatos tratados: nombre, direcci\u00f3n, direcci\u00f3n de correo electr\u00f3nico, n\u00famero de tel\u00e9fono, contenido del mensaje.<br \/>\nFundamento jur\u00eddico: inter\u00e9s leg\u00edtimo (art\u00edculo 6, apartado 1, letra f), del RGPD).<\/p>\n<p><strong>4.2 Ejecuci\u00f3n de acuerdos y cumplimiento de pedidos<\/strong><br \/>\nSi adquiere productos o servicios, procesamos los datos personales necesarios para ejecutar el contrato y entregarle su pedido.<br \/>\nDatos procesados: nombre, direcci\u00f3n, direcci\u00f3n de correo electr\u00f3nico, n\u00famero de tel\u00e9fono, detalles del pedido, informaci\u00f3n de pago.<br \/>\nFundamento jur\u00eddico: ejecuci\u00f3n de un contrato (art\u00edculo 6, apartado 1, letra b), del RGPD).<\/p>\n<p><strong>4.3 Obligaciones administrativas y legales<\/strong><br \/>\nProcesamos ciertos datos para cumplir con las obligaciones fiscales y administrativas.<br \/>\nDatos tratados: nombre, direcci\u00f3n, direcci\u00f3n de correo electr\u00f3nico, n\u00famero de la C\u00e1mara de Comercio, n\u00famero de IVA, datos de la transacci\u00f3n y otra informaci\u00f3n requerida por ley.<br \/>\nFundamento jur\u00eddico: obligaci\u00f3n legal (art\u00edculo 6, apartado 1, letra c), del RGPD).<\/p>\n<p><strong>4.4 Administraci\u00f3n de cuentas<\/strong><br \/>\nSi crea una cuenta, procesamos sus datos para gestionar su cuenta y su historial de pedidos.<br \/>\nDatos tratados: nombre, direcci\u00f3n, direcci\u00f3n de correo electr\u00f3nico, n\u00famero de cliente, n\u00famero de IVA (si procede), informaci\u00f3n sobre pedidos y facturas, contrase\u00f1a cifrada.<br \/>\nFundamento jur\u00eddico: ejecuci\u00f3n de un contrato (art\u00edculo 6, apartado 1, letra b), del RGPD).<\/p>\n<p><strong>4.5 Comunicaciones de mercadotecnia<\/strong><br \/>\nSi te suscribes a nuestro bolet\u00edn informativo, utilizaremos tus datos de contacto para enviarte comunicaciones de marketing.<br \/>\nDatos tratados: nombre y direcci\u00f3n de correo electr\u00f3nico.<br \/>\nBase jur\u00eddica: consentimiento (art\u00edculo 6, apartado 1, letra a), del RGPD). Puede retirar su consentimiento en cualquier momento.<\/p>\n<p><strong>4.6 Encuestas de satisfacci\u00f3n del cliente<\/strong><br \/>\nSi participa voluntariamente en encuestas, procesamos sus datos con fines de mejora de la calidad.<br \/>\nDatos tratados: nombre, direcci\u00f3n de correo electr\u00f3nico (cuando corresponda).<br \/>\nFundamento jur\u00eddico: consentimiento (art\u00edculo 6, apartado 1, letra a), del RGPD).<\/p>\n<h3>5. Cookies<\/h3>\n<p>Utilizamos cookies funcionales necesarias para el funcionamiento adecuado y seguro de nuestro sitio web. Las cookies anal\u00edticas y de marketing solo se instalan tras su consentimiento expl\u00edcito.<\/p>\n<p>Para obtener m\u00e1s informaci\u00f3n, consulte nuestro <a href=\"\/es\/cookie-policy\/\" rel=\"nofollow\">Pol\u00edtica de cookies<\/a>.<\/p>\n<h3>6. Intercambio de datos personales<\/h3>\n<p>Compartimos datos personales con terceros solo cuando es necesario para la prestaci\u00f3n de nuestros servicios o cuando as\u00ed lo exige la ley. Estos pueden incluir:<\/p>\n<ul>\n<li>Proveedores de servicios de pago<\/li>\n<li>Socios de log\u00edstica y transporte<\/li>\n<li>Proveedores de TI y alojamiento web<\/li>\n<li>Proveedores de servicios de marketing y correo electr\u00f3nico<\/li>\n<\/ul>\n<p>Celebramos acuerdos de tratamiento de datos cuando es necesario. Si los datos personales se transfieren fuera del Espacio Econ\u00f3mico Europeo (EEE), nos aseguramos de que se apliquen las garant\u00edas adecuadas, como las cl\u00e1usulas contractuales tipo (SCC).<\/p>\n<h3>7. Seguridad de los datos<\/h3>\n<p>Implementamos medidas t\u00e9cnicas y organizativas adecuadas para proteger los datos personales contra la destrucci\u00f3n accidental o il\u00edcita, la p\u00e9rdida, la alteraci\u00f3n, la divulgaci\u00f3n o el acceso no autorizados. El acceso a los datos personales est\u00e1 limitado al personal autorizado sujeto a obligaciones de confidencialidad.<\/p>\n<h3>8. Conservaci\u00f3n de datos<\/h3>\n<p>Conservamos los datos personales solo durante el tiempo necesario para los fines para los que fueron recopilados o seg\u00fan lo exija la ley:<\/p>\n<ul>\n<li><strong>Registros contables y fiscales:<\/strong> 7 a\u00f1os (obligaci\u00f3n legal).<\/li>\n<li><strong>Cuentas de clientes:<\/strong> hasta 24 meses despu\u00e9s de la \u00faltima actividad.<\/li>\n<li><strong>Datos del bolet\u00edn informativo:<\/strong> hasta que se retire el consentimiento.<\/li>\n<li><strong>Correspondencia por correo electr\u00f3nico:<\/strong> hasta 5 a\u00f1os, a menos que se requiera un plazo m\u00e1s largo por motivos legales.<\/li>\n<li><strong>Grabaciones de CCTV:<\/strong> 30 d\u00edas como m\u00e1ximo, a menos que sea necesario para la investigaci\u00f3n.<\/li>\n<\/ul>\n<h3>9. Sus derechos<\/h3>\n<p>Tienes derecho a:<\/p>\n<ul>\n<li>Acceda a sus datos personales.<\/li>\n<li>Corregir datos incorrectos<\/li>\n<li>Solicitar la eliminaci\u00f3n (\u201cderecho al olvido\u201d)<\/li>\n<li>Restringir el procesamiento<\/li>\n<li>Oponerse al tratamiento<\/li>\n<li>Portabilidad de datos<\/li>\n<li>Retirar el consentimiento en cualquier momento (cuando el tratamiento se base en el consentimiento).<\/li>\n<\/ul>\n<p>Las solicitudes pueden enviarse a <a href=\"mailto:info@manukanewzealand.com\">info@manukanewzealand.com<\/a>. Podemos solicitarle un documento de identificaci\u00f3n para verificar su identidad. Le responderemos en el plazo de un mes, tal y como exige el RGPD.<\/p>\n<p>Tambi\u00e9n tiene derecho a presentar una queja ante la Autoridad Holandesa de Protecci\u00f3n de Datos (Autoriteit Persoonsgegevens).<\/p>\n<h3>10. Vigilancia con c\u00e1maras<\/h3>\n<p>Por motivos de seguridad, es posible que se utilicen c\u00e1maras de CCTV en nuestras instalaciones. Las grabaciones se conservan durante un m\u00e1ximo de 30 d\u00edas, salvo que sean necesarias para procedimientos legales.<\/p>\n<h3>11. Violaciones de datos<\/h3>\n<p>En caso de violaci\u00f3n de datos personales, cumplimos con nuestras obligaciones legales en virtud del RGPD, incluida la notificaci\u00f3n a la Autoridad de Protecci\u00f3n de Datos de los Pa\u00edses Bajos cuando sea necesario.<\/p>\n<h3>12. Sitios web externos<\/h3>\n<p>Esta Pol\u00edtica de privacidad se aplica \u00fanicamente a MNZ. No nos hacemos responsables de las pr\u00e1cticas de privacidad de los sitios web de terceros enlazados desde nuestro sitio web.<\/p>\n<h3>13. Cambios en esta pol\u00edtica<\/h3>\n<p>Podemos modificar esta Pol\u00edtica de Privacidad ocasionalmente. La versi\u00f3n m\u00e1s reciente siempre est\u00e1 disponible en:<br \/>\n<a href=\"https:\/\/www.manukanewzealand.com\/es\/privacy-policy\/\">www.manukanewzealand.com\/privacy-policy<\/a>.<\/p>\n<h3>14. Contacto<\/h3>\n<p>\n<strong>Manuka New Zealand B.V. \/ MNZ Manuka New Zealand EMEA B.V.<\/strong><br \/>\nA la atenci\u00f3n de: Departamento de Privacidad<br \/>\nTokyostraat 23<br \/>\n1175 RB Lijnden<br \/>\nPa\u00edses Bajos<br \/>\nCorreo electr\u00f3nico: <a href=\"mailto:info@manukanewzealand.com\">info@manukanewzealand.com<\/a>\n<\/p>\n\t\t<\/div>\n\t\t\t\t\t<\/div>\n\n\t\n<\/div>\n\t\t<\/div>\n\n\t\t\n<style>\n#section_1624787892 {\n  padding-top: 30px;\n  padding-bottom: 30px;\n}\n<\/style>\n\t<\/section>","protected":false},"excerpt":{"rendered":"","protected":false},"author":2,"featured_media":0,"parent":0,"menu_order":0,"comment_status":"closed","ping_status":"closed","template":"","meta":{"footnotes":""},"class_list":["post-29000","page","type-page","status-publish","hentry"],"yoast_head":"<!-- This site is optimized with the Yoast SEO plugin v27.3 - https:\/\/yoast.com\/product\/yoast-seo-wordpress\/ -->\n<title>Privacy Policy - Manuka New Zealand<\/title>\n<meta name=\"description\" content=\"Privacy policy - Manuka New Zealand - EON Health B.V.\" \/>\n<meta name=\"robots\" content=\"index, follow, max-snippet:-1, max-image-preview:large, max-video-preview:-1\" \/>\n<link rel=\"canonical\" href=\"https:\/\/www.manukanewzealand.com\/es\/privacy\/\" \/>\n<meta property=\"og:locale\" content=\"es_MX\" \/>\n<meta property=\"og:type\" content=\"article\" \/>\n<meta property=\"og:title\" content=\"Privacy Policy - Manuka New Zealand\" \/>\n<meta property=\"og:description\" content=\"Privacy policy - Manuka New Zealand - EON Health B.V.\" \/>\n<meta property=\"og:url\" content=\"https:\/\/www.manukanewzealand.com\/es\/privacy\/\" \/>\n<meta property=\"og:site_name\" content=\"MNZ - Manuka New Zealand - The Best Raw Manuka Honey | Global\" \/>\n<meta property=\"article:modified_time\" content=\"2026-02-18T14:34:56+00:00\" \/>\n<meta property=\"og:image\" content=\"https:\/\/www.manukanewzealand.com\/wp-content\/uploads\/2022\/11\/mnz-logo-200x200-1-1.png\" \/>\n\t<meta property=\"og:image:width\" content=\"200\" \/>\n\t<meta property=\"og:image:height\" content=\"200\" \/>\n\t<meta property=\"og:image:type\" content=\"image\/png\" \/>\n<meta name=\"twitter:card\" content=\"summary_large_image\" \/>\n<meta name=\"twitter:label1\" content=\"Tiempo de lectura\" \/>\n\t<meta name=\"twitter:data1\" content=\"8 minutos\" \/>\n<script type=\"application\/ld+json\" class=\"yoast-schema-graph\">{\"@context\":\"https:\\\/\\\/schema.org\",\"@graph\":[{\"@type\":\"WebPage\",\"@id\":\"https:\\\/\\\/www.manukanewzealand.com\\\/privacy\\\/\",\"url\":\"https:\\\/\\\/www.manukanewzealand.com\\\/privacy\\\/\",\"name\":\"Privacy Policy - Manuka New Zealand\",\"isPartOf\":{\"@id\":\"https:\\\/\\\/www.manukanewzealand.com\\\/es\\\/#website\"},\"datePublished\":\"2019-08-14T13:02:59+00:00\",\"dateModified\":\"2026-02-18T14:34:56+00:00\",\"description\":\"Privacy policy - Manuka New Zealand - EON Health B.V.\",\"breadcrumb\":{\"@id\":\"https:\\\/\\\/www.manukanewzealand.com\\\/privacy\\\/#breadcrumb\"},\"inLanguage\":\"es\",\"potentialAction\":[{\"@type\":\"ReadAction\",\"target\":[\"https:\\\/\\\/www.manukanewzealand.com\\\/privacy\\\/\"]}]},{\"@type\":\"BreadcrumbList\",\"@id\":\"https:\\\/\\\/www.manukanewzealand.com\\\/privacy\\\/#breadcrumb\",\"itemListElement\":[{\"@type\":\"ListItem\",\"position\":1,\"name\":\"Home\",\"item\":\"https:\\\/\\\/www.manukanewzealand.com\\\/\"},{\"@type\":\"ListItem\",\"position\":2,\"name\":\"Privacy Policy\"}]},{\"@type\":\"WebSite\",\"@id\":\"https:\\\/\\\/www.manukanewzealand.com\\\/es\\\/#website\",\"url\":\"https:\\\/\\\/www.manukanewzealand.com\\\/es\\\/\",\"name\":\"MNZ - Manuka New Zealand - The Best Raw Manuka Honey | Global\",\"description\":\"\",\"publisher\":{\"@id\":\"https:\\\/\\\/www.manukanewzealand.com\\\/es\\\/#organization\"},\"potentialAction\":[{\"@type\":\"SearchAction\",\"target\":{\"@type\":\"EntryPoint\",\"urlTemplate\":\"https:\\\/\\\/www.manukanewzealand.com\\\/es\\\/?s={search_term_string}\"},\"query-input\":{\"@type\":\"PropertyValueSpecification\",\"valueRequired\":true,\"valueName\":\"search_term_string\"}}],\"inLanguage\":\"es\"},{\"@type\":\"Organization\",\"@id\":\"https:\\\/\\\/www.manukanewzealand.com\\\/es\\\/#organization\",\"name\":\"MNZ - Manuka New Zealand - The Best Raw Manuka Honey | Global\",\"url\":\"https:\\\/\\\/www.manukanewzealand.com\\\/es\\\/\",\"logo\":{\"@type\":\"ImageObject\",\"inLanguage\":\"es\",\"@id\":\"https:\\\/\\\/www.manukanewzealand.com\\\/es\\\/#\\\/schema\\\/logo\\\/image\\\/\",\"url\":\"https:\\\/\\\/www.manukanewzealand.com\\\/wp-content\\\/uploads\\\/2022\\\/11\\\/mnz-logo-200x200-1-1.png\",\"contentUrl\":\"https:\\\/\\\/www.manukanewzealand.com\\\/wp-content\\\/uploads\\\/2022\\\/11\\\/mnz-logo-200x200-1-1.png\",\"width\":200,\"height\":200,\"caption\":\"MNZ - Manuka New Zealand - The Best Raw Manuka Honey | Global\"},\"image\":{\"@id\":\"https:\\\/\\\/www.manukanewzealand.com\\\/es\\\/#\\\/schema\\\/logo\\\/image\\\/\"}}]}<\/script>\n<!-- \/ Yoast SEO plugin. -->","yoast_head_json":{"title":"Pol\u00edtica de privacidad - Manuka Nueva Zelanda","description":"Pol\u00edtica de privacidad - Manuka Nueva Zelanda - EON Health B.V.","robots":{"index":"index","follow":"follow","max-snippet":"max-snippet:-1","max-image-preview":"max-image-preview:large","max-video-preview":"max-video-preview:-1"},"canonical":"https:\/\/www.manukanewzealand.com\/es\/privacy\/","og_locale":"es_MX","og_type":"article","og_title":"Privacy Policy - Manuka New Zealand","og_description":"Privacy policy - Manuka New Zealand - EON Health B.V.","og_url":"https:\/\/www.manukanewzealand.com\/es\/privacy\/","og_site_name":"MNZ - Manuka New Zealand - The Best Raw Manuka Honey | Global","article_modified_time":"2026-02-18T14:34:56+00:00","og_image":[{"width":200,"height":200,"url":"https:\/\/www.manukanewzealand.com\/wp-content\/uploads\/2022\/11\/mnz-logo-200x200-1-1.png","type":"image\/png"}],"twitter_card":"summary_large_image","twitter_misc":{"Tiempo de lectura":"8 minutos"},"schema":{"@context":"https:\/\/schema.org","@graph":[{"@type":"WebPage","@id":"https:\/\/www.manukanewzealand.com\/privacy\/","url":"https:\/\/www.manukanewzealand.com\/privacy\/","name":"Pol\u00edtica de privacidad - Manuka Nueva Zelanda","isPartOf":{"@id":"https:\/\/www.manukanewzealand.com\/es\/#website"},"datePublished":"2019-08-14T13:02:59+00:00","dateModified":"2026-02-18T14:34:56+00:00","description":"Pol\u00edtica de privacidad - Manuka Nueva Zelanda - EON Health B.V.","breadcrumb":{"@id":"https:\/\/www.manukanewzealand.com\/privacy\/#breadcrumb"},"inLanguage":"es","potentialAction":[{"@type":"ReadAction","target":["https:\/\/www.manukanewzealand.com\/privacy\/"]}]},{"@type":"BreadcrumbList","@id":"https:\/\/www.manukanewzealand.com\/privacy\/#breadcrumb","itemListElement":[{"@type":"ListItem","position":1,"name":"Home","item":"https:\/\/www.manukanewzealand.com\/"},{"@type":"ListItem","position":2,"name":"Privacy Policy"}]},{"@type":"WebSite","@id":"https:\/\/www.manukanewzealand.com\/es\/#website","url":"https:\/\/www.manukanewzealand.com\/es\/","name":"MNZ - Manuka Nueva Zelanda - La mejor miel de Manuka cruda | Global","description":"","publisher":{"@id":"https:\/\/www.manukanewzealand.com\/es\/#organization"},"potentialAction":[{"@type":"SearchAction","target":{"@type":"EntryPoint","urlTemplate":"https:\/\/www.manukanewzealand.com\/es\/?s={search_term_string}"},"query-input":{"@type":"PropertyValueSpecification","valueRequired":true,"valueName":"search_term_string"}}],"inLanguage":"es"},{"@type":"Organization","@id":"https:\/\/www.manukanewzealand.com\/es\/#organization","name":"MNZ - Manuka Nueva Zelanda - La mejor miel de Manuka cruda | Global","url":"https:\/\/www.manukanewzealand.com\/es\/","logo":{"@type":"ImageObject","inLanguage":"es","@id":"https:\/\/www.manukanewzealand.com\/es\/#\/schema\/logo\/image\/","url":"https:\/\/www.manukanewzealand.com\/wp-content\/uploads\/2022\/11\/mnz-logo-200x200-1-1.png","contentUrl":"https:\/\/www.manukanewzealand.com\/wp-content\/uploads\/2022\/11\/mnz-logo-200x200-1-1.png","width":200,"height":200,"caption":"MNZ - Manuka New Zealand - The Best Raw Manuka Honey | Global"},"image":{"@id":"https:\/\/www.manukanewzealand.com\/es\/#\/schema\/logo\/image\/"}}]}},"_links":{"self":[{"href":"https:\/\/www.manukanewzealand.com\/es\/wp-json\/wp\/v2\/pages\/29000","targetHints":{"allow":["GET"]}}],"collection":[{"href":"https:\/\/www.manukanewzealand.com\/es\/wp-json\/wp\/v2\/pages"}],"about":[{"href":"https:\/\/www.manukanewzealand.com\/es\/wp-json\/wp\/v2\/types\/page"}],"author":[{"embeddable":true,"href":"https:\/\/www.manukanewzealand.com\/es\/wp-json\/wp\/v2\/users\/2"}],"replies":[{"embeddable":true,"href":"https:\/\/www.manukanewzealand.com\/es\/wp-json\/wp\/v2\/comments?post=29000"}],"version-history":[{"count":2,"href":"https:\/\/www.manukanewzealand.com\/es\/wp-json\/wp\/v2\/pages\/29000\/revisions"}],"predecessor-version":[{"id":35312,"href":"https:\/\/www.manukanewzealand.com\/es\/wp-json\/wp\/v2\/pages\/29000\/revisions\/35312"}],"wp:attachment":[{"href":"https:\/\/www.manukanewzealand.com\/es\/wp-json\/wp\/v2\/media?parent=29000"}],"curies":[{"name":"wp","href":"https:\/\/api.w.org\/{rel}","templated":true}]}}