{"id":28897,"date":"2019-08-14T12:59:30","date_gmt":"2019-08-14T11:59:30","guid":{"rendered":"https:\/\/www.manukanewzealand.com\/?page_id=28897"},"modified":"2026-02-18T15:04:37","modified_gmt":"2026-02-18T14:04:37","slug":"experts","status":"publish","type":"page","link":"https:\/\/www.manukanewzealand.com\/es\/experts\/","title":{"rendered":"Expertos"},"content":{"rendered":"<div id=\"page-header-1976650647\" class=\"page-header-wrapper\">\n  <div class=\"page-title dark divided-title\">\n\n        <div class=\"page-title-bg\">\n      <div class=\"title-bg fill bg-fill\"\n        data-parallax-container=\".page-title\"\n        data-parallax-background\n data-parallax=\"-\">\n      <\/div>\n      <div class=\"title-overlay fill\"><\/div>\n    <\/div>\n    \n    <div class=\"page-title-inner container align-center flex-row medium-flex-wrap\" >\n              <div class=\"title-wrapper flex-col text-left medium-text-center\">\n          <h1 class=\"entry-title mb-0\">\n            los expertos de MNZ          <\/h1>\n        <\/div>\n                    <div class=\"title-content flex-col flex-right text-right medium-text-center\">\n        <div class=\"title-breadcrumbs pb-half pt-half\"><nav class=\"woocommerce-breadcrumb breadcrumbs\" aria-label=\"Ruta de navegaci\u00f3n\">Inicio<\/nav><\/div>      <\/div>\n    <\/div>\n\n     \n<style>\n#page-header-1976650647 .page-title-inner {\n  min-height: 250px;\n}\n#page-header-1976650647 .title-bg {\n  background-image: url(https:\/\/www.manukanewzealand.com\/wp-content\/uploads\/2026\/02\/mnz-header-2.jpg);\n}\n<\/style>\n  <\/div>\n  <div class=\"container header-wrapper-divider\"><hr\/><\/div>  <\/div>\n  \n\n\t<section class=\"section\" id=\"section_310126397\">\n\t\t<div class=\"section-bg fill\" >\n\t\t\t\t\t\t\t\t\t\n\t\t\t\n\n\t\t<\/div>\n\n\t\t\n\n\t\t<div class=\"section-content relative\">\n\t\t\t\n<div class=\"row\"  id=\"row-899389605\">\n\n\t<div id=\"col-848977822\" class=\"col medium-12 small-12 large-8\"  >\n\t\t\t\t<div class=\"col-inner\"  >\n\t\t\t\n\t\t\t\n<h2>Miel de Manuka: un regalo \u00fanico de la naturaleza<\/h2>\n<p>La miel de Manuka proviene del arbusto nativo de Nueva Zelanda Manuka (<em>Leptospermum scoparium<\/em>), una planta que crece en el paisaje accidentado y remoto del pa\u00eds. El largo aislamiento geogr\u00e1fico de Nueva Zelanda ha permitido que su flora y fauna evolucionen de una manera distintiva, dando lugar a especies vegetales que no se encuentran en ning\u00fan otro lugar del mundo.<\/p>\n<p>La planta de Manuka var\u00eda desde arbustos de bajo crecimiento hasta \u00e1rboles peque\u00f1os y florece solo durante un breve periodo cada a\u00f1o. Durante este tiempo, las abejas recolectan el n\u00e9ctar que le da a la miel de Manuka su perfil caracter\u00edstico. Durante generaciones, las comunidades maor\u00edes han valorado la planta de Manuka como parte de sus pr\u00e1cticas tradicionales.<\/p>\n<p>Las abejas mel\u00edferas se introdujeron en Nueva Zelanda en el siglo XIX y, con el tiempo, la miel de Manuka se hizo famosa por su composici\u00f3n distintiva. Desde entonces, la investigaci\u00f3n cient\u00edfica moderna ha ayudado a comprender mejor los compuestos naturales que hacen que esta miel sea \u00fanica.<\/p>\n<h2>Especialistas en miel de Manuka<\/h2>\n<p>MNZ se enorgullece de producir sus productos ap\u00edcolas en Nueva Zelanda. La recolecci\u00f3n, el procesamiento y el envasado se llevan a cabo en nuestras propias instalaciones, que operan bajo las estrictas normas establecidas por el Ministerio de Industrias Primarias de Nueva Zelanda (MPI).<\/p>\n<p>Nuestra miel de Manuka cruda y monofloral se caracteriza por su pureza, trazabilidad y calidad constante. Las colmenas de madera se colocan en regiones remotas y v\u00edrgenes de Nueva Zelanda para reducir la exposici\u00f3n ambiental y mantener un entorno natural para nuestras colonias.<\/p>\n<p>En MNZ, las colonias de abejas sanas son la base de todo lo que hacemos. Nuestros apicultores supervisan de cerca las condiciones de las colmenas para garantizar que las abejas puedan prosperar y producir miel de Manuka en un entorno estable.<\/p>\n<p>Dado que nuestras colmenas se encuentran en zonas rurales aisladas, el riesgo de contaminaci\u00f3n ambiental es m\u00ednimo. Adem\u00e1s, cada lote de miel de Manuka se somete a rigurosas pruebas de laboratorio para confirmar que cumple con estrictos est\u00e1ndares de calidad y que est\u00e1 libre de residuos no deseados.<\/p>\n\t\t<\/div>\n\t\t\t\t\t<\/div>\n\n\t\n\n\t<div id=\"col-355055398\" class=\"col medium-12 small-12 large-4\"  >\n\t\t\t\t<div class=\"col-inner text-center\"  >\n\t\t\t\n\t\t\t\n\t\n  \n    <div class=\"row large-columns-1 medium-columns- small-columns- row-small slider row-slider slider-nav-reveal slider-nav-push\"  data-flickity-options='{&quot;imagesLoaded&quot;: true, &quot;groupCells&quot;: &quot;100%&quot;, &quot;dragThreshold&quot; : 5, &quot;cellAlign&quot;: &quot;left&quot;,&quot;wrapAround&quot;: true,&quot;prevNextButtons&quot;: true,&quot;percentPosition&quot;: true,&quot;pageDots&quot;: false, &quot;rightToLeft&quot;: false, &quot;autoPlay&quot; : false}' >\n\n  \n\t     <div class=\"product-small col has-hover product type-product post-26902 status-publish first instock product_cat-uncategorized has-post-thumbnail taxable shipping-taxable purchasable product-type-simple\">\n\t<div class=\"col-inner\">\n\t\n<div class=\"badge-container absolute left top z-1\">\n\n<\/div>\n\t<div class=\"product-small box\">\n\t\t<div class=\"box-image\">\n\t\t\t<div class=\"image-none\">\n\t\t\t\t<a href=\"https:\/\/www.manukanewzealand.com\/es\/product\/toothpaste-manuka-honey\/\">\n\t\t\t\t\t<img decoding=\"async\" width=\"500\" height=\"500\" src=\"https:\/\/www.manukanewzealand.com\/wp-content\/uploads\/2023\/08\/manuka-tandpasta-mnz.webp\" class=\"attachment-woocommerce_thumbnail size-woocommerce_thumbnail\" alt=\"Dent\u00edfrico con miel de Manuka, prop\u00f3leos y aceite de Manuka.\" srcset=\"https:\/\/www.manukanewzealand.com\/wp-content\/uploads\/2023\/08\/manuka-tandpasta-mnz.webp 500w, https:\/\/www.manukanewzealand.com\/wp-content\/uploads\/2023\/08\/manuka-tandpasta-mnz-100x100.webp 100w\" sizes=\"(max-width: 500px) 100vw, 500px\" \/>\t\t\t\t<\/a>\n\t\t\t<\/div>\n\t\t\t<div class=\"image-tools is-small top right show-on-hover\">\n\t\t\t\t\t\t<div class=\"wishlist-icon\">\n\t\t\t<button class=\"wishlist-button button is-outline circle icon\" aria-label=\"Lista de deseos\">\n\t\t\t\t<i class=\"icon-heart\" aria-hidden=\"true\"><\/i>\t\t\t<\/button>\n\t\t\t<div class=\"wishlist-popup dark\">\n\t\t\t\t\n<div\n\tclass=\"yith-wcwl-add-to-wishlist add-to-wishlist-26902 yith-wcwl-add-to-wishlist--link-style wishlist-fragment on-first-load\"\n\tdata-fragment-ref=\"26902\"\n\tdata-fragment-options=\"{&quot;base_url&quot;:&quot;&quot;,&quot;product_id&quot;:26902,&quot;parent_product_id&quot;:0,&quot;product_type&quot;:&quot;simple&quot;,&quot;is_single&quot;:false,&quot;in_default_wishlist&quot;:false,&quot;show_view&quot;:false,&quot;browse_wishlist_text&quot;:&quot;Browse wishlist&quot;,&quot;already_in_wishslist_text&quot;:&quot;The product is already in your wishlist!&quot;,&quot;product_added_text&quot;:&quot;Product added!&quot;,&quot;available_multi_wishlist&quot;:false,&quot;disable_wishlist&quot;:false,&quot;show_count&quot;:false,&quot;ajax_loading&quot;:false,&quot;loop_position&quot;:&quot;after_add_to_cart&quot;,&quot;item&quot;:&quot;add_to_wishlist&quot;}\"\n>\n\t<\/div>\n\t\t\t<\/div>\n\t\t<\/div>\n\t\t\t\t\t<\/div>\n\t\t\t<div class=\"image-tools is-small hide-for-small bottom left show-on-hover\">\n\t\t\t\t\t\t\t<\/div>\n\t\t\t<div class=\"image-tools grid-tools text-center hide-for-small bottom hover-slide-in show-on-hover\">\n\t\t\t\t\t\t\t<\/div>\n\t\t\t\t\t<\/div>\n\n\t\t<div class=\"box-text box-text-products text-center grid-style-2\">\n\t\t\t<div class=\"title-wrapper\"><p class=\"name product-title woocommerce-loop-product__title\"><a href=\"https:\/\/www.manukanewzealand.com\/es\/product\/toothpaste-manuka-honey\/\" class=\"woocommerce-LoopProduct-link woocommerce-loop-product__link\">Dent\u00edfrico con miel de Manuka, prop\u00f3leo y aceite de Manuka.<\/a><\/p><\/div><div class=\"price-wrapper\">\n\t<span class=\"price\"><span class=\"woocommerce-Price-amount amount\"><bdi><span class=\"woocommerce-Price-currencySymbol\">\u20ac<\/span>11,95<\/bdi><\/span> <small class=\"woocommerce-price-suffix\">IVA incluido<\/small><\/span>\n<\/div><div class=\"add-to-cart-button\"><a href=\"\/es\/wp-json\/wp\/v2\/pages\/28897?add-to-cart=26902\" aria-describedby=\"woocommerce_loop_add_to_cart_link_describedby_26902\" data-quantity=\"1\" class=\"primary is-small mb-0 button product_type_simple add_to_cart_button ajax_add_to_cart is-outline\" data-product_id=\"26902\" data-product_sku=\"MNZ201\" aria-label=\"A\u00f1adir al carrito: \u201cDent\u00edfrica con miel de Manuka, prop\u00f3leo y aceite de Manuka\u201d.\u201d\" rel=\"nofollow\" data-success_message=\"&ldquo;Manuka Honey, Propolis &amp; Manuka Oil Toothpaste.&rdquo; has been added to your cart\" role=\"button\">A\u00f1adir al carrito<\/a><\/div>\t<span id=\"woocommerce_loop_add_to_cart_link_describedby_26902\" class=\"screen-reader-text\">\n\t\t\t<\/span>\n\t\t<\/div>\n\t<\/div>\n\t\t<\/div>\n<\/div><\/div>\n\t\t<\/div>\n\t\t\t\t\n<style>\n#col-355055398 > .col-inner {\n  max-width: 500px;\n}\n<\/style>\n\t<\/div>\n\n\t\n<\/div>\n\t\t<\/div>\n\n\t\t\n<style>\n#section_310126397 {\n  padding-top: 30px;\n  padding-bottom: 30px;\n}\n<\/style>\n\t<\/section>","protected":false},"excerpt":{"rendered":"","protected":false},"author":2,"featured_media":0,"parent":0,"menu_order":0,"comment_status":"closed","ping_status":"closed","template":"","meta":{"footnotes":""},"class_list":["post-28897","page","type-page","status-publish","hentry"],"yoast_head":"<!-- This site is optimized with the Yoast SEO plugin v27.3 - https:\/\/yoast.com\/product\/yoast-seo-wordpress\/ -->\n<title>Experts in MGO Manuka Honey - Manuka New Zealand<\/title>\n<meta name=\"description\" content=\"Manuka New Zealand; 100% New Zealand. Manuka New Zealand is a leading producer of bee products from New Zealand. Manuka New Zealand harvests, processes and packages its by-products in New Zealand, which means they meet the strict quality standards of New Zealand. Original Manuka Honey from New Zealand\" \/>\n<meta name=\"robots\" content=\"index, follow, max-snippet:-1, max-image-preview:large, max-video-preview:-1\" \/>\n<link rel=\"canonical\" href=\"https:\/\/www.manukanewzealand.com\/es\/experts\/\" \/>\n<meta property=\"og:locale\" content=\"es_MX\" \/>\n<meta property=\"og:type\" content=\"article\" \/>\n<meta property=\"og:title\" content=\"Experts in MGO Manuka Honey - Manuka New Zealand\" \/>\n<meta property=\"og:description\" content=\"Manuka New Zealand; 100% New Zealand. Manuka New Zealand is a leading producer of bee products from New Zealand. Manuka New Zealand harvests, processes and packages its by-products in New Zealand, which means they meet the strict quality standards of New Zealand. Original Manuka Honey from New Zealand\" \/>\n<meta property=\"og:url\" content=\"https:\/\/www.manukanewzealand.com\/es\/experts\/\" \/>\n<meta property=\"og:site_name\" content=\"MNZ - Manuka New Zealand - The Best Raw Manuka Honey | Global\" \/>\n<meta property=\"article:modified_time\" content=\"2026-02-18T14:04:37+00:00\" \/>\n<meta property=\"og:image\" content=\"https:\/\/www.manukanewzealand.com\/wp-content\/uploads\/2022\/11\/mnz-logo-200x200-1-1.png\" \/>\n\t<meta property=\"og:image:width\" content=\"200\" \/>\n\t<meta property=\"og:image:height\" content=\"200\" \/>\n\t<meta property=\"og:image:type\" content=\"image\/png\" \/>\n<meta name=\"twitter:card\" content=\"summary_large_image\" \/>\n<script type=\"application\/ld+json\" class=\"yoast-schema-graph\">{\"@context\":\"https:\\\/\\\/schema.org\",\"@graph\":[{\"@type\":\"WebPage\",\"@id\":\"https:\\\/\\\/www.manukanewzealand.com\\\/experts\\\/\",\"url\":\"https:\\\/\\\/www.manukanewzealand.com\\\/experts\\\/\",\"name\":\"Experts in MGO Manuka Honey - Manuka New Zealand\",\"isPartOf\":{\"@id\":\"https:\\\/\\\/www.manukanewzealand.com\\\/es\\\/#website\"},\"datePublished\":\"2019-08-14T11:59:30+00:00\",\"dateModified\":\"2026-02-18T14:04:37+00:00\",\"description\":\"Manuka New Zealand; 100% New Zealand. Manuka New Zealand is a leading producer of bee products from New Zealand. Manuka New Zealand harvests, processes and packages its by-products in New Zealand, which means they meet the strict quality standards of New Zealand. Original Manuka Honey from New Zealand\",\"breadcrumb\":{\"@id\":\"https:\\\/\\\/www.manukanewzealand.com\\\/experts\\\/#breadcrumb\"},\"inLanguage\":\"es\",\"potentialAction\":[{\"@type\":\"ReadAction\",\"target\":[\"https:\\\/\\\/www.manukanewzealand.com\\\/experts\\\/\"]}]},{\"@type\":\"BreadcrumbList\",\"@id\":\"https:\\\/\\\/www.manukanewzealand.com\\\/experts\\\/#breadcrumb\",\"itemListElement\":[{\"@type\":\"ListItem\",\"position\":1,\"name\":\"Home\",\"item\":\"https:\\\/\\\/www.manukanewzealand.com\\\/\"},{\"@type\":\"ListItem\",\"position\":2,\"name\":\"Experts\"}]},{\"@type\":\"WebSite\",\"@id\":\"https:\\\/\\\/www.manukanewzealand.com\\\/es\\\/#website\",\"url\":\"https:\\\/\\\/www.manukanewzealand.com\\\/es\\\/\",\"name\":\"MNZ - Manuka New Zealand - The Best Raw Manuka Honey | Global\",\"description\":\"\",\"publisher\":{\"@id\":\"https:\\\/\\\/www.manukanewzealand.com\\\/es\\\/#organization\"},\"potentialAction\":[{\"@type\":\"SearchAction\",\"target\":{\"@type\":\"EntryPoint\",\"urlTemplate\":\"https:\\\/\\\/www.manukanewzealand.com\\\/es\\\/?s={search_term_string}\"},\"query-input\":{\"@type\":\"PropertyValueSpecification\",\"valueRequired\":true,\"valueName\":\"search_term_string\"}}],\"inLanguage\":\"es\"},{\"@type\":\"Organization\",\"@id\":\"https:\\\/\\\/www.manukanewzealand.com\\\/es\\\/#organization\",\"name\":\"MNZ - Manuka New Zealand - The Best Raw Manuka Honey | Global\",\"url\":\"https:\\\/\\\/www.manukanewzealand.com\\\/es\\\/\",\"logo\":{\"@type\":\"ImageObject\",\"inLanguage\":\"es\",\"@id\":\"https:\\\/\\\/www.manukanewzealand.com\\\/es\\\/#\\\/schema\\\/logo\\\/image\\\/\",\"url\":\"https:\\\/\\\/www.manukanewzealand.com\\\/wp-content\\\/uploads\\\/2022\\\/11\\\/mnz-logo-200x200-1-1.png\",\"contentUrl\":\"https:\\\/\\\/www.manukanewzealand.com\\\/wp-content\\\/uploads\\\/2022\\\/11\\\/mnz-logo-200x200-1-1.png\",\"width\":200,\"height\":200,\"caption\":\"MNZ - Manuka New Zealand - The Best Raw Manuka Honey | Global\"},\"image\":{\"@id\":\"https:\\\/\\\/www.manukanewzealand.com\\\/es\\\/#\\\/schema\\\/logo\\\/image\\\/\"}}]}<\/script>\n<meta property=\"product:price:amount\" content=\"11.95\" \/>\n<meta property=\"product:price:currency\" content=\"EUR\" \/>\n<meta property=\"og:availability\" content=\"instock\" \/>\n<meta property=\"product:availability\" content=\"instock\" \/>\n<meta property=\"product:retailer_item_id\" content=\"MNZ201\" \/>\n<meta property=\"product:condition\" content=\"new\" \/>\n<!-- \/ Yoast SEO plugin. -->","yoast_head_json":{"title":"Expertos en miel de Manuka MGO - Manuka Nueva Zelanda","description":"Manuka New Zealand; 100% Nueva Zelanda. Manuka New Zealand es un productor l\u00edder de productos ap\u00edcolas de Nueva Zelanda. Manuka New Zealand cosecha, procesa y envasa sus subproductos en Nueva Zelanda, lo que significa que cumplen con los estrictos est\u00e1ndares de calidad de Nueva Zelanda. Miel de Manuka original de Nueva Zelanda.","robots":{"index":"index","follow":"follow","max-snippet":"max-snippet:-1","max-image-preview":"max-image-preview:large","max-video-preview":"max-video-preview:-1"},"canonical":"https:\/\/www.manukanewzealand.com\/es\/experts\/","og_locale":"es_MX","og_type":"article","og_title":"Experts in MGO Manuka Honey - Manuka New Zealand","og_description":"Manuka New Zealand; 100% New Zealand. Manuka New Zealand is a leading producer of bee products from New Zealand. Manuka New Zealand harvests, processes and packages its by-products in New Zealand, which means they meet the strict quality standards of New Zealand. Original Manuka Honey from New Zealand","og_url":"https:\/\/www.manukanewzealand.com\/es\/experts\/","og_site_name":"MNZ - Manuka New Zealand - The Best Raw Manuka Honey | Global","article_modified_time":"2026-02-18T14:04:37+00:00","og_image":[{"width":200,"height":200,"url":"https:\/\/www.manukanewzealand.com\/wp-content\/uploads\/2022\/11\/mnz-logo-200x200-1-1.png","type":"image\/png"}],"twitter_card":"summary_large_image","schema":{"@context":"https:\/\/schema.org","@graph":[{"@type":"WebPage","@id":"https:\/\/www.manukanewzealand.com\/experts\/","url":"https:\/\/www.manukanewzealand.com\/experts\/","name":"Expertos en miel de Manuka MGO - Manuka Nueva Zelanda","isPartOf":{"@id":"https:\/\/www.manukanewzealand.com\/es\/#website"},"datePublished":"2019-08-14T11:59:30+00:00","dateModified":"2026-02-18T14:04:37+00:00","description":"Manuka New Zealand; 100% Nueva Zelanda. Manuka New Zealand es un productor l\u00edder de productos ap\u00edcolas de Nueva Zelanda. Manuka New Zealand cosecha, procesa y envasa sus subproductos en Nueva Zelanda, lo que significa que cumplen con los estrictos est\u00e1ndares de calidad de Nueva Zelanda. Miel de Manuka original de Nueva Zelanda.","breadcrumb":{"@id":"https:\/\/www.manukanewzealand.com\/experts\/#breadcrumb"},"inLanguage":"es","potentialAction":[{"@type":"ReadAction","target":["https:\/\/www.manukanewzealand.com\/experts\/"]}]},{"@type":"BreadcrumbList","@id":"https:\/\/www.manukanewzealand.com\/experts\/#breadcrumb","itemListElement":[{"@type":"ListItem","position":1,"name":"Home","item":"https:\/\/www.manukanewzealand.com\/"},{"@type":"ListItem","position":2,"name":"Experts"}]},{"@type":"WebSite","@id":"https:\/\/www.manukanewzealand.com\/es\/#website","url":"https:\/\/www.manukanewzealand.com\/es\/","name":"MNZ - Manuka Nueva Zelanda - La mejor miel de Manuka cruda | Global","description":"","publisher":{"@id":"https:\/\/www.manukanewzealand.com\/es\/#organization"},"potentialAction":[{"@type":"SearchAction","target":{"@type":"EntryPoint","urlTemplate":"https:\/\/www.manukanewzealand.com\/es\/?s={search_term_string}"},"query-input":{"@type":"PropertyValueSpecification","valueRequired":true,"valueName":"search_term_string"}}],"inLanguage":"es"},{"@type":"Organization","@id":"https:\/\/www.manukanewzealand.com\/es\/#organization","name":"MNZ - Manuka Nueva Zelanda - La mejor miel de Manuka cruda | Global","url":"https:\/\/www.manukanewzealand.com\/es\/","logo":{"@type":"ImageObject","inLanguage":"es","@id":"https:\/\/www.manukanewzealand.com\/es\/#\/schema\/logo\/image\/","url":"https:\/\/www.manukanewzealand.com\/wp-content\/uploads\/2022\/11\/mnz-logo-200x200-1-1.png","contentUrl":"https:\/\/www.manukanewzealand.com\/wp-content\/uploads\/2022\/11\/mnz-logo-200x200-1-1.png","width":200,"height":200,"caption":"MNZ - Manuka New Zealand - The Best Raw Manuka Honey | Global"},"image":{"@id":"https:\/\/www.manukanewzealand.com\/es\/#\/schema\/logo\/image\/"}}]},"product_price_amount":"11.95","product_price_currency":"EUR","og_availability":"instock","product_availability":"instock","product_retailer_item_id":"MNZ201","product_condition":"new"},"_links":{"self":[{"href":"https:\/\/www.manukanewzealand.com\/es\/wp-json\/wp\/v2\/pages\/28897","targetHints":{"allow":["GET"]}}],"collection":[{"href":"https:\/\/www.manukanewzealand.com\/es\/wp-json\/wp\/v2\/pages"}],"about":[{"href":"https:\/\/www.manukanewzealand.com\/es\/wp-json\/wp\/v2\/types\/page"}],"author":[{"embeddable":true,"href":"https:\/\/www.manukanewzealand.com\/es\/wp-json\/wp\/v2\/users\/2"}],"replies":[{"embeddable":true,"href":"https:\/\/www.manukanewzealand.com\/es\/wp-json\/wp\/v2\/comments?post=28897"}],"version-history":[{"count":1,"href":"https:\/\/www.manukanewzealand.com\/es\/wp-json\/wp\/v2\/pages\/28897\/revisions"}],"predecessor-version":[{"id":35292,"href":"https:\/\/www.manukanewzealand.com\/es\/wp-json\/wp\/v2\/pages\/28897\/revisions\/35292"}],"wp:attachment":[{"href":"https:\/\/www.manukanewzealand.com\/es\/wp-json\/wp\/v2\/media?parent=28897"}],"curies":[{"name":"wp","href":"https:\/\/api.w.org\/{rel}","templated":true}]}}