{"id":28891,"date":"2019-08-14T12:53:44","date_gmt":"2019-08-14T11:53:44","guid":{"rendered":"https:\/\/www.manukanewzealand.com\/?page_id=28891"},"modified":"2026-02-18T15:41:00","modified_gmt":"2026-02-18T14:41:00","slug":"disclaimer","status":"publish","type":"page","link":"https:\/\/www.manukanewzealand.com\/es\/disclaimer\/","title":{"rendered":"Descargo de responsabilidad"},"content":{"rendered":"<div id=\"page-header-8300516\" class=\"page-header-wrapper\">\n  <div class=\"page-title dark simple-title\">\n\n        <div class=\"page-title-bg\">\n      <div class=\"title-bg fill bg-fill\"\n        data-parallax-container=\".page-title\"\n        data-parallax-background\n data-parallax=\"-\">\n      <\/div>\n      <div class=\"title-overlay fill\"><\/div>\n    <\/div>\n    \n    <div class=\"page-title-inner container align-center flex-row medium-flex-wrap\" >\n              <div class=\"title-wrapper flex-col text-left medium-text-center\">\n          <h1 class=\"entry-title mb-0\">\n            Descargo de responsabilidad          <\/h1>\n        <\/div>\n                    <div class=\"title-content flex-col flex-right text-right medium-text-center\">\n        <div class=\"title-breadcrumbs pb-half pt-half\"><nav class=\"woocommerce-breadcrumb breadcrumbs\" aria-label=\"Ruta de navegaci\u00f3n\">Inicio<\/nav><\/div>      <\/div>\n    <\/div>\n\n     \n<style>\n#page-header-8300516 .page-title-inner {\n  min-height: 250px;\n}\n#page-header-8300516 .title-bg {\n  background-image: url(https:\/\/www.manukanewzealand.com\/wp-content\/uploads\/2026\/02\/mnz-header-2.jpg);\n}\n<\/style>\n  <\/div>\n    <\/div>\n  \n\n\t<section class=\"section\" id=\"section_79836215\">\n\t\t<div class=\"section-bg fill\" >\n\t\t\t\t\t\t\t\t\t\n\t\t\t\n\n\t\t<\/div>\n\n\t\t\n\n\t\t<div class=\"section-content relative\">\n\t\t\t\n<div class=\"row\"  id=\"row-1808967870\">\n\n\t<div id=\"col-198463619\" class=\"col small-12 large-12\"  >\n\t\t\t\t<div class=\"col-inner\"  >\n\t\t\t\n\t\t\t\n<h2>Descargo de responsabilidad<\/h2>\n<p><strong>Propiedad intelectual<\/strong><br \/>\nTodo el contenido de este sitio web, incluidos los textos, im\u00e1genes, elementos de dise\u00f1o, marcas comerciales, logotipos y nombres de dominio, es propiedad de <strong>Manuka Nueva Zelanda B.V.<\/strong> y <strong>MNZ Manuka Nueva Zelanda EMEA B.V.<\/strong> o sus licenciantes. Este contenido est\u00e1 protegido por derechos de autor, marcas registradas y otras leyes de propiedad intelectual.<br \/>\nNinguna parte de este sitio web puede ser reproducida, distribuida, modificada, publicada o utilizada de ninguna manera sin el permiso previo por escrito de Manuka New Zealand B.V. o MNZ Manuka New Zealand EMEA B.V.<\/p>\n<p><strong>Informaci\u00f3n y exactitud<\/strong><br \/>\nHemos recopilado la informaci\u00f3n de este sitio web con mucho cuidado. Sin embargo, <strong>Manuka Nueva Zelanda B.V.<\/strong> y <strong>MNZ Manuka Nueva Zelanda EMEA B.V.<\/strong> No podemos garantizar que todo el contenido sea completo, preciso o est\u00e9 actualizado en todo momento.<br \/>\nNos reservamos el derecho de actualizar, modificar o eliminar contenido sin previo aviso. Los visitantes son responsables del uso y la interpretaci\u00f3n que hagan de la informaci\u00f3n proporcionada.<\/p>\n<p><strong>Enlaces de terceros<\/strong><br \/>\nEste sitio web puede contener enlaces a sitios web externos que no son operados ni controlados por <strong>Manuka Nueva Zelanda B.V.<\/strong> o <strong>MNZ Manuka Nueva Zelanda EMEA B.V.<\/strong>.<br \/>\nNo nos hacemos responsables del contenido, la disponibilidad o la seguridad de estos sitios web externos. El acceso a dichos sitios web se realiza bajo su propia responsabilidad.<\/p>\n<p><strong>Responsabilidad<\/strong><br \/>\nNinguno de los dos <strong>Manuka Nueva Zelanda B.V.<\/strong> ni <strong>MNZ Manuka Nueva Zelanda EMEA B.V.<\/strong> no ser\u00e1 responsable de ning\u00fan da\u00f1o directo o indirecto que resulte del uso de este sitio web, de la informaci\u00f3n proporcionada o de la imposibilidad temporal de acceder al sitio web. Esto incluye, entre otros, los da\u00f1os causados por fallos t\u00e9cnicos, virus, inexactitudes o informaci\u00f3n incompleta.<br \/>\n<em>Nada de lo dispuesto en esta exenci\u00f3n de responsabilidad excluye o limita la responsabilidad cuando dicha exclusi\u00f3n sea ilegal, incluida la responsabilidad por muerte o lesiones personales causadas por negligencia, la responsabilidad obligatoria por productos defectuosos en virtud de la legislaci\u00f3n de la UE o los da\u00f1os causados por conducta dolosa o negligencia grave.<\/em><\/p>\n<p><strong>Aviso sobre la Ley de Servicios Digitales (DSA)<\/strong><br \/>\nSi considera que alg\u00fan contenido de este sitio web es ilegal o infringe sus derechos, p\u00f3ngase en contacto con nosotros a trav\u00e9s de nuestro <a href=\"https:\/\/www.manukanewzealand.com\/es\/contact\/\">P\u00e1gina de contacto<\/a>. Gestionamos estas notificaciones de conformidad con la legislaci\u00f3n aplicable de la UE, incluida la Ley de Servicios Digitales.<\/p>\n<p><strong>Privacidad y cookies<\/strong><br \/>\nEl tratamiento de los datos personales y el uso de cookies se rigen por nuestra <a href=\"\/es\/privacy-policy\/\">Pol\u00edtica de privacidad<\/a> y <a href=\"\/es\/cookie-policy\/\">Pol\u00edtica de cookies<\/a>.<\/p>\n<p><em>\u00a9 2025 Manuka New Zealand B.V. \/ MNZ Manuka New Zealand EMEA B.V. \u2013 Todos los derechos reservados.<\/em><\/p>\n\t\t<\/div>\n\t\t\t\t\t<\/div>\n\n\t\n<\/div>\n\t\t<\/div>\n\n\t\t\n<style>\n#section_79836215 {\n  padding-top: 30px;\n  padding-bottom: 30px;\n}\n<\/style>\n\t<\/section>","protected":false},"excerpt":{"rendered":"","protected":false},"author":2,"featured_media":0,"parent":0,"menu_order":0,"comment_status":"closed","ping_status":"closed","template":"","meta":{"footnotes":""},"class_list":["post-28891","page","type-page","status-publish","hentry"],"yoast_head":"<!-- This site is optimized with the Yoast SEO plugin v27.3 - https:\/\/yoast.com\/product\/yoast-seo-wordpress\/ -->\n<title>Disclaimer - MNZ - Manuka New Zealand - The Best Raw Manuka Honey | Global<\/title>\n<meta name=\"description\" content=\"Disclaimer Manuka New Zealand - EON Health B.V.\" \/>\n<meta name=\"robots\" content=\"noindex, nofollow\" \/>\n<meta property=\"og:locale\" content=\"es_MX\" \/>\n<meta property=\"og:type\" content=\"article\" \/>\n<meta property=\"og:title\" content=\"Disclaimer - MNZ - Manuka New Zealand - The Best Raw Manuka Honey | Global\" \/>\n<meta property=\"og:description\" content=\"Disclaimer Manuka New Zealand - EON Health B.V.\" \/>\n<meta property=\"og:url\" content=\"https:\/\/www.manukanewzealand.com\/es\/disclaimer\/\" \/>\n<meta property=\"og:site_name\" content=\"MNZ - Manuka New Zealand - The Best Raw Manuka Honey | Global\" \/>\n<meta property=\"article:modified_time\" content=\"2026-02-18T14:41:00+00:00\" \/>\n<meta property=\"og:image\" content=\"https:\/\/www.manukanewzealand.com\/wp-content\/uploads\/2022\/11\/mnz-logo-200x200-1-1.png\" \/>\n\t<meta property=\"og:image:width\" content=\"200\" \/>\n\t<meta property=\"og:image:height\" content=\"200\" \/>\n\t<meta property=\"og:image:type\" content=\"image\/png\" \/>\n<meta name=\"twitter:card\" content=\"summary_large_image\" \/>\n<meta name=\"twitter:label1\" content=\"Tiempo de lectura\" \/>\n\t<meta name=\"twitter:data1\" content=\"2 minutos\" \/>\n<script type=\"application\/ld+json\" class=\"yoast-schema-graph\">{\"@context\":\"https:\\\/\\\/schema.org\",\"@graph\":[{\"@type\":\"WebPage\",\"@id\":\"https:\\\/\\\/www.manukanewzealand.com\\\/disclaimer\\\/\",\"url\":\"https:\\\/\\\/www.manukanewzealand.com\\\/disclaimer\\\/\",\"name\":\"Disclaimer - MNZ - Manuka New Zealand - The Best Raw Manuka Honey | Global\",\"isPartOf\":{\"@id\":\"https:\\\/\\\/www.manukanewzealand.com\\\/es\\\/#website\"},\"datePublished\":\"2019-08-14T11:53:44+00:00\",\"dateModified\":\"2026-02-18T14:41:00+00:00\",\"description\":\"Disclaimer Manuka New Zealand - EON Health B.V.\",\"breadcrumb\":{\"@id\":\"https:\\\/\\\/www.manukanewzealand.com\\\/disclaimer\\\/#breadcrumb\"},\"inLanguage\":\"es\",\"potentialAction\":[{\"@type\":\"ReadAction\",\"target\":[\"https:\\\/\\\/www.manukanewzealand.com\\\/disclaimer\\\/\"]}]},{\"@type\":\"BreadcrumbList\",\"@id\":\"https:\\\/\\\/www.manukanewzealand.com\\\/disclaimer\\\/#breadcrumb\",\"itemListElement\":[{\"@type\":\"ListItem\",\"position\":1,\"name\":\"Home\",\"item\":\"https:\\\/\\\/www.manukanewzealand.com\\\/\"},{\"@type\":\"ListItem\",\"position\":2,\"name\":\"Disclaimer\"}]},{\"@type\":\"WebSite\",\"@id\":\"https:\\\/\\\/www.manukanewzealand.com\\\/es\\\/#website\",\"url\":\"https:\\\/\\\/www.manukanewzealand.com\\\/es\\\/\",\"name\":\"MNZ - Manuka New Zealand - The Best Raw Manuka Honey | Global\",\"description\":\"\",\"publisher\":{\"@id\":\"https:\\\/\\\/www.manukanewzealand.com\\\/es\\\/#organization\"},\"potentialAction\":[{\"@type\":\"SearchAction\",\"target\":{\"@type\":\"EntryPoint\",\"urlTemplate\":\"https:\\\/\\\/www.manukanewzealand.com\\\/es\\\/?s={search_term_string}\"},\"query-input\":{\"@type\":\"PropertyValueSpecification\",\"valueRequired\":true,\"valueName\":\"search_term_string\"}}],\"inLanguage\":\"es\"},{\"@type\":\"Organization\",\"@id\":\"https:\\\/\\\/www.manukanewzealand.com\\\/es\\\/#organization\",\"name\":\"MNZ - Manuka New Zealand - The Best Raw Manuka Honey | Global\",\"url\":\"https:\\\/\\\/www.manukanewzealand.com\\\/es\\\/\",\"logo\":{\"@type\":\"ImageObject\",\"inLanguage\":\"es\",\"@id\":\"https:\\\/\\\/www.manukanewzealand.com\\\/es\\\/#\\\/schema\\\/logo\\\/image\\\/\",\"url\":\"https:\\\/\\\/www.manukanewzealand.com\\\/wp-content\\\/uploads\\\/2022\\\/11\\\/mnz-logo-200x200-1-1.png\",\"contentUrl\":\"https:\\\/\\\/www.manukanewzealand.com\\\/wp-content\\\/uploads\\\/2022\\\/11\\\/mnz-logo-200x200-1-1.png\",\"width\":200,\"height\":200,\"caption\":\"MNZ - Manuka New Zealand - The Best Raw Manuka Honey | Global\"},\"image\":{\"@id\":\"https:\\\/\\\/www.manukanewzealand.com\\\/es\\\/#\\\/schema\\\/logo\\\/image\\\/\"}}]}<\/script>\n<!-- \/ Yoast SEO plugin. -->","yoast_head_json":{"title":"Descargo de responsabilidad - MNZ - Manuka Nueva Zelanda - La mejor miel de Manuka cruda | Global","description":"Descargo de responsabilidad Manuka Nueva Zelanda - EON Health B.V.","robots":{"index":"noindex","follow":"nofollow"},"og_locale":"es_MX","og_type":"article","og_title":"Disclaimer - MNZ - Manuka New Zealand - The Best Raw Manuka Honey | Global","og_description":"Disclaimer Manuka New Zealand - EON Health B.V.","og_url":"https:\/\/www.manukanewzealand.com\/es\/disclaimer\/","og_site_name":"MNZ - Manuka New Zealand - The Best Raw Manuka Honey | Global","article_modified_time":"2026-02-18T14:41:00+00:00","og_image":[{"width":200,"height":200,"url":"https:\/\/www.manukanewzealand.com\/wp-content\/uploads\/2022\/11\/mnz-logo-200x200-1-1.png","type":"image\/png"}],"twitter_card":"summary_large_image","twitter_misc":{"Tiempo de lectura":"2 minutos"},"schema":{"@context":"https:\/\/schema.org","@graph":[{"@type":"WebPage","@id":"https:\/\/www.manukanewzealand.com\/disclaimer\/","url":"https:\/\/www.manukanewzealand.com\/disclaimer\/","name":"Descargo de responsabilidad - MNZ - Manuka Nueva Zelanda - La mejor miel de Manuka cruda | Global","isPartOf":{"@id":"https:\/\/www.manukanewzealand.com\/es\/#website"},"datePublished":"2019-08-14T11:53:44+00:00","dateModified":"2026-02-18T14:41:00+00:00","description":"Descargo de responsabilidad Manuka Nueva Zelanda - EON Health B.V.","breadcrumb":{"@id":"https:\/\/www.manukanewzealand.com\/disclaimer\/#breadcrumb"},"inLanguage":"es","potentialAction":[{"@type":"ReadAction","target":["https:\/\/www.manukanewzealand.com\/disclaimer\/"]}]},{"@type":"BreadcrumbList","@id":"https:\/\/www.manukanewzealand.com\/disclaimer\/#breadcrumb","itemListElement":[{"@type":"ListItem","position":1,"name":"Home","item":"https:\/\/www.manukanewzealand.com\/"},{"@type":"ListItem","position":2,"name":"Disclaimer"}]},{"@type":"WebSite","@id":"https:\/\/www.manukanewzealand.com\/es\/#website","url":"https:\/\/www.manukanewzealand.com\/es\/","name":"MNZ - Manuka Nueva Zelanda - La mejor miel de Manuka cruda | Global","description":"","publisher":{"@id":"https:\/\/www.manukanewzealand.com\/es\/#organization"},"potentialAction":[{"@type":"SearchAction","target":{"@type":"EntryPoint","urlTemplate":"https:\/\/www.manukanewzealand.com\/es\/?s={search_term_string}"},"query-input":{"@type":"PropertyValueSpecification","valueRequired":true,"valueName":"search_term_string"}}],"inLanguage":"es"},{"@type":"Organization","@id":"https:\/\/www.manukanewzealand.com\/es\/#organization","name":"MNZ - Manuka Nueva Zelanda - La mejor miel de Manuka cruda | Global","url":"https:\/\/www.manukanewzealand.com\/es\/","logo":{"@type":"ImageObject","inLanguage":"es","@id":"https:\/\/www.manukanewzealand.com\/es\/#\/schema\/logo\/image\/","url":"https:\/\/www.manukanewzealand.com\/wp-content\/uploads\/2022\/11\/mnz-logo-200x200-1-1.png","contentUrl":"https:\/\/www.manukanewzealand.com\/wp-content\/uploads\/2022\/11\/mnz-logo-200x200-1-1.png","width":200,"height":200,"caption":"MNZ - Manuka New Zealand - The Best Raw Manuka Honey | Global"},"image":{"@id":"https:\/\/www.manukanewzealand.com\/es\/#\/schema\/logo\/image\/"}}]}},"_links":{"self":[{"href":"https:\/\/www.manukanewzealand.com\/es\/wp-json\/wp\/v2\/pages\/28891","targetHints":{"allow":["GET"]}}],"collection":[{"href":"https:\/\/www.manukanewzealand.com\/es\/wp-json\/wp\/v2\/pages"}],"about":[{"href":"https:\/\/www.manukanewzealand.com\/es\/wp-json\/wp\/v2\/types\/page"}],"author":[{"embeddable":true,"href":"https:\/\/www.manukanewzealand.com\/es\/wp-json\/wp\/v2\/users\/2"}],"replies":[{"embeddable":true,"href":"https:\/\/www.manukanewzealand.com\/es\/wp-json\/wp\/v2\/comments?post=28891"}],"version-history":[{"count":3,"href":"https:\/\/www.manukanewzealand.com\/es\/wp-json\/wp\/v2\/pages\/28891\/revisions"}],"predecessor-version":[{"id":35317,"href":"https:\/\/www.manukanewzealand.com\/es\/wp-json\/wp\/v2\/pages\/28891\/revisions\/35317"}],"wp:attachment":[{"href":"https:\/\/www.manukanewzealand.com\/es\/wp-json\/wp\/v2\/media?parent=28891"}],"curies":[{"name":"wp","href":"https:\/\/api.w.org\/{rel}","templated":true}]}}